{"id":39,"date":"2020-10-16T11:31:24","date_gmt":"2020-10-16T11:31:24","guid":{"rendered":"http:\/\/localhost\/nb-dev\/?page_id=39"},"modified":"2025-09-07T16:59:25","modified_gmt":"2025-09-07T15:59:25","slug":"home-test","status":"publish","type":"page","link":"https:\/\/naturalbohemia.cz\/en\/","title":{"rendered":"Home"},"content":{"rendered":"<p>craft soap made with passion<\/p>","protected":false},"excerpt":{"rendered":"<p>craft soap made with passion<\/p>","protected":false},"author":1,"featured_media":276,"parent":0,"menu_order":0,"comment_status":"closed","ping_status":"closed","template":"","meta":{"footnotes":""},"class_list":["post-39","page","type-page","status-publish","has-post-thumbnail","hentry"],"yoast_head":"<!-- This site is optimized with the Yoast SEO plugin v25.9 - https:\/\/yoast.com\/wordpress\/plugins\/seo\/ -->\n<title>Natural Bohemia - \u0159emesln\u00e1 m\u00fddla s v\u00e1\u0161n\u00ed<\/title>\n<meta name=\"description\" content=\"Ru\u010dn\u011b vyr\u00e1b\u011bn\u00e1 p\u0159\u00edrodn\u00ed m\u00fddla z \u010ceska a Umbrie. Tradi\u010dn\u00ed postupy, lok\u00e1ln\u00ed suroviny a l\u00e1ska k \u0159emeslu \u2013 m\u00fddl\u00e1rna Petrovice u Kutn\u00e9 Hory.\" \/>\n<meta name=\"robots\" content=\"index, follow, max-snippet:-1, max-image-preview:large, max-video-preview:-1\" \/>\n<link rel=\"canonical\" href=\"https:\/\/naturalbohemia.cz\/en\/\" \/>\n<meta property=\"og:locale\" content=\"en_US\" \/>\n<meta property=\"og:type\" content=\"article\" \/>\n<meta property=\"og:title\" content=\"Natural Bohemia - \u0159emesln\u00e1 m\u00fddla s v\u00e1\u0161n\u00ed\" \/>\n<meta property=\"og:description\" content=\"Ru\u010dn\u011b vyr\u00e1b\u011bn\u00e1 p\u0159\u00edrodn\u00ed m\u00fddla z \u010ceska a Umbrie. Tradi\u010dn\u00ed postupy, lok\u00e1ln\u00ed suroviny a l\u00e1ska k \u0159emeslu \u2013 m\u00fddl\u00e1rna Petrovice u Kutn\u00e9 Hory.\" \/>\n<meta property=\"og:url\" content=\"https:\/\/naturalbohemia.cz\/en\/\" \/>\n<meta property=\"og:site_name\" content=\"Natural Bohemia\" \/>\n<meta property=\"article:publisher\" content=\"https:\/\/www.facebook.com\/naturalbohemia\/\" \/>\n<meta property=\"article:modified_time\" content=\"2025-09-07T15:59:25+00:00\" \/>\n<meta property=\"og:image\" content=\"https:\/\/naturalbohemia.cz\/wp-content\/uploads\/2021\/02\/main_background_bosorka-scaled.jpg\" \/>\n\t<meta property=\"og:image:width\" content=\"2560\" \/>\n\t<meta property=\"og:image:height\" content=\"1920\" \/>\n\t<meta property=\"og:image:type\" content=\"image\/jpeg\" \/>\n<meta name=\"twitter:card\" content=\"summary_large_image\" \/>\n<script type=\"application\/ld+json\" class=\"yoast-schema-graph\">{\"@context\":\"https:\/\/schema.org\",\"@graph\":[{\"@type\":\"WebPage\",\"@id\":\"https:\/\/naturalbohemia.cz\/\",\"url\":\"https:\/\/naturalbohemia.cz\/\",\"name\":\"Natural Bohemia - \u0159emesln\u00e1 m\u00fddla s v\u00e1\u0161n\u00ed\",\"isPartOf\":{\"@id\":\"https:\/\/naturalbohemia.cz\/en\/#website\"},\"primaryImageOfPage\":{\"@id\":\"https:\/\/naturalbohemia.cz\/#primaryimage\"},\"image\":{\"@id\":\"https:\/\/naturalbohemia.cz\/#primaryimage\"},\"thumbnailUrl\":\"https:\/\/i0.wp.com\/naturalbohemia.cz\/wp-content\/uploads\/2021\/02\/main_background_bosorka-scaled.jpg?fit=2560%2C1920&ssl=1\",\"datePublished\":\"2020-10-16T11:31:24+00:00\",\"dateModified\":\"2025-09-07T15:59:25+00:00\",\"description\":\"Ru\u010dn\u011b vyr\u00e1b\u011bn\u00e1 p\u0159\u00edrodn\u00ed m\u00fddla z \u010ceska a Umbrie. Tradi\u010dn\u00ed postupy, lok\u00e1ln\u00ed suroviny a l\u00e1ska k \u0159emeslu \u2013 m\u00fddl\u00e1rna Petrovice u Kutn\u00e9 Hory.\",\"breadcrumb\":{\"@id\":\"https:\/\/naturalbohemia.cz\/#breadcrumb\"},\"inLanguage\":\"en-US\",\"potentialAction\":[{\"@type\":\"ReadAction\",\"target\":[\"https:\/\/naturalbohemia.cz\/\"]}]},{\"@type\":\"ImageObject\",\"inLanguage\":\"en-US\",\"@id\":\"https:\/\/naturalbohemia.cz\/#primaryimage\",\"url\":\"https:\/\/i0.wp.com\/naturalbohemia.cz\/wp-content\/uploads\/2021\/02\/main_background_bosorka-scaled.jpg?fit=2560%2C1920&ssl=1\",\"contentUrl\":\"https:\/\/i0.wp.com\/naturalbohemia.cz\/wp-content\/uploads\/2021\/02\/main_background_bosorka-scaled.jpg?fit=2560%2C1920&ssl=1\",\"width\":2560,\"height\":1920},{\"@type\":\"BreadcrumbList\",\"@id\":\"https:\/\/naturalbohemia.cz\/#breadcrumb\",\"itemListElement\":[{\"@type\":\"ListItem\",\"position\":1,\"name\":\"Dom\u016f\",\"item\":\"https:\/\/naturalbohemia.cz\/\"},{\"@type\":\"ListItem\",\"position\":2,\"name\":\"Home\"}]},{\"@type\":\"WebSite\",\"@id\":\"https:\/\/naturalbohemia.cz\/en\/#website\",\"url\":\"https:\/\/naturalbohemia.cz\/en\/\",\"name\":\"Natural Bohemia\",\"description\":\"v\u00fdroba \u0159emesln\u00fdch m\u00fddel tvo\u0159en\u00fdch s v\u00e1\u0161n\u00ed\",\"publisher\":{\"@id\":\"https:\/\/naturalbohemia.cz\/en\/#organization\"},\"potentialAction\":[{\"@type\":\"SearchAction\",\"target\":{\"@type\":\"EntryPoint\",\"urlTemplate\":\"https:\/\/naturalbohemia.cz\/en\/?s={search_term_string}\"},\"query-input\":{\"@type\":\"PropertyValueSpecification\",\"valueRequired\":true,\"valueName\":\"search_term_string\"}}],\"inLanguage\":\"en-US\"},{\"@type\":\"Organization\",\"@id\":\"https:\/\/naturalbohemia.cz\/en\/#organization\",\"name\":\"Natural Bohemia\",\"url\":\"https:\/\/naturalbohemia.cz\/en\/\",\"logo\":{\"@type\":\"ImageObject\",\"inLanguage\":\"en-US\",\"@id\":\"https:\/\/naturalbohemia.cz\/en\/#\/schema\/logo\/image\/\",\"url\":\"https:\/\/naturalbohemia.cz\/wp-content\/uploads\/2021\/01\/NB_logo_v4.png\",\"contentUrl\":\"https:\/\/naturalbohemia.cz\/wp-content\/uploads\/2021\/01\/NB_logo_v4.png\",\"width\":2000,\"height\":789,\"caption\":\"Natural Bohemia\"},\"image\":{\"@id\":\"https:\/\/naturalbohemia.cz\/en\/#\/schema\/logo\/image\/\"},\"sameAs\":[\"https:\/\/www.facebook.com\/naturalbohemia\/\",\"https:\/\/www.instagram.com\/naturalbohemia\/\"]}]}<\/script>\n<!-- \/ Yoast SEO plugin. -->","yoast_head_json":{"title":"Natural Bohemia - \u0159emesln\u00e1 m\u00fddla s v\u00e1\u0161n\u00ed","description":"Ru\u010dn\u011b vyr\u00e1b\u011bn\u00e1 p\u0159\u00edrodn\u00ed m\u00fddla z \u010ceska a Umbrie. Tradi\u010dn\u00ed postupy, lok\u00e1ln\u00ed suroviny a l\u00e1ska k \u0159emeslu \u2013 m\u00fddl\u00e1rna Petrovice u Kutn\u00e9 Hory.","robots":{"index":"index","follow":"follow","max-snippet":"max-snippet:-1","max-image-preview":"max-image-preview:large","max-video-preview":"max-video-preview:-1"},"canonical":"https:\/\/naturalbohemia.cz\/en\/","og_locale":"en_US","og_type":"article","og_title":"Natural Bohemia - \u0159emesln\u00e1 m\u00fddla s v\u00e1\u0161n\u00ed","og_description":"Ru\u010dn\u011b vyr\u00e1b\u011bn\u00e1 p\u0159\u00edrodn\u00ed m\u00fddla z \u010ceska a Umbrie. Tradi\u010dn\u00ed postupy, lok\u00e1ln\u00ed suroviny a l\u00e1ska k \u0159emeslu \u2013 m\u00fddl\u00e1rna Petrovice u Kutn\u00e9 Hory.","og_url":"https:\/\/naturalbohemia.cz\/en\/","og_site_name":"Natural Bohemia","article_publisher":"https:\/\/www.facebook.com\/naturalbohemia\/","article_modified_time":"2025-09-07T15:59:25+00:00","og_image":[{"width":2560,"height":1920,"url":"https:\/\/naturalbohemia.cz\/wp-content\/uploads\/2021\/02\/main_background_bosorka-scaled.jpg","type":"image\/jpeg"}],"twitter_card":"summary_large_image","schema":{"@context":"https:\/\/schema.org","@graph":[{"@type":"WebPage","@id":"https:\/\/naturalbohemia.cz\/","url":"https:\/\/naturalbohemia.cz\/","name":"Natural Bohemia - \u0159emesln\u00e1 m\u00fddla s v\u00e1\u0161n\u00ed","isPartOf":{"@id":"https:\/\/naturalbohemia.cz\/en\/#website"},"primaryImageOfPage":{"@id":"https:\/\/naturalbohemia.cz\/#primaryimage"},"image":{"@id":"https:\/\/naturalbohemia.cz\/#primaryimage"},"thumbnailUrl":"https:\/\/i0.wp.com\/naturalbohemia.cz\/wp-content\/uploads\/2021\/02\/main_background_bosorka-scaled.jpg?fit=2560%2C1920&ssl=1","datePublished":"2020-10-16T11:31:24+00:00","dateModified":"2025-09-07T15:59:25+00:00","description":"Ru\u010dn\u011b vyr\u00e1b\u011bn\u00e1 p\u0159\u00edrodn\u00ed m\u00fddla z \u010ceska a Umbrie. Tradi\u010dn\u00ed postupy, lok\u00e1ln\u00ed suroviny a l\u00e1ska k \u0159emeslu \u2013 m\u00fddl\u00e1rna Petrovice u Kutn\u00e9 Hory.","breadcrumb":{"@id":"https:\/\/naturalbohemia.cz\/#breadcrumb"},"inLanguage":"en-US","potentialAction":[{"@type":"ReadAction","target":["https:\/\/naturalbohemia.cz\/"]}]},{"@type":"ImageObject","inLanguage":"en-US","@id":"https:\/\/naturalbohemia.cz\/#primaryimage","url":"https:\/\/i0.wp.com\/naturalbohemia.cz\/wp-content\/uploads\/2021\/02\/main_background_bosorka-scaled.jpg?fit=2560%2C1920&ssl=1","contentUrl":"https:\/\/i0.wp.com\/naturalbohemia.cz\/wp-content\/uploads\/2021\/02\/main_background_bosorka-scaled.jpg?fit=2560%2C1920&ssl=1","width":2560,"height":1920},{"@type":"BreadcrumbList","@id":"https:\/\/naturalbohemia.cz\/#breadcrumb","itemListElement":[{"@type":"ListItem","position":1,"name":"Dom\u016f","item":"https:\/\/naturalbohemia.cz\/"},{"@type":"ListItem","position":2,"name":"Home"}]},{"@type":"WebSite","@id":"https:\/\/naturalbohemia.cz\/en\/#website","url":"https:\/\/naturalbohemia.cz\/en\/","name":"Natural Bohemia","description":"v\u00fdroba \u0159emesln\u00fdch m\u00fddel tvo\u0159en\u00fdch s v\u00e1\u0161n\u00ed","publisher":{"@id":"https:\/\/naturalbohemia.cz\/en\/#organization"},"potentialAction":[{"@type":"SearchAction","target":{"@type":"EntryPoint","urlTemplate":"https:\/\/naturalbohemia.cz\/en\/?s={search_term_string}"},"query-input":{"@type":"PropertyValueSpecification","valueRequired":true,"valueName":"search_term_string"}}],"inLanguage":"en-US"},{"@type":"Organization","@id":"https:\/\/naturalbohemia.cz\/en\/#organization","name":"Natural Bohemia","url":"https:\/\/naturalbohemia.cz\/en\/","logo":{"@type":"ImageObject","inLanguage":"en-US","@id":"https:\/\/naturalbohemia.cz\/en\/#\/schema\/logo\/image\/","url":"https:\/\/naturalbohemia.cz\/wp-content\/uploads\/2021\/01\/NB_logo_v4.png","contentUrl":"https:\/\/naturalbohemia.cz\/wp-content\/uploads\/2021\/01\/NB_logo_v4.png","width":2000,"height":789,"caption":"Natural Bohemia"},"image":{"@id":"https:\/\/naturalbohemia.cz\/en\/#\/schema\/logo\/image\/"},"sameAs":["https:\/\/www.facebook.com\/naturalbohemia\/","https:\/\/www.instagram.com\/naturalbohemia\/"]}]}},"jetpack_sharing_enabled":true,"_links":{"self":[{"href":"https:\/\/naturalbohemia.cz\/en\/wp-json\/wp\/v2\/pages\/39","targetHints":{"allow":["GET"]}}],"collection":[{"href":"https:\/\/naturalbohemia.cz\/en\/wp-json\/wp\/v2\/pages"}],"about":[{"href":"https:\/\/naturalbohemia.cz\/en\/wp-json\/wp\/v2\/types\/page"}],"author":[{"embeddable":true,"href":"https:\/\/naturalbohemia.cz\/en\/wp-json\/wp\/v2\/users\/1"}],"replies":[{"embeddable":true,"href":"https:\/\/naturalbohemia.cz\/en\/wp-json\/wp\/v2\/comments?post=39"}],"version-history":[{"count":11,"href":"https:\/\/naturalbohemia.cz\/en\/wp-json\/wp\/v2\/pages\/39\/revisions"}],"predecessor-version":[{"id":459,"href":"https:\/\/naturalbohemia.cz\/en\/wp-json\/wp\/v2\/pages\/39\/revisions\/459"}],"wp:featuredmedia":[{"embeddable":true,"href":"https:\/\/naturalbohemia.cz\/en\/wp-json\/wp\/v2\/media\/276"}],"wp:attachment":[{"href":"https:\/\/naturalbohemia.cz\/en\/wp-json\/wp\/v2\/media?parent=39"}],"curies":[{"name":"wp","href":"https:\/\/api.w.org\/{rel}","templated":true}]}}