{"id":1030,"date":"2026-03-08T11:28:40","date_gmt":"2026-03-08T10:28:40","guid":{"rendered":"https:\/\/naturalbohemia.cz\/?post_type=product&#038;p=1030"},"modified":"2026-03-08T20:32:18","modified_gmt":"2026-03-08T19:32:18","slug":"gambit","status":"publish","type":"product","link":"https:\/\/naturalbohemia.cz\/en\/product\/gambit\/","title":{"rendered":"Gambit 100 ml"},"content":{"rendered":"<p>**T\u011blov\u00fd uklid\u0148uj\u00edc\u00ed olej**<\/p>\n<p>&nbsp;<\/p>\n<p>P\u0159in\u00e1\u0161\u00ed klid v ka\u017ed\u00e9 kapce tohoto t\u011blov\u00e9ho oleje, kter\u00fd zklid\u0148uje poko\u017eku i du\u0161i. Lehk\u00fd meru\u0148kov\u00fd olej se snadno nan\u00e1\u0161\u00ed na t\u011blo a dod\u00e1v\u00e1 mu esenci\u00e1ln\u00ed vitam\u00edny A a E, kter\u00e9 vy\u017eivuj\u00ed, zjem\u0148uj\u00ed a navracej\u00ed zdrav\u00fd lesk i t\u00e9 nejsu\u0161\u0161\u00ed poko\u017ece.<\/p>\n<p>&nbsp;<\/p>\n<p>Sm\u011bs esenci\u00e1ln\u00edch olej\u016f evokuje klid posv\u00e1tn\u00fdch m\u00edst a horsk\u00fdch les\u016f. Tepl\u00e9, d\u0159evit\u00e9 t\u00f3ny him\u00e1lajsk\u00e9ho cedru a santalov\u00e9ho d\u0159eva vytv\u00e1\u0159ej\u00ed meditativn\u00ed z\u00e1klad, kter\u00fd je umocn\u011bn sladkou, prysky\u0159i\u010dnou hloubkou Nag champy. Sv\u011b\u017e\u00ed balz\u00e1mov\u00e1 jedle p\u0159in\u00e1\u0161\u00ed sv\u011b\u017eest st\u00e1lezelen\u00fdch h\u00e1j\u016f, zat\u00edmco jasn\u00e1 citronov\u00e1 v\u016fn\u011b dod\u00e1v\u00e1 povzn\u00e1\u0161ej\u00edc\u00ed jasnost, kter\u00e1 vyva\u017euje bohatost d\u0159evin.<\/p>\n<p>&nbsp;<\/p>\n<p>**V\u00fdhody:**<\/p>\n<p>&#8211; Rychle se vst\u0159eb\u00e1v\u00e1 bez t\u011b\u017ek\u00fdch zbytk\u016f, ide\u00e1ln\u00ed pro v\u0161echny typy pleti.<\/p>\n<p>&#8211; Obsahuje antioxidanty, kter\u00e9 chr\u00e1n\u00ed a omlazuj\u00ed poko\u017eku.<\/p>\n<p>&#8211; Pom\u00e1h\u00e1 zlep\u0161it t\u00f3n a strukturu pleti.<\/p>\n<p>&#8211; D\u0159evit\u00e9 aromatick\u00e9 l\u00e1tky podporuj\u00ed hlubokou relaxaci a uvoln\u011bn\u00ed od stresu.<\/p>\n<p>&#8211; Uzem\u0148uj\u00edc\u00ed v\u016fn\u011b podporuje meditaci a praktiky v\u0161\u00edmavosti.<\/p>\n<p>&#8211; Balz\u00e1mov\u00e1 jedle podporuje d\u00fdch\u00e1n\u00ed a du\u0161evn\u00ed soust\u0159ed\u011bn\u00ed.<\/p>\n<p>&#8211; Santalov\u00e9 d\u0159evo a cedr p\u0159irozen\u011b zklid\u0148uj\u00ed podr\u00e1\u017ed\u011bnou poko\u017eku.<\/p>\n<p>&nbsp;<\/p>\n<p>Vmas\u00edrujte do \u010dist\u00e9, je\u0161t\u011b m\u00edrn\u011b vlhk\u00e9 poko\u017eky, aby se olej kr\u00e1sn\u011b vst\u0159ebal . Pou\u017e\u00edvejte p\u0159ed span\u00edm jako uklid\u0148uj\u00edc\u00ed ritu\u00e1l nebo po j\u00f3ze a meditaci, prodlou\u017ei\u00edte si t\u00edm pocit vnit\u0159n\u00edho klidu po cel\u00fd den.<\/p>\n<p>&nbsp;<\/p>\n<p>Slo\u017een\u00ed INCI:<\/p>\n<p>Ingredients: Caprylic\/Capric Triglyceride, Coco-Caprylate, Prunus Armeniaca Kernel Oil, Prunus Amygdalus Dulcis Oil, Triticum Vulgare Germ Oil, Tocopheryl Acetate, Tocopherol, Cedrus Deodara Wood Oil, Plumeria Pudica Flower Oil, Citrus Limon Peel Oil, Santalum Spicatum Wood Oil, Abies Balsamea Needle Oil, Limonene, Citral, Farnesol, Linalool, Citronellol, Terpineol, Geraniol, Beta-Caryophyllene, Pinene, Terpinolene, Santalol<\/p>\n<p>&nbsp;<\/p>\n<p>ENGLISH<\/p>\n<p>**Serenity Body Oil**<\/p>\n<p>&nbsp;<\/p>\n<p>Experience tranquility in every drop with this calming body oil that soothes both skin and spirit. Lightweight apricot oil glides effortlessly across your body, delivering essential vitamins A and E to nourish, soften, and restore a healthy glow to even the driest skin.<\/p>\n<p>&nbsp;<\/p>\n<p>The essential oil blend evokes the peace of sacred spaces and mountain forests. Warm, woody notes of Himalayan cedar and sandalwood create a meditative base, enhanced by the sweet, resinous depth of nag champa. Crisp balsam fir brings the freshness of evergreen groves, while bright lemon adds an uplifting clarity that balances the richness of the woods.<\/p>\n<p>&nbsp;<\/p>\n<p>**Benefits:**<\/p>\n<p>&#8211; Absorbs quickly without heavy residue, ideal for all skin types<\/p>\n<p>&#8211; Packed with antioxidants to protect and rejuvenate skin<\/p>\n<p>&#8211; Helps improve skin tone and texture<\/p>\n<p>&#8211; Woody aromatics promote deep relaxation and stress relief<\/p>\n<p>&#8211; Grounding scent enhances meditation and mindfulness practices<\/p>\n<p>&#8211; Balsam fir supports respiratory ease and mental focus<\/p>\n<p>&#8211; Sandalwood and cedar naturally soothe irritated skin<\/p>\n<p>&nbsp;<\/p>\n<p>Massage onto clean skin while still slightly damp, allowing the oil to seal in moisture. Use before bedtime to create a calming ritual, or apply after yoga and meditation to extend that sense of centered peace throughout your day.<\/p>\n<p>&nbsp;<\/p>","protected":false},"excerpt":{"rendered":"<p>**T\u011blov\u00fd uklid\u0148uj\u00edc\u00ed olej** &nbsp; P\u0159in\u00e1\u0161\u00ed klid v ka\u017ed\u00e9 kapce tohoto t\u011blov\u00e9ho oleje, kter\u00fd zklid\u0148uje poko\u017eku i du\u0161i. Lehk\u00fd meru\u0148kov\u00fd olej se snadno nan\u00e1\u0161\u00ed na t\u011blo a dod\u00e1v\u00e1 mu esenci\u00e1ln\u00ed vitam\u00edny A a E, kter\u00e9 vy\u017eivuj\u00ed, zjem\u0148uj\u00ed a navracej\u00ed zdrav\u00fd lesk i t\u00e9 nejsu\u0161\u0161\u00ed poko\u017ece. &nbsp; Sm\u011bs esenci\u00e1ln\u00edch olej\u016f evokuje klid posv\u00e1tn\u00fdch m\u00edst a horsk\u00fdch les\u016f. [&hellip;]<\/p>","protected":false},"featured_media":1033,"comment_status":"open","ping_status":"closed","template":"","meta":[],"product_brand":[],"product_cat":[69],"product_tag":[],"class_list":{"0":"post-1030","1":"product","2":"type-product","3":"status-publish","4":"has-post-thumbnail","6":"product_cat-telove-oleje","8":"first","9":"instock","10":"shipping-taxable","11":"purchasable","12":"product-type-simple"},"yoast_head":"<!-- This site is optimized with the Yoast SEO plugin v25.9 - https:\/\/yoast.com\/wordpress\/plugins\/seo\/ -->\n<title>Gambit 100 ml - Natural Bohemia<\/title>\n<meta name=\"robots\" content=\"index, follow, max-snippet:-1, max-image-preview:large, max-video-preview:-1\" \/>\n<link rel=\"canonical\" href=\"https:\/\/naturalbohemia.cz\/en\/product\/gambit\/\" \/>\n<meta property=\"og:locale\" content=\"en_US\" \/>\n<meta property=\"og:type\" content=\"article\" \/>\n<meta property=\"og:title\" content=\"Gambit 100 ml - Natural Bohemia\" \/>\n<meta property=\"og:description\" content=\"**T\u011blov\u00fd uklid\u0148uj\u00edc\u00ed olej** &nbsp; P\u0159in\u00e1\u0161\u00ed klid v ka\u017ed\u00e9 kapce tohoto t\u011blov\u00e9ho oleje, kter\u00fd zklid\u0148uje poko\u017eku i du\u0161i. Lehk\u00fd meru\u0148kov\u00fd olej se snadno nan\u00e1\u0161\u00ed na t\u011blo a dod\u00e1v\u00e1 mu esenci\u00e1ln\u00ed vitam\u00edny A a E, kter\u00e9 vy\u017eivuj\u00ed, zjem\u0148uj\u00ed a navracej\u00ed zdrav\u00fd lesk i t\u00e9 nejsu\u0161\u0161\u00ed poko\u017ece. &nbsp; Sm\u011bs esenci\u00e1ln\u00edch olej\u016f evokuje klid posv\u00e1tn\u00fdch m\u00edst a horsk\u00fdch les\u016f. [&hellip;]\" \/>\n<meta property=\"og:url\" content=\"https:\/\/naturalbohemia.cz\/en\/product\/gambit\/\" \/>\n<meta property=\"og:site_name\" content=\"Natural Bohemia\" \/>\n<meta property=\"article:publisher\" content=\"https:\/\/www.facebook.com\/naturalbohemia\/\" \/>\n<meta property=\"article:modified_time\" content=\"2026-03-08T19:32:18+00:00\" \/>\n<meta property=\"og:image\" content=\"https:\/\/naturalbohemia.cz\/wp-content\/uploads\/2026\/03\/naturalbohemia.1x1-0004-GAMBIT.single.jpg\" \/>\n\t<meta property=\"og:image:width\" content=\"2000\" \/>\n\t<meta property=\"og:image:height\" content=\"2000\" \/>\n\t<meta property=\"og:image:type\" content=\"image\/jpeg\" \/>\n<meta name=\"twitter:card\" content=\"summary_large_image\" \/>\n<script type=\"application\/ld+json\" class=\"yoast-schema-graph\">{\"@context\":\"https:\/\/schema.org\",\"@graph\":[{\"@type\":\"WebPage\",\"@id\":\"https:\/\/naturalbohemia.cz\/product\/gambit\/\",\"url\":\"https:\/\/naturalbohemia.cz\/product\/gambit\/\",\"name\":\"Gambit 100 ml - Natural Bohemia\",\"isPartOf\":{\"@id\":\"https:\/\/naturalbohemia.cz\/en\/#website\"},\"primaryImageOfPage\":{\"@id\":\"https:\/\/naturalbohemia.cz\/product\/gambit\/#primaryimage\"},\"image\":{\"@id\":\"https:\/\/naturalbohemia.cz\/product\/gambit\/#primaryimage\"},\"thumbnailUrl\":\"https:\/\/i0.wp.com\/naturalbohemia.cz\/wp-content\/uploads\/2026\/03\/naturalbohemia.1x1-0004-GAMBIT.single.jpg?fit=2000%2C2000&ssl=1\",\"datePublished\":\"2026-03-08T10:28:40+00:00\",\"dateModified\":\"2026-03-08T19:32:18+00:00\",\"breadcrumb\":{\"@id\":\"https:\/\/naturalbohemia.cz\/product\/gambit\/#breadcrumb\"},\"inLanguage\":\"en-US\",\"potentialAction\":[{\"@type\":\"ReadAction\",\"target\":[\"https:\/\/naturalbohemia.cz\/product\/gambit\/\"]}]},{\"@type\":\"ImageObject\",\"inLanguage\":\"en-US\",\"@id\":\"https:\/\/naturalbohemia.cz\/product\/gambit\/#primaryimage\",\"url\":\"https:\/\/i0.wp.com\/naturalbohemia.cz\/wp-content\/uploads\/2026\/03\/naturalbohemia.1x1-0004-GAMBIT.single.jpg?fit=2000%2C2000&ssl=1\",\"contentUrl\":\"https:\/\/i0.wp.com\/naturalbohemia.cz\/wp-content\/uploads\/2026\/03\/naturalbohemia.1x1-0004-GAMBIT.single.jpg?fit=2000%2C2000&ssl=1\",\"width\":2000,\"height\":2000},{\"@type\":\"BreadcrumbList\",\"@id\":\"https:\/\/naturalbohemia.cz\/product\/gambit\/#breadcrumb\",\"itemListElement\":[{\"@type\":\"ListItem\",\"position\":1,\"name\":\"Dom\u016f\",\"item\":\"https:\/\/naturalbohemia.cz\/\"},{\"@type\":\"ListItem\",\"position\":2,\"name\":\"obchod\",\"item\":\"https:\/\/naturalbohemia.cz\/en\/shop\/\"},{\"@type\":\"ListItem\",\"position\":3,\"name\":\"Gambit 100 ml\"}]},{\"@type\":\"WebSite\",\"@id\":\"https:\/\/naturalbohemia.cz\/en\/#website\",\"url\":\"https:\/\/naturalbohemia.cz\/en\/\",\"name\":\"Natural Bohemia\",\"description\":\"v\u00fdroba \u0159emesln\u00fdch m\u00fddel tvo\u0159en\u00fdch s v\u00e1\u0161n\u00ed\",\"publisher\":{\"@id\":\"https:\/\/naturalbohemia.cz\/en\/#organization\"},\"potentialAction\":[{\"@type\":\"SearchAction\",\"target\":{\"@type\":\"EntryPoint\",\"urlTemplate\":\"https:\/\/naturalbohemia.cz\/en\/?s={search_term_string}\"},\"query-input\":{\"@type\":\"PropertyValueSpecification\",\"valueRequired\":true,\"valueName\":\"search_term_string\"}}],\"inLanguage\":\"en-US\"},{\"@type\":\"Organization\",\"@id\":\"https:\/\/naturalbohemia.cz\/en\/#organization\",\"name\":\"Natural Bohemia\",\"url\":\"https:\/\/naturalbohemia.cz\/en\/\",\"logo\":{\"@type\":\"ImageObject\",\"inLanguage\":\"en-US\",\"@id\":\"https:\/\/naturalbohemia.cz\/en\/#\/schema\/logo\/image\/\",\"url\":\"https:\/\/naturalbohemia.cz\/wp-content\/uploads\/2021\/01\/NB_logo_v4.png\",\"contentUrl\":\"https:\/\/naturalbohemia.cz\/wp-content\/uploads\/2021\/01\/NB_logo_v4.png\",\"width\":2000,\"height\":789,\"caption\":\"Natural Bohemia\"},\"image\":{\"@id\":\"https:\/\/naturalbohemia.cz\/en\/#\/schema\/logo\/image\/\"},\"sameAs\":[\"https:\/\/www.facebook.com\/naturalbohemia\/\",\"https:\/\/www.instagram.com\/naturalbohemia\/\"]}]}<\/script>\n<!-- \/ Yoast SEO plugin. -->","yoast_head_json":{"title":"Gambit 100 ml - Natural Bohemia","robots":{"index":"index","follow":"follow","max-snippet":"max-snippet:-1","max-image-preview":"max-image-preview:large","max-video-preview":"max-video-preview:-1"},"canonical":"https:\/\/naturalbohemia.cz\/en\/product\/gambit\/","og_locale":"en_US","og_type":"article","og_title":"Gambit 100 ml - Natural Bohemia","og_description":"**T\u011blov\u00fd uklid\u0148uj\u00edc\u00ed olej** &nbsp; P\u0159in\u00e1\u0161\u00ed klid v ka\u017ed\u00e9 kapce tohoto t\u011blov\u00e9ho oleje, kter\u00fd zklid\u0148uje poko\u017eku i du\u0161i. Lehk\u00fd meru\u0148kov\u00fd olej se snadno nan\u00e1\u0161\u00ed na t\u011blo a dod\u00e1v\u00e1 mu esenci\u00e1ln\u00ed vitam\u00edny A a E, kter\u00e9 vy\u017eivuj\u00ed, zjem\u0148uj\u00ed a navracej\u00ed zdrav\u00fd lesk i t\u00e9 nejsu\u0161\u0161\u00ed poko\u017ece. &nbsp; Sm\u011bs esenci\u00e1ln\u00edch olej\u016f evokuje klid posv\u00e1tn\u00fdch m\u00edst a horsk\u00fdch les\u016f. [&hellip;]","og_url":"https:\/\/naturalbohemia.cz\/en\/product\/gambit\/","og_site_name":"Natural Bohemia","article_publisher":"https:\/\/www.facebook.com\/naturalbohemia\/","article_modified_time":"2026-03-08T19:32:18+00:00","og_image":[{"width":2000,"height":2000,"url":"https:\/\/naturalbohemia.cz\/wp-content\/uploads\/2026\/03\/naturalbohemia.1x1-0004-GAMBIT.single.jpg","type":"image\/jpeg"}],"twitter_card":"summary_large_image","schema":{"@context":"https:\/\/schema.org","@graph":[{"@type":"WebPage","@id":"https:\/\/naturalbohemia.cz\/product\/gambit\/","url":"https:\/\/naturalbohemia.cz\/product\/gambit\/","name":"Gambit 100 ml - Natural Bohemia","isPartOf":{"@id":"https:\/\/naturalbohemia.cz\/en\/#website"},"primaryImageOfPage":{"@id":"https:\/\/naturalbohemia.cz\/product\/gambit\/#primaryimage"},"image":{"@id":"https:\/\/naturalbohemia.cz\/product\/gambit\/#primaryimage"},"thumbnailUrl":"https:\/\/i0.wp.com\/naturalbohemia.cz\/wp-content\/uploads\/2026\/03\/naturalbohemia.1x1-0004-GAMBIT.single.jpg?fit=2000%2C2000&ssl=1","datePublished":"2026-03-08T10:28:40+00:00","dateModified":"2026-03-08T19:32:18+00:00","breadcrumb":{"@id":"https:\/\/naturalbohemia.cz\/product\/gambit\/#breadcrumb"},"inLanguage":"en-US","potentialAction":[{"@type":"ReadAction","target":["https:\/\/naturalbohemia.cz\/product\/gambit\/"]}]},{"@type":"ImageObject","inLanguage":"en-US","@id":"https:\/\/naturalbohemia.cz\/product\/gambit\/#primaryimage","url":"https:\/\/i0.wp.com\/naturalbohemia.cz\/wp-content\/uploads\/2026\/03\/naturalbohemia.1x1-0004-GAMBIT.single.jpg?fit=2000%2C2000&ssl=1","contentUrl":"https:\/\/i0.wp.com\/naturalbohemia.cz\/wp-content\/uploads\/2026\/03\/naturalbohemia.1x1-0004-GAMBIT.single.jpg?fit=2000%2C2000&ssl=1","width":2000,"height":2000},{"@type":"BreadcrumbList","@id":"https:\/\/naturalbohemia.cz\/product\/gambit\/#breadcrumb","itemListElement":[{"@type":"ListItem","position":1,"name":"Dom\u016f","item":"https:\/\/naturalbohemia.cz\/"},{"@type":"ListItem","position":2,"name":"obchod","item":"https:\/\/naturalbohemia.cz\/en\/shop\/"},{"@type":"ListItem","position":3,"name":"Gambit 100 ml"}]},{"@type":"WebSite","@id":"https:\/\/naturalbohemia.cz\/en\/#website","url":"https:\/\/naturalbohemia.cz\/en\/","name":"Natural Bohemia","description":"v\u00fdroba \u0159emesln\u00fdch m\u00fddel tvo\u0159en\u00fdch s v\u00e1\u0161n\u00ed","publisher":{"@id":"https:\/\/naturalbohemia.cz\/en\/#organization"},"potentialAction":[{"@type":"SearchAction","target":{"@type":"EntryPoint","urlTemplate":"https:\/\/naturalbohemia.cz\/en\/?s={search_term_string}"},"query-input":{"@type":"PropertyValueSpecification","valueRequired":true,"valueName":"search_term_string"}}],"inLanguage":"en-US"},{"@type":"Organization","@id":"https:\/\/naturalbohemia.cz\/en\/#organization","name":"Natural Bohemia","url":"https:\/\/naturalbohemia.cz\/en\/","logo":{"@type":"ImageObject","inLanguage":"en-US","@id":"https:\/\/naturalbohemia.cz\/en\/#\/schema\/logo\/image\/","url":"https:\/\/naturalbohemia.cz\/wp-content\/uploads\/2021\/01\/NB_logo_v4.png","contentUrl":"https:\/\/naturalbohemia.cz\/wp-content\/uploads\/2021\/01\/NB_logo_v4.png","width":2000,"height":789,"caption":"Natural Bohemia"},"image":{"@id":"https:\/\/naturalbohemia.cz\/en\/#\/schema\/logo\/image\/"},"sameAs":["https:\/\/www.facebook.com\/naturalbohemia\/","https:\/\/www.instagram.com\/naturalbohemia\/"]}]}},"jetpack_sharing_enabled":true,"_links":{"self":[{"href":"https:\/\/naturalbohemia.cz\/en\/wp-json\/wp\/v2\/product\/1030","targetHints":{"allow":["GET"]}}],"collection":[{"href":"https:\/\/naturalbohemia.cz\/en\/wp-json\/wp\/v2\/product"}],"about":[{"href":"https:\/\/naturalbohemia.cz\/en\/wp-json\/wp\/v2\/types\/product"}],"replies":[{"embeddable":true,"href":"https:\/\/naturalbohemia.cz\/en\/wp-json\/wp\/v2\/comments?post=1030"}],"wp:featuredmedia":[{"embeddable":true,"href":"https:\/\/naturalbohemia.cz\/en\/wp-json\/wp\/v2\/media\/1033"}],"wp:attachment":[{"href":"https:\/\/naturalbohemia.cz\/en\/wp-json\/wp\/v2\/media?parent=1030"}],"wp:term":[{"taxonomy":"product_brand","embeddable":true,"href":"https:\/\/naturalbohemia.cz\/en\/wp-json\/wp\/v2\/product_brand?post=1030"},{"taxonomy":"product_cat","embeddable":true,"href":"https:\/\/naturalbohemia.cz\/en\/wp-json\/wp\/v2\/product_cat?post=1030"},{"taxonomy":"product_tag","embeddable":true,"href":"https:\/\/naturalbohemia.cz\/en\/wp-json\/wp\/v2\/product_tag?post=1030"}],"curies":[{"name":"wp","href":"https:\/\/api.w.org\/{rel}","templated":true}]}}