{"id":211,"date":"2021-01-01T15:44:22","date_gmt":"2021-01-01T14:44:22","guid":{"rendered":"http:\/\/localhost\/nb-dev\/?post_type=product&#038;p=211"},"modified":"2026-04-03T20:05:30","modified_gmt":"2026-04-03T19:05:30","slug":"ego-115-g-balene","status":"publish","type":"product","link":"https:\/\/naturalbohemia.cz\/en\/product\/ego-115-g-balene\/","title":{"rendered":"EGO 115g balen\u00e9"},"content":{"rendered":"<p>Although many believe the ego is only a source of trouble, Thanissaro Bhikkhu teaches that a healthy and functioning ego is an essential tool on the path to awakening.<\/p>\n<p>This soap contains a large amount of shea and cocoa butter. It is gentle, foams beautifully--you will moisturize and nurture your skin. A delicate, spicy scent for the gentleman that women love. A whole body soap. \n<br><br>\nMy ego is not me.<br>\nOne's soul is there to see.\n<br><br>\nBut wash I sometimes must,<br>\nto clean off crud and rust.\n<br><br>\nBest use on self good soap!<br>\nSo my soul will shine - I hope.<\/p>\n<p>The soap can be used on both the face and the whole body. Rice and castor oil soften the skin and promote beautiful foam when washing.<\/p>","protected":false},"excerpt":{"rendered":"<p>Cold process soap for men, 100% handmade.<\/p>","protected":false},"featured_media":302,"comment_status":"open","ping_status":"closed","template":"","meta":[],"product_brand":[],"product_cat":[23,35],"product_tag":[55,51,54],"class_list":{"0":"post-211","1":"product","2":"type-product","3":"status-publish","4":"has-post-thumbnail","6":"product_cat-mydla","7":"product_cat-pro-muze","8":"product_tag-rucni-vyroba","9":"product_tag-za-studena","10":"product_tag-zivocisne-prisady","12":"first","13":"outofstock","14":"shipping-taxable","15":"purchasable","16":"product-type-simple"},"yoast_head":"<!-- This site is optimized with the Yoast SEO plugin v25.9 - https:\/\/yoast.com\/wordpress\/plugins\/seo\/ -->\n<title>EGO 115g balen\u00e9 - Natural Bohemia<\/title>\n<meta name=\"description\" content=\"P\u0159\u00edrodn\u00ed m\u00fddlo obsahuj\u00edc\u00ed velk\u00e9 mno\u017estv\u00ed bambuck\u00e9ho a kakaov\u00e9ho m\u00e1sla. Jemn\u00e1 ko\u0159en\u011bn\u00e1 v\u016fn\u011b pro decentn\u00ed mu\u017ee jakou \u017eeny miluj\u00ed.\" \/>\n<meta name=\"robots\" content=\"index, follow, max-snippet:-1, max-image-preview:large, max-video-preview:-1\" \/>\n<link rel=\"canonical\" href=\"https:\/\/naturalbohemia.cz\/en\/product\/ego-115-g-balene\/\" \/>\n<meta property=\"og:locale\" content=\"en_US\" \/>\n<meta property=\"og:type\" content=\"article\" \/>\n<meta property=\"og:title\" content=\"EGO 115g balen\u00e9 - Natural Bohemia\" \/>\n<meta property=\"og:description\" content=\"P\u0159\u00edrodn\u00ed m\u00fddlo obsahuj\u00edc\u00ed velk\u00e9 mno\u017estv\u00ed bambuck\u00e9ho a kakaov\u00e9ho m\u00e1sla. Jemn\u00e1 ko\u0159en\u011bn\u00e1 v\u016fn\u011b pro decentn\u00ed mu\u017ee jakou \u017eeny miluj\u00ed.\" \/>\n<meta property=\"og:url\" content=\"https:\/\/naturalbohemia.cz\/en\/product\/ego-115-g-balene\/\" \/>\n<meta property=\"og:site_name\" content=\"Natural Bohemia\" \/>\n<meta property=\"article:publisher\" content=\"https:\/\/www.facebook.com\/naturalbohemia\/\" \/>\n<meta property=\"article:modified_time\" content=\"2026-04-03T19:05:30+00:00\" \/>\n<meta property=\"og:image\" content=\"https:\/\/naturalbohemia.cz\/wp-content\/uploads\/2021\/01\/Ego_08-scaled.jpg\" \/>\n\t<meta property=\"og:image:width\" content=\"2560\" \/>\n\t<meta property=\"og:image:height\" content=\"2560\" \/>\n\t<meta property=\"og:image:type\" content=\"image\/jpeg\" \/>\n<meta name=\"twitter:card\" content=\"summary_large_image\" \/>\n<script type=\"application\/ld+json\" class=\"yoast-schema-graph\">{\"@context\":\"https:\/\/schema.org\",\"@graph\":[{\"@type\":[\"WebPage\",\"ItemPage\"],\"@id\":\"https:\/\/naturalbohemia.cz\/product\/ego-115-g-balene\/\",\"url\":\"https:\/\/naturalbohemia.cz\/product\/ego-115-g-balene\/\",\"name\":\"EGO 115g balen\u00e9 - Natural Bohemia\",\"isPartOf\":{\"@id\":\"https:\/\/naturalbohemia.cz\/en\/#website\"},\"primaryImageOfPage\":{\"@id\":\"https:\/\/naturalbohemia.cz\/product\/ego-115-g-balene\/#primaryimage\"},\"image\":{\"@id\":\"https:\/\/naturalbohemia.cz\/product\/ego-115-g-balene\/#primaryimage\"},\"thumbnailUrl\":\"https:\/\/i0.wp.com\/naturalbohemia.cz\/wp-content\/uploads\/2021\/01\/Ego_08-scaled.jpg?fit=2560%2C2560&ssl=1\",\"datePublished\":\"2021-01-01T14:44:22+00:00\",\"dateModified\":\"2026-04-03T19:05:30+00:00\",\"description\":\"P\u0159\u00edrodn\u00ed m\u00fddlo obsahuj\u00edc\u00ed velk\u00e9 mno\u017estv\u00ed bambuck\u00e9ho a kakaov\u00e9ho m\u00e1sla. Jemn\u00e1 ko\u0159en\u011bn\u00e1 v\u016fn\u011b pro decentn\u00ed mu\u017ee jakou \u017eeny miluj\u00ed.\",\"breadcrumb\":{\"@id\":\"https:\/\/naturalbohemia.cz\/product\/ego-115-g-balene\/#breadcrumb\"},\"inLanguage\":\"en-US\",\"potentialAction\":[{\"@type\":\"ReadAction\",\"target\":[\"https:\/\/naturalbohemia.cz\/product\/ego-115-g-balene\/\"]}]},{\"@type\":\"ImageObject\",\"inLanguage\":\"en-US\",\"@id\":\"https:\/\/naturalbohemia.cz\/product\/ego-115-g-balene\/#primaryimage\",\"url\":\"https:\/\/i0.wp.com\/naturalbohemia.cz\/wp-content\/uploads\/2021\/01\/Ego_08-scaled.jpg?fit=2560%2C2560&ssl=1\",\"contentUrl\":\"https:\/\/i0.wp.com\/naturalbohemia.cz\/wp-content\/uploads\/2021\/01\/Ego_08-scaled.jpg?fit=2560%2C2560&ssl=1\",\"width\":2560,\"height\":2560},{\"@type\":\"BreadcrumbList\",\"@id\":\"https:\/\/naturalbohemia.cz\/product\/ego-115-g-balene\/#breadcrumb\",\"itemListElement\":[{\"@type\":\"ListItem\",\"position\":1,\"name\":\"Dom\u016f\",\"item\":\"https:\/\/naturalbohemia.cz\/\"},{\"@type\":\"ListItem\",\"position\":2,\"name\":\"obchod\",\"item\":\"https:\/\/naturalbohemia.cz\/en\/shop\/\"},{\"@type\":\"ListItem\",\"position\":3,\"name\":\"EGO 115g balen\u00e9\"}]},{\"@type\":\"WebSite\",\"@id\":\"https:\/\/naturalbohemia.cz\/en\/#website\",\"url\":\"https:\/\/naturalbohemia.cz\/en\/\",\"name\":\"Natural Bohemia\",\"description\":\"v\u00fdroba \u0159emesln\u00fdch m\u00fddel tvo\u0159en\u00fdch s v\u00e1\u0161n\u00ed\",\"publisher\":{\"@id\":\"https:\/\/naturalbohemia.cz\/en\/#organization\"},\"potentialAction\":[{\"@type\":\"SearchAction\",\"target\":{\"@type\":\"EntryPoint\",\"urlTemplate\":\"https:\/\/naturalbohemia.cz\/en\/?s={search_term_string}\"},\"query-input\":{\"@type\":\"PropertyValueSpecification\",\"valueRequired\":true,\"valueName\":\"search_term_string\"}}],\"inLanguage\":\"en-US\"},{\"@type\":\"Organization\",\"@id\":\"https:\/\/naturalbohemia.cz\/en\/#organization\",\"name\":\"Natural Bohemia\",\"url\":\"https:\/\/naturalbohemia.cz\/en\/\",\"logo\":{\"@type\":\"ImageObject\",\"inLanguage\":\"en-US\",\"@id\":\"https:\/\/naturalbohemia.cz\/en\/#\/schema\/logo\/image\/\",\"url\":\"https:\/\/naturalbohemia.cz\/wp-content\/uploads\/2021\/01\/NB_logo_v4.png\",\"contentUrl\":\"https:\/\/naturalbohemia.cz\/wp-content\/uploads\/2021\/01\/NB_logo_v4.png\",\"width\":2000,\"height\":789,\"caption\":\"Natural Bohemia\"},\"image\":{\"@id\":\"https:\/\/naturalbohemia.cz\/en\/#\/schema\/logo\/image\/\"},\"sameAs\":[\"https:\/\/www.facebook.com\/naturalbohemia\/\",\"https:\/\/www.instagram.com\/naturalbohemia\/\"]}]}<\/script>\n<!-- \/ Yoast SEO plugin. -->","yoast_head_json":{"title":"EGO 115g balen\u00e9 - Natural Bohemia","description":"P\u0159\u00edrodn\u00ed m\u00fddlo obsahuj\u00edc\u00ed velk\u00e9 mno\u017estv\u00ed bambuck\u00e9ho a kakaov\u00e9ho m\u00e1sla. Jemn\u00e1 ko\u0159en\u011bn\u00e1 v\u016fn\u011b pro decentn\u00ed mu\u017ee jakou \u017eeny miluj\u00ed.","robots":{"index":"index","follow":"follow","max-snippet":"max-snippet:-1","max-image-preview":"max-image-preview:large","max-video-preview":"max-video-preview:-1"},"canonical":"https:\/\/naturalbohemia.cz\/en\/product\/ego-115-g-balene\/","og_locale":"en_US","og_type":"article","og_title":"EGO 115g balen\u00e9 - Natural Bohemia","og_description":"P\u0159\u00edrodn\u00ed m\u00fddlo obsahuj\u00edc\u00ed velk\u00e9 mno\u017estv\u00ed bambuck\u00e9ho a kakaov\u00e9ho m\u00e1sla. Jemn\u00e1 ko\u0159en\u011bn\u00e1 v\u016fn\u011b pro decentn\u00ed mu\u017ee jakou \u017eeny miluj\u00ed.","og_url":"https:\/\/naturalbohemia.cz\/en\/product\/ego-115-g-balene\/","og_site_name":"Natural Bohemia","article_publisher":"https:\/\/www.facebook.com\/naturalbohemia\/","article_modified_time":"2026-04-03T19:05:30+00:00","og_image":[{"width":2560,"height":2560,"url":"https:\/\/naturalbohemia.cz\/wp-content\/uploads\/2021\/01\/Ego_08-scaled.jpg","type":"image\/jpeg"}],"twitter_card":"summary_large_image","schema":{"@context":"https:\/\/schema.org","@graph":[{"@type":["WebPage","ItemPage"],"@id":"https:\/\/naturalbohemia.cz\/product\/ego-115-g-balene\/","url":"https:\/\/naturalbohemia.cz\/product\/ego-115-g-balene\/","name":"EGO 115g balen\u00e9 - Natural Bohemia","isPartOf":{"@id":"https:\/\/naturalbohemia.cz\/en\/#website"},"primaryImageOfPage":{"@id":"https:\/\/naturalbohemia.cz\/product\/ego-115-g-balene\/#primaryimage"},"image":{"@id":"https:\/\/naturalbohemia.cz\/product\/ego-115-g-balene\/#primaryimage"},"thumbnailUrl":"https:\/\/i0.wp.com\/naturalbohemia.cz\/wp-content\/uploads\/2021\/01\/Ego_08-scaled.jpg?fit=2560%2C2560&ssl=1","datePublished":"2021-01-01T14:44:22+00:00","dateModified":"2026-04-03T19:05:30+00:00","description":"P\u0159\u00edrodn\u00ed m\u00fddlo obsahuj\u00edc\u00ed velk\u00e9 mno\u017estv\u00ed bambuck\u00e9ho a kakaov\u00e9ho m\u00e1sla. Jemn\u00e1 ko\u0159en\u011bn\u00e1 v\u016fn\u011b pro decentn\u00ed mu\u017ee jakou \u017eeny miluj\u00ed.","breadcrumb":{"@id":"https:\/\/naturalbohemia.cz\/product\/ego-115-g-balene\/#breadcrumb"},"inLanguage":"en-US","potentialAction":[{"@type":"ReadAction","target":["https:\/\/naturalbohemia.cz\/product\/ego-115-g-balene\/"]}]},{"@type":"ImageObject","inLanguage":"en-US","@id":"https:\/\/naturalbohemia.cz\/product\/ego-115-g-balene\/#primaryimage","url":"https:\/\/i0.wp.com\/naturalbohemia.cz\/wp-content\/uploads\/2021\/01\/Ego_08-scaled.jpg?fit=2560%2C2560&ssl=1","contentUrl":"https:\/\/i0.wp.com\/naturalbohemia.cz\/wp-content\/uploads\/2021\/01\/Ego_08-scaled.jpg?fit=2560%2C2560&ssl=1","width":2560,"height":2560},{"@type":"BreadcrumbList","@id":"https:\/\/naturalbohemia.cz\/product\/ego-115-g-balene\/#breadcrumb","itemListElement":[{"@type":"ListItem","position":1,"name":"Dom\u016f","item":"https:\/\/naturalbohemia.cz\/"},{"@type":"ListItem","position":2,"name":"obchod","item":"https:\/\/naturalbohemia.cz\/en\/shop\/"},{"@type":"ListItem","position":3,"name":"EGO 115g balen\u00e9"}]},{"@type":"WebSite","@id":"https:\/\/naturalbohemia.cz\/en\/#website","url":"https:\/\/naturalbohemia.cz\/en\/","name":"Natural Bohemia","description":"v\u00fdroba \u0159emesln\u00fdch m\u00fddel tvo\u0159en\u00fdch s v\u00e1\u0161n\u00ed","publisher":{"@id":"https:\/\/naturalbohemia.cz\/en\/#organization"},"potentialAction":[{"@type":"SearchAction","target":{"@type":"EntryPoint","urlTemplate":"https:\/\/naturalbohemia.cz\/en\/?s={search_term_string}"},"query-input":{"@type":"PropertyValueSpecification","valueRequired":true,"valueName":"search_term_string"}}],"inLanguage":"en-US"},{"@type":"Organization","@id":"https:\/\/naturalbohemia.cz\/en\/#organization","name":"Natural Bohemia","url":"https:\/\/naturalbohemia.cz\/en\/","logo":{"@type":"ImageObject","inLanguage":"en-US","@id":"https:\/\/naturalbohemia.cz\/en\/#\/schema\/logo\/image\/","url":"https:\/\/naturalbohemia.cz\/wp-content\/uploads\/2021\/01\/NB_logo_v4.png","contentUrl":"https:\/\/naturalbohemia.cz\/wp-content\/uploads\/2021\/01\/NB_logo_v4.png","width":2000,"height":789,"caption":"Natural Bohemia"},"image":{"@id":"https:\/\/naturalbohemia.cz\/en\/#\/schema\/logo\/image\/"},"sameAs":["https:\/\/www.facebook.com\/naturalbohemia\/","https:\/\/www.instagram.com\/naturalbohemia\/"]}]}},"jetpack_sharing_enabled":true,"_links":{"self":[{"href":"https:\/\/naturalbohemia.cz\/en\/wp-json\/wp\/v2\/product\/211","targetHints":{"allow":["GET"]}}],"collection":[{"href":"https:\/\/naturalbohemia.cz\/en\/wp-json\/wp\/v2\/product"}],"about":[{"href":"https:\/\/naturalbohemia.cz\/en\/wp-json\/wp\/v2\/types\/product"}],"replies":[{"embeddable":true,"href":"https:\/\/naturalbohemia.cz\/en\/wp-json\/wp\/v2\/comments?post=211"}],"wp:featuredmedia":[{"embeddable":true,"href":"https:\/\/naturalbohemia.cz\/en\/wp-json\/wp\/v2\/media\/302"}],"wp:attachment":[{"href":"https:\/\/naturalbohemia.cz\/en\/wp-json\/wp\/v2\/media?parent=211"}],"wp:term":[{"taxonomy":"product_brand","embeddable":true,"href":"https:\/\/naturalbohemia.cz\/en\/wp-json\/wp\/v2\/product_brand?post=211"},{"taxonomy":"product_cat","embeddable":true,"href":"https:\/\/naturalbohemia.cz\/en\/wp-json\/wp\/v2\/product_cat?post=211"},{"taxonomy":"product_tag","embeddable":true,"href":"https:\/\/naturalbohemia.cz\/en\/wp-json\/wp\/v2\/product_tag?post=211"}],"curies":[{"name":"wp","href":"https:\/\/api.w.org\/{rel}","templated":true}]}}