{"id":314,"date":"2021-02-11T21:49:12","date_gmt":"2021-02-11T20:49:12","guid":{"rendered":"https:\/\/naturalbohemia.cz\/preview\/?post_type=product&#038;p=314"},"modified":"2026-02-14T13:06:35","modified_gmt":"2026-02-14T12:06:35","slug":"kastil-100-g","status":"publish","type":"product","link":"https:\/\/naturalbohemia.cz\/en\/product\/kastil-100-g\/","title":{"rendered":"KASTIL 100\u00a0g"},"content":{"rendered":"<p>100% olive oil soap or Castilian soap - one of the oldest recipes. Only olive oil used, which gently regenerates, has antioxidant effects and is hydrating. Very gentle soap, also suitable for sensitive skin. No preservatives or dyes. Natural scent.<\/p>\n<p>Castile soap is suitable for all skin types, especially for soft, sensitive skin.<\/p>","protected":false},"excerpt":{"rendered":"<p>Castilian 100% olive oil soap.<\/p>","protected":false},"featured_media":387,"comment_status":"open","ping_status":"closed","template":"","meta":[],"product_brand":[],"product_cat":[23,25],"product_tag":[53,55,51],"class_list":{"0":"post-314","1":"product","2":"type-product","3":"status-publish","4":"has-post-thumbnail","6":"product_cat-mydla","7":"product_cat-olivova","8":"product_tag-ciste-rostlinne","9":"product_tag-rucni-vyroba","10":"product_tag-za-studena","12":"first","13":"instock","14":"shipping-taxable","15":"purchasable","16":"product-type-simple"},"yoast_head":"<!-- This site is optimized with the Yoast SEO plugin v25.9 - https:\/\/yoast.com\/wordpress\/plugins\/seo\/ -->\n<title>KASTIL 100\u00a0g - Natural Bohemia<\/title>\n<meta name=\"description\" content=\"100% olivov\u00e9 m\u00fddlo nebo tak\u00e9 Kastilsk\u00e9 m\u00fddlo - jedna z nejstar\u0161\u00edch receptur. Velmi jemn\u00e9 m\u00fddlo vhodn\u00e9 pro citlivou ple\u0165.\" \/>\n<meta name=\"robots\" content=\"index, follow, max-snippet:-1, max-image-preview:large, max-video-preview:-1\" \/>\n<link rel=\"canonical\" href=\"https:\/\/naturalbohemia.cz\/en\/product\/kastil-100-g\/\" \/>\n<meta property=\"og:locale\" content=\"en_US\" \/>\n<meta property=\"og:type\" content=\"article\" \/>\n<meta property=\"og:title\" content=\"KASTIL 100\u00a0g - Natural Bohemia\" \/>\n<meta property=\"og:description\" content=\"100% olivov\u00e9 m\u00fddlo nebo tak\u00e9 Kastilsk\u00e9 m\u00fddlo - jedna z nejstar\u0161\u00edch receptur. Velmi jemn\u00e9 m\u00fddlo vhodn\u00e9 pro citlivou ple\u0165.\" \/>\n<meta property=\"og:url\" content=\"https:\/\/naturalbohemia.cz\/en\/product\/kastil-100-g\/\" \/>\n<meta property=\"og:site_name\" content=\"Natural Bohemia\" \/>\n<meta property=\"article:publisher\" content=\"https:\/\/www.facebook.com\/naturalbohemia\/\" \/>\n<meta property=\"article:modified_time\" content=\"2026-02-14T12:06:35+00:00\" \/>\n<meta property=\"og:image\" content=\"https:\/\/naturalbohemia.cz\/wp-content\/uploads\/2021\/02\/Kastil_regular_01-scaled.jpg\" \/>\n\t<meta property=\"og:image:width\" content=\"2560\" \/>\n\t<meta property=\"og:image:height\" content=\"2560\" \/>\n\t<meta property=\"og:image:type\" content=\"image\/jpeg\" \/>\n<meta name=\"twitter:card\" content=\"summary_large_image\" \/>\n<script type=\"application\/ld+json\" class=\"yoast-schema-graph\">{\"@context\":\"https:\/\/schema.org\",\"@graph\":[{\"@type\":[\"WebPage\",\"ItemPage\"],\"@id\":\"https:\/\/naturalbohemia.cz\/product\/kastil-100-g\/\",\"url\":\"https:\/\/naturalbohemia.cz\/product\/kastil-100-g\/\",\"name\":\"KASTIL 100\u00a0g - Natural Bohemia\",\"isPartOf\":{\"@id\":\"https:\/\/naturalbohemia.cz\/en\/#website\"},\"primaryImageOfPage\":{\"@id\":\"https:\/\/naturalbohemia.cz\/product\/kastil-100-g\/#primaryimage\"},\"image\":{\"@id\":\"https:\/\/naturalbohemia.cz\/product\/kastil-100-g\/#primaryimage\"},\"thumbnailUrl\":\"https:\/\/i0.wp.com\/naturalbohemia.cz\/wp-content\/uploads\/2021\/02\/Kastil_regular_01-scaled.jpg?fit=2560%2C2560&ssl=1\",\"datePublished\":\"2021-02-11T20:49:12+00:00\",\"dateModified\":\"2026-02-14T12:06:35+00:00\",\"description\":\"100% olivov\u00e9 m\u00fddlo nebo tak\u00e9 Kastilsk\u00e9 m\u00fddlo - jedna z nejstar\u0161\u00edch receptur. Velmi jemn\u00e9 m\u00fddlo vhodn\u00e9 pro citlivou ple\u0165.\",\"breadcrumb\":{\"@id\":\"https:\/\/naturalbohemia.cz\/product\/kastil-100-g\/#breadcrumb\"},\"inLanguage\":\"en-US\",\"potentialAction\":[{\"@type\":\"ReadAction\",\"target\":[\"https:\/\/naturalbohemia.cz\/product\/kastil-100-g\/\"]}]},{\"@type\":\"ImageObject\",\"inLanguage\":\"en-US\",\"@id\":\"https:\/\/naturalbohemia.cz\/product\/kastil-100-g\/#primaryimage\",\"url\":\"https:\/\/i0.wp.com\/naturalbohemia.cz\/wp-content\/uploads\/2021\/02\/Kastil_regular_01-scaled.jpg?fit=2560%2C2560&ssl=1\",\"contentUrl\":\"https:\/\/i0.wp.com\/naturalbohemia.cz\/wp-content\/uploads\/2021\/02\/Kastil_regular_01-scaled.jpg?fit=2560%2C2560&ssl=1\",\"width\":2560,\"height\":2560},{\"@type\":\"BreadcrumbList\",\"@id\":\"https:\/\/naturalbohemia.cz\/product\/kastil-100-g\/#breadcrumb\",\"itemListElement\":[{\"@type\":\"ListItem\",\"position\":1,\"name\":\"Dom\u016f\",\"item\":\"https:\/\/naturalbohemia.cz\/\"},{\"@type\":\"ListItem\",\"position\":2,\"name\":\"obchod\",\"item\":\"https:\/\/naturalbohemia.cz\/en\/shop\/\"},{\"@type\":\"ListItem\",\"position\":3,\"name\":\"KASTIL 100\u00a0g\"}]},{\"@type\":\"WebSite\",\"@id\":\"https:\/\/naturalbohemia.cz\/en\/#website\",\"url\":\"https:\/\/naturalbohemia.cz\/en\/\",\"name\":\"Natural Bohemia\",\"description\":\"v\u00fdroba \u0159emesln\u00fdch m\u00fddel tvo\u0159en\u00fdch s v\u00e1\u0161n\u00ed\",\"publisher\":{\"@id\":\"https:\/\/naturalbohemia.cz\/en\/#organization\"},\"potentialAction\":[{\"@type\":\"SearchAction\",\"target\":{\"@type\":\"EntryPoint\",\"urlTemplate\":\"https:\/\/naturalbohemia.cz\/en\/?s={search_term_string}\"},\"query-input\":{\"@type\":\"PropertyValueSpecification\",\"valueRequired\":true,\"valueName\":\"search_term_string\"}}],\"inLanguage\":\"en-US\"},{\"@type\":\"Organization\",\"@id\":\"https:\/\/naturalbohemia.cz\/en\/#organization\",\"name\":\"Natural Bohemia\",\"url\":\"https:\/\/naturalbohemia.cz\/en\/\",\"logo\":{\"@type\":\"ImageObject\",\"inLanguage\":\"en-US\",\"@id\":\"https:\/\/naturalbohemia.cz\/en\/#\/schema\/logo\/image\/\",\"url\":\"https:\/\/naturalbohemia.cz\/wp-content\/uploads\/2021\/01\/NB_logo_v4.png\",\"contentUrl\":\"https:\/\/naturalbohemia.cz\/wp-content\/uploads\/2021\/01\/NB_logo_v4.png\",\"width\":2000,\"height\":789,\"caption\":\"Natural Bohemia\"},\"image\":{\"@id\":\"https:\/\/naturalbohemia.cz\/en\/#\/schema\/logo\/image\/\"},\"sameAs\":[\"https:\/\/www.facebook.com\/naturalbohemia\/\",\"https:\/\/www.instagram.com\/naturalbohemia\/\"]}]}<\/script>\n<!-- \/ Yoast SEO plugin. -->","yoast_head_json":{"title":"KASTIL 100\u00a0g - Natural Bohemia","description":"100% olivov\u00e9 m\u00fddlo nebo tak\u00e9 Kastilsk\u00e9 m\u00fddlo - jedna z nejstar\u0161\u00edch receptur. Velmi jemn\u00e9 m\u00fddlo vhodn\u00e9 pro citlivou ple\u0165.","robots":{"index":"index","follow":"follow","max-snippet":"max-snippet:-1","max-image-preview":"max-image-preview:large","max-video-preview":"max-video-preview:-1"},"canonical":"https:\/\/naturalbohemia.cz\/en\/product\/kastil-100-g\/","og_locale":"en_US","og_type":"article","og_title":"KASTIL 100\u00a0g - Natural Bohemia","og_description":"100% olivov\u00e9 m\u00fddlo nebo tak\u00e9 Kastilsk\u00e9 m\u00fddlo - jedna z nejstar\u0161\u00edch receptur. Velmi jemn\u00e9 m\u00fddlo vhodn\u00e9 pro citlivou ple\u0165.","og_url":"https:\/\/naturalbohemia.cz\/en\/product\/kastil-100-g\/","og_site_name":"Natural Bohemia","article_publisher":"https:\/\/www.facebook.com\/naturalbohemia\/","article_modified_time":"2026-02-14T12:06:35+00:00","og_image":[{"width":2560,"height":2560,"url":"https:\/\/naturalbohemia.cz\/wp-content\/uploads\/2021\/02\/Kastil_regular_01-scaled.jpg","type":"image\/jpeg"}],"twitter_card":"summary_large_image","schema":{"@context":"https:\/\/schema.org","@graph":[{"@type":["WebPage","ItemPage"],"@id":"https:\/\/naturalbohemia.cz\/product\/kastil-100-g\/","url":"https:\/\/naturalbohemia.cz\/product\/kastil-100-g\/","name":"KASTIL 100\u00a0g - Natural Bohemia","isPartOf":{"@id":"https:\/\/naturalbohemia.cz\/en\/#website"},"primaryImageOfPage":{"@id":"https:\/\/naturalbohemia.cz\/product\/kastil-100-g\/#primaryimage"},"image":{"@id":"https:\/\/naturalbohemia.cz\/product\/kastil-100-g\/#primaryimage"},"thumbnailUrl":"https:\/\/i0.wp.com\/naturalbohemia.cz\/wp-content\/uploads\/2021\/02\/Kastil_regular_01-scaled.jpg?fit=2560%2C2560&ssl=1","datePublished":"2021-02-11T20:49:12+00:00","dateModified":"2026-02-14T12:06:35+00:00","description":"100% olivov\u00e9 m\u00fddlo nebo tak\u00e9 Kastilsk\u00e9 m\u00fddlo - jedna z nejstar\u0161\u00edch receptur. Velmi jemn\u00e9 m\u00fddlo vhodn\u00e9 pro citlivou ple\u0165.","breadcrumb":{"@id":"https:\/\/naturalbohemia.cz\/product\/kastil-100-g\/#breadcrumb"},"inLanguage":"en-US","potentialAction":[{"@type":"ReadAction","target":["https:\/\/naturalbohemia.cz\/product\/kastil-100-g\/"]}]},{"@type":"ImageObject","inLanguage":"en-US","@id":"https:\/\/naturalbohemia.cz\/product\/kastil-100-g\/#primaryimage","url":"https:\/\/i0.wp.com\/naturalbohemia.cz\/wp-content\/uploads\/2021\/02\/Kastil_regular_01-scaled.jpg?fit=2560%2C2560&ssl=1","contentUrl":"https:\/\/i0.wp.com\/naturalbohemia.cz\/wp-content\/uploads\/2021\/02\/Kastil_regular_01-scaled.jpg?fit=2560%2C2560&ssl=1","width":2560,"height":2560},{"@type":"BreadcrumbList","@id":"https:\/\/naturalbohemia.cz\/product\/kastil-100-g\/#breadcrumb","itemListElement":[{"@type":"ListItem","position":1,"name":"Dom\u016f","item":"https:\/\/naturalbohemia.cz\/"},{"@type":"ListItem","position":2,"name":"obchod","item":"https:\/\/naturalbohemia.cz\/en\/shop\/"},{"@type":"ListItem","position":3,"name":"KASTIL 100\u00a0g"}]},{"@type":"WebSite","@id":"https:\/\/naturalbohemia.cz\/en\/#website","url":"https:\/\/naturalbohemia.cz\/en\/","name":"Natural Bohemia","description":"v\u00fdroba \u0159emesln\u00fdch m\u00fddel tvo\u0159en\u00fdch s v\u00e1\u0161n\u00ed","publisher":{"@id":"https:\/\/naturalbohemia.cz\/en\/#organization"},"potentialAction":[{"@type":"SearchAction","target":{"@type":"EntryPoint","urlTemplate":"https:\/\/naturalbohemia.cz\/en\/?s={search_term_string}"},"query-input":{"@type":"PropertyValueSpecification","valueRequired":true,"valueName":"search_term_string"}}],"inLanguage":"en-US"},{"@type":"Organization","@id":"https:\/\/naturalbohemia.cz\/en\/#organization","name":"Natural Bohemia","url":"https:\/\/naturalbohemia.cz\/en\/","logo":{"@type":"ImageObject","inLanguage":"en-US","@id":"https:\/\/naturalbohemia.cz\/en\/#\/schema\/logo\/image\/","url":"https:\/\/naturalbohemia.cz\/wp-content\/uploads\/2021\/01\/NB_logo_v4.png","contentUrl":"https:\/\/naturalbohemia.cz\/wp-content\/uploads\/2021\/01\/NB_logo_v4.png","width":2000,"height":789,"caption":"Natural Bohemia"},"image":{"@id":"https:\/\/naturalbohemia.cz\/en\/#\/schema\/logo\/image\/"},"sameAs":["https:\/\/www.facebook.com\/naturalbohemia\/","https:\/\/www.instagram.com\/naturalbohemia\/"]}]}},"jetpack_sharing_enabled":true,"_links":{"self":[{"href":"https:\/\/naturalbohemia.cz\/en\/wp-json\/wp\/v2\/product\/314","targetHints":{"allow":["GET"]}}],"collection":[{"href":"https:\/\/naturalbohemia.cz\/en\/wp-json\/wp\/v2\/product"}],"about":[{"href":"https:\/\/naturalbohemia.cz\/en\/wp-json\/wp\/v2\/types\/product"}],"replies":[{"embeddable":true,"href":"https:\/\/naturalbohemia.cz\/en\/wp-json\/wp\/v2\/comments?post=314"}],"wp:featuredmedia":[{"embeddable":true,"href":"https:\/\/naturalbohemia.cz\/en\/wp-json\/wp\/v2\/media\/387"}],"wp:attachment":[{"href":"https:\/\/naturalbohemia.cz\/en\/wp-json\/wp\/v2\/media?parent=314"}],"wp:term":[{"taxonomy":"product_brand","embeddable":true,"href":"https:\/\/naturalbohemia.cz\/en\/wp-json\/wp\/v2\/product_brand?post=314"},{"taxonomy":"product_cat","embeddable":true,"href":"https:\/\/naturalbohemia.cz\/en\/wp-json\/wp\/v2\/product_cat?post=314"},{"taxonomy":"product_tag","embeddable":true,"href":"https:\/\/naturalbohemia.cz\/en\/wp-json\/wp\/v2\/product_tag?post=314"}],"curies":[{"name":"wp","href":"https:\/\/api.w.org\/{rel}","templated":true}]}}