{"id":346,"date":"2021-02-12T22:24:58","date_gmt":"2021-02-12T21:24:58","guid":{"rendered":"https:\/\/naturalbohemia.cz\/preview\/?post_type=product&#038;p=346"},"modified":"2026-03-22T19:24:42","modified_gmt":"2026-03-22T18:24:42","slug":"venano-box-115-g","status":"publish","type":"product","link":"https:\/\/naturalbohemia.cz\/en\/product\/venano-box-115-g\/","title":{"rendered":"VENANO box 115\u00a0g"},"content":{"rendered":"<p>It used to be Venano, which in time and with Latin changed to Benano, today's small village in Umbria, Italy. I accidentally tripped over it years ago, fell in love with her and stayed. Here I discovered the real fragrance of Italy - to live like in a picture with vineyards and olive groves. Wild herbs all around and especially those emeralds of the Mediterranean, or you can also say liquid gold. Here I learned to make soaps from olive oil. And from this area also comes the olive oil that I use in my special soaps. My big thanks and a piece of my life under the Italian sun is reflected in this amazing soap named after my second home.<\/p>\n<p>Olive oil is very beneficial for any skin. Castor oil softens and nourishes.<\/p>","protected":false},"excerpt":{"rendered":"<p>Natural olive oil soap, handmade, cold process. Packed in a box.<\/p>","protected":false},"featured_media":1008,"comment_status":"open","ping_status":"closed","template":"","meta":[],"product_brand":[],"product_cat":[23,25,59],"product_tag":[53,56,55,51],"class_list":{"0":"post-346","1":"product","2":"type-product","3":"status-publish","4":"has-post-thumbnail","6":"product_cat-mydla","7":"product_cat-olivova","8":"product_cat-zabalena-v-krabicce","9":"product_tag-ciste-rostlinne","10":"product_tag-krabickove-baleni","11":"product_tag-rucni-vyroba","12":"product_tag-za-studena","14":"first","15":"instock","16":"shipping-taxable","17":"purchasable","18":"product-type-simple"},"yoast_head":"<!-- This site is optimized with the Yoast SEO plugin v25.9 - https:\/\/yoast.com\/wordpress\/plugins\/seo\/ -->\n<title>VENANO box 115\u00a0g - Natural Bohemia<\/title>\n<meta name=\"description\" content=\"P\u0159\u00edrodn\u00ed ru\u010dn\u011b vyr\u00e1b\u011bn\u00e9 olivov\u00e9 m\u00fddlo s v\u016fn\u00ed bylin. Olivov\u00fd olej je velmi blahod\u00e1rn\u00fd pro jakoukoli ple\u0165. Ricinov\u00fd olej zvl\u00e1\u010d\u0148uje a vy\u017eivuje.\" \/>\n<meta name=\"robots\" content=\"index, follow, max-snippet:-1, max-image-preview:large, max-video-preview:-1\" \/>\n<link rel=\"canonical\" href=\"https:\/\/naturalbohemia.cz\/en\/product\/venano-box-115-g\/\" \/>\n<meta property=\"og:locale\" content=\"en_US\" \/>\n<meta property=\"og:type\" content=\"article\" \/>\n<meta property=\"og:title\" content=\"VENANO box 115\u00a0g - Natural Bohemia\" \/>\n<meta property=\"og:description\" content=\"P\u0159\u00edrodn\u00ed ru\u010dn\u011b vyr\u00e1b\u011bn\u00e9 olivov\u00e9 m\u00fddlo s v\u016fn\u00ed bylin. Olivov\u00fd olej je velmi blahod\u00e1rn\u00fd pro jakoukoli ple\u0165. Ricinov\u00fd olej zvl\u00e1\u010d\u0148uje a vy\u017eivuje.\" \/>\n<meta property=\"og:url\" content=\"https:\/\/naturalbohemia.cz\/en\/product\/venano-box-115-g\/\" \/>\n<meta property=\"og:site_name\" content=\"Natural Bohemia\" \/>\n<meta property=\"article:publisher\" content=\"https:\/\/www.facebook.com\/naturalbohemia\/\" \/>\n<meta property=\"article:modified_time\" content=\"2026-03-22T18:24:42+00:00\" \/>\n<meta property=\"og:image\" content=\"https:\/\/naturalbohemia.cz\/wp-content\/uploads\/2021\/02\/2G7A8758-kopie-scaled.jpg\" \/>\n\t<meta property=\"og:image:width\" content=\"2560\" \/>\n\t<meta property=\"og:image:height\" content=\"1707\" \/>\n\t<meta property=\"og:image:type\" content=\"image\/jpeg\" \/>\n<meta name=\"twitter:card\" content=\"summary_large_image\" \/>\n<script type=\"application\/ld+json\" class=\"yoast-schema-graph\">{\"@context\":\"https:\/\/schema.org\",\"@graph\":[{\"@type\":[\"WebPage\",\"ItemPage\"],\"@id\":\"https:\/\/naturalbohemia.cz\/product\/venano-box-115-g\/\",\"url\":\"https:\/\/naturalbohemia.cz\/product\/venano-box-115-g\/\",\"name\":\"VENANO box 115\u00a0g - Natural Bohemia\",\"isPartOf\":{\"@id\":\"https:\/\/naturalbohemia.cz\/en\/#website\"},\"primaryImageOfPage\":{\"@id\":\"https:\/\/naturalbohemia.cz\/product\/venano-box-115-g\/#primaryimage\"},\"image\":{\"@id\":\"https:\/\/naturalbohemia.cz\/product\/venano-box-115-g\/#primaryimage\"},\"thumbnailUrl\":\"https:\/\/i0.wp.com\/naturalbohemia.cz\/wp-content\/uploads\/2021\/02\/2G7A8758-kopie-scaled.jpg?fit=2560%2C1707&ssl=1\",\"datePublished\":\"2021-02-12T21:24:58+00:00\",\"dateModified\":\"2026-03-22T18:24:42+00:00\",\"description\":\"P\u0159\u00edrodn\u00ed ru\u010dn\u011b vyr\u00e1b\u011bn\u00e9 olivov\u00e9 m\u00fddlo s v\u016fn\u00ed bylin. Olivov\u00fd olej je velmi blahod\u00e1rn\u00fd pro jakoukoli ple\u0165. Ricinov\u00fd olej zvl\u00e1\u010d\u0148uje a vy\u017eivuje.\",\"breadcrumb\":{\"@id\":\"https:\/\/naturalbohemia.cz\/product\/venano-box-115-g\/#breadcrumb\"},\"inLanguage\":\"en-US\",\"potentialAction\":[{\"@type\":\"ReadAction\",\"target\":[\"https:\/\/naturalbohemia.cz\/product\/venano-box-115-g\/\"]}]},{\"@type\":\"ImageObject\",\"inLanguage\":\"en-US\",\"@id\":\"https:\/\/naturalbohemia.cz\/product\/venano-box-115-g\/#primaryimage\",\"url\":\"https:\/\/i0.wp.com\/naturalbohemia.cz\/wp-content\/uploads\/2021\/02\/2G7A8758-kopie-scaled.jpg?fit=2560%2C1707&ssl=1\",\"contentUrl\":\"https:\/\/i0.wp.com\/naturalbohemia.cz\/wp-content\/uploads\/2021\/02\/2G7A8758-kopie-scaled.jpg?fit=2560%2C1707&ssl=1\",\"width\":2560,\"height\":1707},{\"@type\":\"BreadcrumbList\",\"@id\":\"https:\/\/naturalbohemia.cz\/product\/venano-box-115-g\/#breadcrumb\",\"itemListElement\":[{\"@type\":\"ListItem\",\"position\":1,\"name\":\"Dom\u016f\",\"item\":\"https:\/\/naturalbohemia.cz\/\"},{\"@type\":\"ListItem\",\"position\":2,\"name\":\"obchod\",\"item\":\"https:\/\/naturalbohemia.cz\/en\/shop\/\"},{\"@type\":\"ListItem\",\"position\":3,\"name\":\"VENANO box 115\u00a0g\"}]},{\"@type\":\"WebSite\",\"@id\":\"https:\/\/naturalbohemia.cz\/en\/#website\",\"url\":\"https:\/\/naturalbohemia.cz\/en\/\",\"name\":\"Natural Bohemia\",\"description\":\"v\u00fdroba \u0159emesln\u00fdch m\u00fddel tvo\u0159en\u00fdch s v\u00e1\u0161n\u00ed\",\"publisher\":{\"@id\":\"https:\/\/naturalbohemia.cz\/en\/#organization\"},\"potentialAction\":[{\"@type\":\"SearchAction\",\"target\":{\"@type\":\"EntryPoint\",\"urlTemplate\":\"https:\/\/naturalbohemia.cz\/en\/?s={search_term_string}\"},\"query-input\":{\"@type\":\"PropertyValueSpecification\",\"valueRequired\":true,\"valueName\":\"search_term_string\"}}],\"inLanguage\":\"en-US\"},{\"@type\":\"Organization\",\"@id\":\"https:\/\/naturalbohemia.cz\/en\/#organization\",\"name\":\"Natural Bohemia\",\"url\":\"https:\/\/naturalbohemia.cz\/en\/\",\"logo\":{\"@type\":\"ImageObject\",\"inLanguage\":\"en-US\",\"@id\":\"https:\/\/naturalbohemia.cz\/en\/#\/schema\/logo\/image\/\",\"url\":\"https:\/\/naturalbohemia.cz\/wp-content\/uploads\/2021\/01\/NB_logo_v4.png\",\"contentUrl\":\"https:\/\/naturalbohemia.cz\/wp-content\/uploads\/2021\/01\/NB_logo_v4.png\",\"width\":2000,\"height\":789,\"caption\":\"Natural Bohemia\"},\"image\":{\"@id\":\"https:\/\/naturalbohemia.cz\/en\/#\/schema\/logo\/image\/\"},\"sameAs\":[\"https:\/\/www.facebook.com\/naturalbohemia\/\",\"https:\/\/www.instagram.com\/naturalbohemia\/\"]}]}<\/script>\n<!-- \/ Yoast SEO plugin. -->","yoast_head_json":{"title":"VENANO box 115\u00a0g - Natural Bohemia","description":"P\u0159\u00edrodn\u00ed ru\u010dn\u011b vyr\u00e1b\u011bn\u00e9 olivov\u00e9 m\u00fddlo s v\u016fn\u00ed bylin. Olivov\u00fd olej je velmi blahod\u00e1rn\u00fd pro jakoukoli ple\u0165. Ricinov\u00fd olej zvl\u00e1\u010d\u0148uje a vy\u017eivuje.","robots":{"index":"index","follow":"follow","max-snippet":"max-snippet:-1","max-image-preview":"max-image-preview:large","max-video-preview":"max-video-preview:-1"},"canonical":"https:\/\/naturalbohemia.cz\/en\/product\/venano-box-115-g\/","og_locale":"en_US","og_type":"article","og_title":"VENANO box 115\u00a0g - Natural Bohemia","og_description":"P\u0159\u00edrodn\u00ed ru\u010dn\u011b vyr\u00e1b\u011bn\u00e9 olivov\u00e9 m\u00fddlo s v\u016fn\u00ed bylin. Olivov\u00fd olej je velmi blahod\u00e1rn\u00fd pro jakoukoli ple\u0165. Ricinov\u00fd olej zvl\u00e1\u010d\u0148uje a vy\u017eivuje.","og_url":"https:\/\/naturalbohemia.cz\/en\/product\/venano-box-115-g\/","og_site_name":"Natural Bohemia","article_publisher":"https:\/\/www.facebook.com\/naturalbohemia\/","article_modified_time":"2026-03-22T18:24:42+00:00","og_image":[{"width":2560,"height":1707,"url":"https:\/\/naturalbohemia.cz\/wp-content\/uploads\/2021\/02\/2G7A8758-kopie-scaled.jpg","type":"image\/jpeg"}],"twitter_card":"summary_large_image","schema":{"@context":"https:\/\/schema.org","@graph":[{"@type":["WebPage","ItemPage"],"@id":"https:\/\/naturalbohemia.cz\/product\/venano-box-115-g\/","url":"https:\/\/naturalbohemia.cz\/product\/venano-box-115-g\/","name":"VENANO box 115\u00a0g - Natural Bohemia","isPartOf":{"@id":"https:\/\/naturalbohemia.cz\/en\/#website"},"primaryImageOfPage":{"@id":"https:\/\/naturalbohemia.cz\/product\/venano-box-115-g\/#primaryimage"},"image":{"@id":"https:\/\/naturalbohemia.cz\/product\/venano-box-115-g\/#primaryimage"},"thumbnailUrl":"https:\/\/i0.wp.com\/naturalbohemia.cz\/wp-content\/uploads\/2021\/02\/2G7A8758-kopie-scaled.jpg?fit=2560%2C1707&ssl=1","datePublished":"2021-02-12T21:24:58+00:00","dateModified":"2026-03-22T18:24:42+00:00","description":"P\u0159\u00edrodn\u00ed ru\u010dn\u011b vyr\u00e1b\u011bn\u00e9 olivov\u00e9 m\u00fddlo s v\u016fn\u00ed bylin. Olivov\u00fd olej je velmi blahod\u00e1rn\u00fd pro jakoukoli ple\u0165. Ricinov\u00fd olej zvl\u00e1\u010d\u0148uje a vy\u017eivuje.","breadcrumb":{"@id":"https:\/\/naturalbohemia.cz\/product\/venano-box-115-g\/#breadcrumb"},"inLanguage":"en-US","potentialAction":[{"@type":"ReadAction","target":["https:\/\/naturalbohemia.cz\/product\/venano-box-115-g\/"]}]},{"@type":"ImageObject","inLanguage":"en-US","@id":"https:\/\/naturalbohemia.cz\/product\/venano-box-115-g\/#primaryimage","url":"https:\/\/i0.wp.com\/naturalbohemia.cz\/wp-content\/uploads\/2021\/02\/2G7A8758-kopie-scaled.jpg?fit=2560%2C1707&ssl=1","contentUrl":"https:\/\/i0.wp.com\/naturalbohemia.cz\/wp-content\/uploads\/2021\/02\/2G7A8758-kopie-scaled.jpg?fit=2560%2C1707&ssl=1","width":2560,"height":1707},{"@type":"BreadcrumbList","@id":"https:\/\/naturalbohemia.cz\/product\/venano-box-115-g\/#breadcrumb","itemListElement":[{"@type":"ListItem","position":1,"name":"Dom\u016f","item":"https:\/\/naturalbohemia.cz\/"},{"@type":"ListItem","position":2,"name":"obchod","item":"https:\/\/naturalbohemia.cz\/en\/shop\/"},{"@type":"ListItem","position":3,"name":"VENANO box 115\u00a0g"}]},{"@type":"WebSite","@id":"https:\/\/naturalbohemia.cz\/en\/#website","url":"https:\/\/naturalbohemia.cz\/en\/","name":"Natural Bohemia","description":"v\u00fdroba \u0159emesln\u00fdch m\u00fddel tvo\u0159en\u00fdch s v\u00e1\u0161n\u00ed","publisher":{"@id":"https:\/\/naturalbohemia.cz\/en\/#organization"},"potentialAction":[{"@type":"SearchAction","target":{"@type":"EntryPoint","urlTemplate":"https:\/\/naturalbohemia.cz\/en\/?s={search_term_string}"},"query-input":{"@type":"PropertyValueSpecification","valueRequired":true,"valueName":"search_term_string"}}],"inLanguage":"en-US"},{"@type":"Organization","@id":"https:\/\/naturalbohemia.cz\/en\/#organization","name":"Natural Bohemia","url":"https:\/\/naturalbohemia.cz\/en\/","logo":{"@type":"ImageObject","inLanguage":"en-US","@id":"https:\/\/naturalbohemia.cz\/en\/#\/schema\/logo\/image\/","url":"https:\/\/naturalbohemia.cz\/wp-content\/uploads\/2021\/01\/NB_logo_v4.png","contentUrl":"https:\/\/naturalbohemia.cz\/wp-content\/uploads\/2021\/01\/NB_logo_v4.png","width":2000,"height":789,"caption":"Natural Bohemia"},"image":{"@id":"https:\/\/naturalbohemia.cz\/en\/#\/schema\/logo\/image\/"},"sameAs":["https:\/\/www.facebook.com\/naturalbohemia\/","https:\/\/www.instagram.com\/naturalbohemia\/"]}]}},"jetpack_sharing_enabled":true,"_links":{"self":[{"href":"https:\/\/naturalbohemia.cz\/en\/wp-json\/wp\/v2\/product\/346","targetHints":{"allow":["GET"]}}],"collection":[{"href":"https:\/\/naturalbohemia.cz\/en\/wp-json\/wp\/v2\/product"}],"about":[{"href":"https:\/\/naturalbohemia.cz\/en\/wp-json\/wp\/v2\/types\/product"}],"replies":[{"embeddable":true,"href":"https:\/\/naturalbohemia.cz\/en\/wp-json\/wp\/v2\/comments?post=346"}],"wp:featuredmedia":[{"embeddable":true,"href":"https:\/\/naturalbohemia.cz\/en\/wp-json\/wp\/v2\/media\/1008"}],"wp:attachment":[{"href":"https:\/\/naturalbohemia.cz\/en\/wp-json\/wp\/v2\/media?parent=346"}],"wp:term":[{"taxonomy":"product_brand","embeddable":true,"href":"https:\/\/naturalbohemia.cz\/en\/wp-json\/wp\/v2\/product_brand?post=346"},{"taxonomy":"product_cat","embeddable":true,"href":"https:\/\/naturalbohemia.cz\/en\/wp-json\/wp\/v2\/product_cat?post=346"},{"taxonomy":"product_tag","embeddable":true,"href":"https:\/\/naturalbohemia.cz\/en\/wp-json\/wp\/v2\/product_tag?post=346"}],"curies":[{"name":"wp","href":"https:\/\/api.w.org\/{rel}","templated":true}]}}