{"id":498,"date":"2021-09-17T14:04:05","date_gmt":"2021-09-17T13:04:05","guid":{"rendered":"https:\/\/naturalbohemia.cz\/?post_type=product&#038;p=498"},"modified":"2025-09-04T22:12:16","modified_gmt":"2025-09-04T21:12:16","slug":"poustni-ruze-60-g","status":"publish","type":"product","link":"https:\/\/naturalbohemia.cz\/en\/product\/poustni-ruze-60-g\/","title":{"rendered":"POU\u0160TN\u00cd R\u016e\u017dE 60\u00a0g balen\u00e9"},"content":{"rendered":"<p>Kr\u00e1sn\u00e1 kv\u011btinov\u00e1 v\u016fn\u011b se snoub\u00ed s jemnost\u00ed tohoto m\u00fddla, kter\u00e9 v\u00e1s oslov\u00ed svou bohatou p\u011bnou. Je pocitov\u011b velmi jemn\u00e9 na k\u016f\u017ei. Obsahuje \u010derven\u00fd j\u00edl pln\u00fd miner\u00e1ln\u00edch l\u00e1tek, je detoxika\u010dn\u00ed, m\u00e1 uklid\u0148uj\u00edc\u00ed \u00fa\u010dinky, blahod\u00e1rn\u00fd vliv pro citlivou ple\u0165, zvl\u00e1\u010d\u0148uje a rozjas\u0148uje.<\/p>\n<p>Vhodn\u00e9 pro \u017eeny nejen s citlivou poko\u017ekou. M\u00fddlo je vhodn\u00e9 na cel\u00e9 t\u011blo.<\/p>","protected":false},"excerpt":{"rendered":"<p>ru\u010dn\u011b vyr\u00e1b\u011bn\u00e9 p\u0159\u00edrodn\u00ed m\u00fddlo s \u010derven\u00fdm j\u00edlem<\/p>","protected":false},"featured_media":499,"comment_status":"open","ping_status":"closed","template":"","meta":[],"product_brand":[],"product_cat":[27,23],"product_tag":[53,55,51],"class_list":{"0":"post-498","1":"product","2":"type-product","3":"status-publish","4":"has-post-thumbnail","6":"product_cat-jilova","7":"product_cat-mydla","8":"product_tag-ciste-rostlinne","9":"product_tag-rucni-vyroba","10":"product_tag-za-studena","12":"first","13":"outofstock","14":"shipping-taxable","15":"purchasable","16":"product-type-simple"},"yoast_head":"<!-- This site is optimized with the Yoast SEO plugin v25.9 - https:\/\/yoast.com\/wordpress\/plugins\/seo\/ -->\n<title>POU\u0160TN\u00cd R\u016e\u017dE 60\u00a0g balen\u00e9 - Natural Bohemia<\/title>\n<meta name=\"description\" content=\"P\u0159\u00edrodn\u00ed j\u00edlov\u00e9 m\u00fddlo s jemnou kv\u011btinovou v\u016fn\u00ed. Obsahuje \u010derven\u00fd j\u00edl pln\u00fd miner\u00e1ln\u00edch l\u00e1tek, je detoxika\u010dn\u00ed, m\u00e1 uklid\u0148uj\u00edc\u00ed \u00fa\u010dinky.\" \/>\n<meta name=\"robots\" content=\"index, follow, max-snippet:-1, max-image-preview:large, max-video-preview:-1\" \/>\n<link rel=\"canonical\" href=\"https:\/\/naturalbohemia.cz\/en\/product\/poustni-ruze-60-g\/\" \/>\n<meta property=\"og:locale\" content=\"en_US\" \/>\n<meta property=\"og:type\" content=\"article\" \/>\n<meta property=\"og:title\" content=\"POU\u0160TN\u00cd R\u016e\u017dE 60\u00a0g balen\u00e9 - Natural Bohemia\" \/>\n<meta property=\"og:description\" content=\"P\u0159\u00edrodn\u00ed j\u00edlov\u00e9 m\u00fddlo s jemnou kv\u011btinovou v\u016fn\u00ed. Obsahuje \u010derven\u00fd j\u00edl pln\u00fd miner\u00e1ln\u00edch l\u00e1tek, je detoxika\u010dn\u00ed, m\u00e1 uklid\u0148uj\u00edc\u00ed \u00fa\u010dinky.\" \/>\n<meta property=\"og:url\" content=\"https:\/\/naturalbohemia.cz\/en\/product\/poustni-ruze-60-g\/\" \/>\n<meta property=\"og:site_name\" content=\"Natural Bohemia\" \/>\n<meta property=\"article:publisher\" content=\"https:\/\/www.facebook.com\/naturalbohemia\/\" \/>\n<meta property=\"article:modified_time\" content=\"2025-09-04T21:12:16+00:00\" \/>\n<meta property=\"og:image\" content=\"https:\/\/naturalbohemia.cz\/wp-content\/uploads\/2021\/09\/Poustni_ruze_male_1-scaled.jpg\" \/>\n\t<meta property=\"og:image:width\" content=\"2560\" \/>\n\t<meta property=\"og:image:height\" content=\"1729\" \/>\n\t<meta property=\"og:image:type\" content=\"image\/jpeg\" \/>\n<meta name=\"twitter:card\" content=\"summary_large_image\" \/>\n<script type=\"application\/ld+json\" class=\"yoast-schema-graph\">{\"@context\":\"https:\/\/schema.org\",\"@graph\":[{\"@type\":\"WebPage\",\"@id\":\"https:\/\/naturalbohemia.cz\/product\/poustni-ruze-60-g\/\",\"url\":\"https:\/\/naturalbohemia.cz\/product\/poustni-ruze-60-g\/\",\"name\":\"POU\u0160TN\u00cd R\u016e\u017dE 60\u00a0g balen\u00e9 - Natural Bohemia\",\"isPartOf\":{\"@id\":\"https:\/\/naturalbohemia.cz\/en\/#website\"},\"primaryImageOfPage\":{\"@id\":\"https:\/\/naturalbohemia.cz\/product\/poustni-ruze-60-g\/#primaryimage\"},\"image\":{\"@id\":\"https:\/\/naturalbohemia.cz\/product\/poustni-ruze-60-g\/#primaryimage\"},\"thumbnailUrl\":\"https:\/\/i0.wp.com\/naturalbohemia.cz\/wp-content\/uploads\/2021\/09\/Poustni_ruze_male_1-scaled.jpg?fit=2560%2C1729&ssl=1\",\"datePublished\":\"2021-09-17T13:04:05+00:00\",\"dateModified\":\"2025-09-04T21:12:16+00:00\",\"description\":\"P\u0159\u00edrodn\u00ed j\u00edlov\u00e9 m\u00fddlo s jemnou kv\u011btinovou v\u016fn\u00ed. Obsahuje \u010derven\u00fd j\u00edl pln\u00fd miner\u00e1ln\u00edch l\u00e1tek, je detoxika\u010dn\u00ed, m\u00e1 uklid\u0148uj\u00edc\u00ed \u00fa\u010dinky.\",\"breadcrumb\":{\"@id\":\"https:\/\/naturalbohemia.cz\/product\/poustni-ruze-60-g\/#breadcrumb\"},\"inLanguage\":\"en-US\",\"potentialAction\":[{\"@type\":\"ReadAction\",\"target\":[\"https:\/\/naturalbohemia.cz\/product\/poustni-ruze-60-g\/\"]}]},{\"@type\":\"ImageObject\",\"inLanguage\":\"en-US\",\"@id\":\"https:\/\/naturalbohemia.cz\/product\/poustni-ruze-60-g\/#primaryimage\",\"url\":\"https:\/\/i0.wp.com\/naturalbohemia.cz\/wp-content\/uploads\/2021\/09\/Poustni_ruze_male_1-scaled.jpg?fit=2560%2C1729&ssl=1\",\"contentUrl\":\"https:\/\/i0.wp.com\/naturalbohemia.cz\/wp-content\/uploads\/2021\/09\/Poustni_ruze_male_1-scaled.jpg?fit=2560%2C1729&ssl=1\",\"width\":2560,\"height\":1729},{\"@type\":\"BreadcrumbList\",\"@id\":\"https:\/\/naturalbohemia.cz\/product\/poustni-ruze-60-g\/#breadcrumb\",\"itemListElement\":[{\"@type\":\"ListItem\",\"position\":1,\"name\":\"Dom\u016f\",\"item\":\"https:\/\/naturalbohemia.cz\/\"},{\"@type\":\"ListItem\",\"position\":2,\"name\":\"obchod\",\"item\":\"https:\/\/naturalbohemia.cz\/en\/shop\/\"},{\"@type\":\"ListItem\",\"position\":3,\"name\":\"POU\u0160TN\u00cd R\u016e\u017dE 60\u00a0g balen\u00e9\"}]},{\"@type\":\"WebSite\",\"@id\":\"https:\/\/naturalbohemia.cz\/en\/#website\",\"url\":\"https:\/\/naturalbohemia.cz\/en\/\",\"name\":\"Natural Bohemia\",\"description\":\"v\u00fdroba \u0159emesln\u00fdch m\u00fddel tvo\u0159en\u00fdch s v\u00e1\u0161n\u00ed\",\"publisher\":{\"@id\":\"https:\/\/naturalbohemia.cz\/en\/#organization\"},\"potentialAction\":[{\"@type\":\"SearchAction\",\"target\":{\"@type\":\"EntryPoint\",\"urlTemplate\":\"https:\/\/naturalbohemia.cz\/en\/?s={search_term_string}\"},\"query-input\":{\"@type\":\"PropertyValueSpecification\",\"valueRequired\":true,\"valueName\":\"search_term_string\"}}],\"inLanguage\":\"en-US\"},{\"@type\":\"Organization\",\"@id\":\"https:\/\/naturalbohemia.cz\/en\/#organization\",\"name\":\"Natural Bohemia\",\"url\":\"https:\/\/naturalbohemia.cz\/en\/\",\"logo\":{\"@type\":\"ImageObject\",\"inLanguage\":\"en-US\",\"@id\":\"https:\/\/naturalbohemia.cz\/en\/#\/schema\/logo\/image\/\",\"url\":\"https:\/\/naturalbohemia.cz\/wp-content\/uploads\/2021\/01\/NB_logo_v4.png\",\"contentUrl\":\"https:\/\/naturalbohemia.cz\/wp-content\/uploads\/2021\/01\/NB_logo_v4.png\",\"width\":2000,\"height\":789,\"caption\":\"Natural Bohemia\"},\"image\":{\"@id\":\"https:\/\/naturalbohemia.cz\/en\/#\/schema\/logo\/image\/\"},\"sameAs\":[\"https:\/\/www.facebook.com\/naturalbohemia\/\",\"https:\/\/www.instagram.com\/naturalbohemia\/\"]}]}<\/script>\n<!-- \/ Yoast SEO plugin. -->","yoast_head_json":{"title":"POU\u0160TN\u00cd R\u016e\u017dE 60\u00a0g balen\u00e9 - Natural Bohemia","description":"P\u0159\u00edrodn\u00ed j\u00edlov\u00e9 m\u00fddlo s jemnou kv\u011btinovou v\u016fn\u00ed. Obsahuje \u010derven\u00fd j\u00edl pln\u00fd miner\u00e1ln\u00edch l\u00e1tek, je detoxika\u010dn\u00ed, m\u00e1 uklid\u0148uj\u00edc\u00ed \u00fa\u010dinky.","robots":{"index":"index","follow":"follow","max-snippet":"max-snippet:-1","max-image-preview":"max-image-preview:large","max-video-preview":"max-video-preview:-1"},"canonical":"https:\/\/naturalbohemia.cz\/en\/product\/poustni-ruze-60-g\/","og_locale":"en_US","og_type":"article","og_title":"POU\u0160TN\u00cd R\u016e\u017dE 60\u00a0g balen\u00e9 - Natural Bohemia","og_description":"P\u0159\u00edrodn\u00ed j\u00edlov\u00e9 m\u00fddlo s jemnou kv\u011btinovou v\u016fn\u00ed. Obsahuje \u010derven\u00fd j\u00edl pln\u00fd miner\u00e1ln\u00edch l\u00e1tek, je detoxika\u010dn\u00ed, m\u00e1 uklid\u0148uj\u00edc\u00ed \u00fa\u010dinky.","og_url":"https:\/\/naturalbohemia.cz\/en\/product\/poustni-ruze-60-g\/","og_site_name":"Natural Bohemia","article_publisher":"https:\/\/www.facebook.com\/naturalbohemia\/","article_modified_time":"2025-09-04T21:12:16+00:00","og_image":[{"width":2560,"height":1729,"url":"https:\/\/naturalbohemia.cz\/wp-content\/uploads\/2021\/09\/Poustni_ruze_male_1-scaled.jpg","type":"image\/jpeg"}],"twitter_card":"summary_large_image","schema":{"@context":"https:\/\/schema.org","@graph":[{"@type":"WebPage","@id":"https:\/\/naturalbohemia.cz\/product\/poustni-ruze-60-g\/","url":"https:\/\/naturalbohemia.cz\/product\/poustni-ruze-60-g\/","name":"POU\u0160TN\u00cd R\u016e\u017dE 60\u00a0g balen\u00e9 - Natural Bohemia","isPartOf":{"@id":"https:\/\/naturalbohemia.cz\/en\/#website"},"primaryImageOfPage":{"@id":"https:\/\/naturalbohemia.cz\/product\/poustni-ruze-60-g\/#primaryimage"},"image":{"@id":"https:\/\/naturalbohemia.cz\/product\/poustni-ruze-60-g\/#primaryimage"},"thumbnailUrl":"https:\/\/i0.wp.com\/naturalbohemia.cz\/wp-content\/uploads\/2021\/09\/Poustni_ruze_male_1-scaled.jpg?fit=2560%2C1729&ssl=1","datePublished":"2021-09-17T13:04:05+00:00","dateModified":"2025-09-04T21:12:16+00:00","description":"P\u0159\u00edrodn\u00ed j\u00edlov\u00e9 m\u00fddlo s jemnou kv\u011btinovou v\u016fn\u00ed. Obsahuje \u010derven\u00fd j\u00edl pln\u00fd miner\u00e1ln\u00edch l\u00e1tek, je detoxika\u010dn\u00ed, m\u00e1 uklid\u0148uj\u00edc\u00ed \u00fa\u010dinky.","breadcrumb":{"@id":"https:\/\/naturalbohemia.cz\/product\/poustni-ruze-60-g\/#breadcrumb"},"inLanguage":"en-US","potentialAction":[{"@type":"ReadAction","target":["https:\/\/naturalbohemia.cz\/product\/poustni-ruze-60-g\/"]}]},{"@type":"ImageObject","inLanguage":"en-US","@id":"https:\/\/naturalbohemia.cz\/product\/poustni-ruze-60-g\/#primaryimage","url":"https:\/\/i0.wp.com\/naturalbohemia.cz\/wp-content\/uploads\/2021\/09\/Poustni_ruze_male_1-scaled.jpg?fit=2560%2C1729&ssl=1","contentUrl":"https:\/\/i0.wp.com\/naturalbohemia.cz\/wp-content\/uploads\/2021\/09\/Poustni_ruze_male_1-scaled.jpg?fit=2560%2C1729&ssl=1","width":2560,"height":1729},{"@type":"BreadcrumbList","@id":"https:\/\/naturalbohemia.cz\/product\/poustni-ruze-60-g\/#breadcrumb","itemListElement":[{"@type":"ListItem","position":1,"name":"Dom\u016f","item":"https:\/\/naturalbohemia.cz\/"},{"@type":"ListItem","position":2,"name":"obchod","item":"https:\/\/naturalbohemia.cz\/en\/shop\/"},{"@type":"ListItem","position":3,"name":"POU\u0160TN\u00cd R\u016e\u017dE 60\u00a0g balen\u00e9"}]},{"@type":"WebSite","@id":"https:\/\/naturalbohemia.cz\/en\/#website","url":"https:\/\/naturalbohemia.cz\/en\/","name":"Natural Bohemia","description":"v\u00fdroba \u0159emesln\u00fdch m\u00fddel tvo\u0159en\u00fdch s v\u00e1\u0161n\u00ed","publisher":{"@id":"https:\/\/naturalbohemia.cz\/en\/#organization"},"potentialAction":[{"@type":"SearchAction","target":{"@type":"EntryPoint","urlTemplate":"https:\/\/naturalbohemia.cz\/en\/?s={search_term_string}"},"query-input":{"@type":"PropertyValueSpecification","valueRequired":true,"valueName":"search_term_string"}}],"inLanguage":"en-US"},{"@type":"Organization","@id":"https:\/\/naturalbohemia.cz\/en\/#organization","name":"Natural Bohemia","url":"https:\/\/naturalbohemia.cz\/en\/","logo":{"@type":"ImageObject","inLanguage":"en-US","@id":"https:\/\/naturalbohemia.cz\/en\/#\/schema\/logo\/image\/","url":"https:\/\/naturalbohemia.cz\/wp-content\/uploads\/2021\/01\/NB_logo_v4.png","contentUrl":"https:\/\/naturalbohemia.cz\/wp-content\/uploads\/2021\/01\/NB_logo_v4.png","width":2000,"height":789,"caption":"Natural Bohemia"},"image":{"@id":"https:\/\/naturalbohemia.cz\/en\/#\/schema\/logo\/image\/"},"sameAs":["https:\/\/www.facebook.com\/naturalbohemia\/","https:\/\/www.instagram.com\/naturalbohemia\/"]}]}},"jetpack_sharing_enabled":true,"_links":{"self":[{"href":"https:\/\/naturalbohemia.cz\/en\/wp-json\/wp\/v2\/product\/498","targetHints":{"allow":["GET"]}}],"collection":[{"href":"https:\/\/naturalbohemia.cz\/en\/wp-json\/wp\/v2\/product"}],"about":[{"href":"https:\/\/naturalbohemia.cz\/en\/wp-json\/wp\/v2\/types\/product"}],"replies":[{"embeddable":true,"href":"https:\/\/naturalbohemia.cz\/en\/wp-json\/wp\/v2\/comments?post=498"}],"wp:featuredmedia":[{"embeddable":true,"href":"https:\/\/naturalbohemia.cz\/en\/wp-json\/wp\/v2\/media\/499"}],"wp:attachment":[{"href":"https:\/\/naturalbohemia.cz\/en\/wp-json\/wp\/v2\/media?parent=498"}],"wp:term":[{"taxonomy":"product_brand","embeddable":true,"href":"https:\/\/naturalbohemia.cz\/en\/wp-json\/wp\/v2\/product_brand?post=498"},{"taxonomy":"product_cat","embeddable":true,"href":"https:\/\/naturalbohemia.cz\/en\/wp-json\/wp\/v2\/product_cat?post=498"},{"taxonomy":"product_tag","embeddable":true,"href":"https:\/\/naturalbohemia.cz\/en\/wp-json\/wp\/v2\/product_tag?post=498"}],"curies":[{"name":"wp","href":"https:\/\/api.w.org\/{rel}","templated":true}]}}