{"id":574,"date":"2021-12-08T09:21:37","date_gmt":"2021-12-08T08:21:37","guid":{"rendered":"https:\/\/naturalbohemia.cz\/?post_type=product&#038;p=574"},"modified":"2025-09-04T22:12:18","modified_gmt":"2025-09-04T21:12:18","slug":"wild-man-35-g","status":"publish","type":"product","link":"https:\/\/naturalbohemia.cz\/en\/product\/wild-man-35-g\/","title":{"rendered":"WILD MAN 60 g"},"content":{"rendered":"<p>Black soap for men who love adventure, exploring distant horizons and enjoying wilder places. Irresistible fresh scent of white tea, mint and lemon grass.<\/p>\n<p>A gentle, fragrant soap with a high content of shea butter that has regenerative effects, cocoa butter for skin hydration and castor oil for moisturizing your skin. Lard has the structure of our skin - it's hypoallergenic, softens your skin and helps form fine soap suds.<\/p>\n<p>The soap is intended for the whole body, normal and dry skin.<\/p>\n<p>Very popular and best seller :-)<\/p>\n<p>P\u0159ijde zabaleno v pap\u00edrov\u00e9m pytl\u00edku.<\/p>","protected":false},"excerpt":{"rendered":"<p>Handmade soap with moisturizing effects, suitable for rough but not ready men.<\/p>","protected":false},"featured_media":389,"comment_status":"open","ping_status":"closed","template":"","meta":[],"product_brand":[],"product_cat":[23,35],"product_tag":[55,51,54],"class_list":{"0":"post-574","1":"product","2":"type-product","3":"status-publish","4":"has-post-thumbnail","6":"product_cat-mydla","7":"product_cat-pro-muze","8":"product_tag-rucni-vyroba","9":"product_tag-za-studena","10":"product_tag-zivocisne-prisady","12":"first","13":"outofstock","14":"shipping-taxable","15":"purchasable","16":"product-type-simple"},"yoast_head":"<!-- This site is optimized with the Yoast SEO plugin v25.9 - https:\/\/yoast.com\/wordpress\/plugins\/seo\/ -->\n<title>WILD MAN 60 g - Natural Bohemia<\/title>\n<meta name=\"description\" content=\"Ru\u010dn\u011b vyr\u00e1b\u011bn\u00e9 m\u00fddlo s hydrata\u010dn\u00edmi \u00fa\u010dinky, vhodn\u00e9 pro mu\u017ee. Neodolateln\u00e1 sv\u011b\u017e\u00ed v\u016fn\u011b b\u00edl\u00e9ho \u010daje, m\u00e1ty a citronov\u00e9 tr\u00e1vy.\" \/>\n<meta name=\"robots\" content=\"index, follow, max-snippet:-1, max-image-preview:large, max-video-preview:-1\" \/>\n<link rel=\"canonical\" href=\"https:\/\/naturalbohemia.cz\/en\/product\/wild-man-35-g\/\" \/>\n<meta property=\"og:locale\" content=\"en_US\" \/>\n<meta property=\"og:type\" content=\"article\" \/>\n<meta property=\"og:title\" content=\"WILD MAN 60 g - Natural Bohemia\" \/>\n<meta property=\"og:description\" content=\"Ru\u010dn\u011b vyr\u00e1b\u011bn\u00e9 m\u00fddlo s hydrata\u010dn\u00edmi \u00fa\u010dinky, vhodn\u00e9 pro mu\u017ee. Neodolateln\u00e1 sv\u011b\u017e\u00ed v\u016fn\u011b b\u00edl\u00e9ho \u010daje, m\u00e1ty a citronov\u00e9 tr\u00e1vy.\" \/>\n<meta property=\"og:url\" content=\"https:\/\/naturalbohemia.cz\/en\/product\/wild-man-35-g\/\" \/>\n<meta property=\"og:site_name\" content=\"Natural Bohemia\" \/>\n<meta property=\"article:publisher\" content=\"https:\/\/www.facebook.com\/naturalbohemia\/\" \/>\n<meta property=\"article:modified_time\" content=\"2025-09-04T21:12:18+00:00\" \/>\n<meta property=\"og:image\" content=\"https:\/\/naturalbohemia.cz\/wp-content\/uploads\/2021\/02\/Wild_Man_small_01-scaled.jpg\" \/>\n\t<meta property=\"og:image:width\" content=\"2560\" \/>\n\t<meta property=\"og:image:height\" content=\"1920\" \/>\n\t<meta property=\"og:image:type\" content=\"image\/jpeg\" \/>\n<meta name=\"twitter:card\" content=\"summary_large_image\" \/>\n<script type=\"application\/ld+json\" class=\"yoast-schema-graph\">{\"@context\":\"https:\/\/schema.org\",\"@graph\":[{\"@type\":[\"WebPage\",\"ItemPage\"],\"@id\":\"https:\/\/naturalbohemia.cz\/product\/wild-man-35-g\/\",\"url\":\"https:\/\/naturalbohemia.cz\/product\/wild-man-35-g\/\",\"name\":\"WILD MAN 60 g - Natural Bohemia\",\"isPartOf\":{\"@id\":\"https:\/\/naturalbohemia.cz\/en\/#website\"},\"primaryImageOfPage\":{\"@id\":\"https:\/\/naturalbohemia.cz\/product\/wild-man-35-g\/#primaryimage\"},\"image\":{\"@id\":\"https:\/\/naturalbohemia.cz\/product\/wild-man-35-g\/#primaryimage\"},\"thumbnailUrl\":\"https:\/\/i0.wp.com\/naturalbohemia.cz\/wp-content\/uploads\/2021\/02\/Wild_Man_small_01-scaled.jpg?fit=2560%2C1920&ssl=1\",\"datePublished\":\"2021-12-08T08:21:37+00:00\",\"dateModified\":\"2025-09-04T21:12:18+00:00\",\"description\":\"Ru\u010dn\u011b vyr\u00e1b\u011bn\u00e9 m\u00fddlo s hydrata\u010dn\u00edmi \u00fa\u010dinky, vhodn\u00e9 pro mu\u017ee. Neodolateln\u00e1 sv\u011b\u017e\u00ed v\u016fn\u011b b\u00edl\u00e9ho \u010daje, m\u00e1ty a citronov\u00e9 tr\u00e1vy.\",\"breadcrumb\":{\"@id\":\"https:\/\/naturalbohemia.cz\/product\/wild-man-35-g\/#breadcrumb\"},\"inLanguage\":\"en-US\",\"potentialAction\":[{\"@type\":\"ReadAction\",\"target\":[\"https:\/\/naturalbohemia.cz\/product\/wild-man-35-g\/\"]}]},{\"@type\":\"ImageObject\",\"inLanguage\":\"en-US\",\"@id\":\"https:\/\/naturalbohemia.cz\/product\/wild-man-35-g\/#primaryimage\",\"url\":\"https:\/\/i0.wp.com\/naturalbohemia.cz\/wp-content\/uploads\/2021\/02\/Wild_Man_small_01-scaled.jpg?fit=2560%2C1920&ssl=1\",\"contentUrl\":\"https:\/\/i0.wp.com\/naturalbohemia.cz\/wp-content\/uploads\/2021\/02\/Wild_Man_small_01-scaled.jpg?fit=2560%2C1920&ssl=1\",\"width\":2560,\"height\":1920},{\"@type\":\"BreadcrumbList\",\"@id\":\"https:\/\/naturalbohemia.cz\/product\/wild-man-35-g\/#breadcrumb\",\"itemListElement\":[{\"@type\":\"ListItem\",\"position\":1,\"name\":\"Dom\u016f\",\"item\":\"https:\/\/naturalbohemia.cz\/\"},{\"@type\":\"ListItem\",\"position\":2,\"name\":\"obchod\",\"item\":\"https:\/\/naturalbohemia.cz\/en\/shop\/\"},{\"@type\":\"ListItem\",\"position\":3,\"name\":\"WILD MAN 60 g\"}]},{\"@type\":\"WebSite\",\"@id\":\"https:\/\/naturalbohemia.cz\/en\/#website\",\"url\":\"https:\/\/naturalbohemia.cz\/en\/\",\"name\":\"Natural Bohemia\",\"description\":\"v\u00fdroba \u0159emesln\u00fdch m\u00fddel tvo\u0159en\u00fdch s v\u00e1\u0161n\u00ed\",\"publisher\":{\"@id\":\"https:\/\/naturalbohemia.cz\/en\/#organization\"},\"potentialAction\":[{\"@type\":\"SearchAction\",\"target\":{\"@type\":\"EntryPoint\",\"urlTemplate\":\"https:\/\/naturalbohemia.cz\/en\/?s={search_term_string}\"},\"query-input\":{\"@type\":\"PropertyValueSpecification\",\"valueRequired\":true,\"valueName\":\"search_term_string\"}}],\"inLanguage\":\"en-US\"},{\"@type\":\"Organization\",\"@id\":\"https:\/\/naturalbohemia.cz\/en\/#organization\",\"name\":\"Natural Bohemia\",\"url\":\"https:\/\/naturalbohemia.cz\/en\/\",\"logo\":{\"@type\":\"ImageObject\",\"inLanguage\":\"en-US\",\"@id\":\"https:\/\/naturalbohemia.cz\/en\/#\/schema\/logo\/image\/\",\"url\":\"https:\/\/naturalbohemia.cz\/wp-content\/uploads\/2021\/01\/NB_logo_v4.png\",\"contentUrl\":\"https:\/\/naturalbohemia.cz\/wp-content\/uploads\/2021\/01\/NB_logo_v4.png\",\"width\":2000,\"height\":789,\"caption\":\"Natural Bohemia\"},\"image\":{\"@id\":\"https:\/\/naturalbohemia.cz\/en\/#\/schema\/logo\/image\/\"},\"sameAs\":[\"https:\/\/www.facebook.com\/naturalbohemia\/\",\"https:\/\/www.instagram.com\/naturalbohemia\/\"]}]}<\/script>\n<!-- \/ Yoast SEO plugin. -->","yoast_head_json":{"title":"WILD MAN 60 g - Natural Bohemia","description":"Ru\u010dn\u011b vyr\u00e1b\u011bn\u00e9 m\u00fddlo s hydrata\u010dn\u00edmi \u00fa\u010dinky, vhodn\u00e9 pro mu\u017ee. Neodolateln\u00e1 sv\u011b\u017e\u00ed v\u016fn\u011b b\u00edl\u00e9ho \u010daje, m\u00e1ty a citronov\u00e9 tr\u00e1vy.","robots":{"index":"index","follow":"follow","max-snippet":"max-snippet:-1","max-image-preview":"max-image-preview:large","max-video-preview":"max-video-preview:-1"},"canonical":"https:\/\/naturalbohemia.cz\/en\/product\/wild-man-35-g\/","og_locale":"en_US","og_type":"article","og_title":"WILD MAN 60 g - Natural Bohemia","og_description":"Ru\u010dn\u011b vyr\u00e1b\u011bn\u00e9 m\u00fddlo s hydrata\u010dn\u00edmi \u00fa\u010dinky, vhodn\u00e9 pro mu\u017ee. Neodolateln\u00e1 sv\u011b\u017e\u00ed v\u016fn\u011b b\u00edl\u00e9ho \u010daje, m\u00e1ty a citronov\u00e9 tr\u00e1vy.","og_url":"https:\/\/naturalbohemia.cz\/en\/product\/wild-man-35-g\/","og_site_name":"Natural Bohemia","article_publisher":"https:\/\/www.facebook.com\/naturalbohemia\/","article_modified_time":"2025-09-04T21:12:18+00:00","og_image":[{"width":2560,"height":1920,"url":"https:\/\/naturalbohemia.cz\/wp-content\/uploads\/2021\/02\/Wild_Man_small_01-scaled.jpg","type":"image\/jpeg"}],"twitter_card":"summary_large_image","schema":{"@context":"https:\/\/schema.org","@graph":[{"@type":["WebPage","ItemPage"],"@id":"https:\/\/naturalbohemia.cz\/product\/wild-man-35-g\/","url":"https:\/\/naturalbohemia.cz\/product\/wild-man-35-g\/","name":"WILD MAN 60 g - Natural Bohemia","isPartOf":{"@id":"https:\/\/naturalbohemia.cz\/en\/#website"},"primaryImageOfPage":{"@id":"https:\/\/naturalbohemia.cz\/product\/wild-man-35-g\/#primaryimage"},"image":{"@id":"https:\/\/naturalbohemia.cz\/product\/wild-man-35-g\/#primaryimage"},"thumbnailUrl":"https:\/\/i0.wp.com\/naturalbohemia.cz\/wp-content\/uploads\/2021\/02\/Wild_Man_small_01-scaled.jpg?fit=2560%2C1920&ssl=1","datePublished":"2021-12-08T08:21:37+00:00","dateModified":"2025-09-04T21:12:18+00:00","description":"Ru\u010dn\u011b vyr\u00e1b\u011bn\u00e9 m\u00fddlo s hydrata\u010dn\u00edmi \u00fa\u010dinky, vhodn\u00e9 pro mu\u017ee. Neodolateln\u00e1 sv\u011b\u017e\u00ed v\u016fn\u011b b\u00edl\u00e9ho \u010daje, m\u00e1ty a citronov\u00e9 tr\u00e1vy.","breadcrumb":{"@id":"https:\/\/naturalbohemia.cz\/product\/wild-man-35-g\/#breadcrumb"},"inLanguage":"en-US","potentialAction":[{"@type":"ReadAction","target":["https:\/\/naturalbohemia.cz\/product\/wild-man-35-g\/"]}]},{"@type":"ImageObject","inLanguage":"en-US","@id":"https:\/\/naturalbohemia.cz\/product\/wild-man-35-g\/#primaryimage","url":"https:\/\/i0.wp.com\/naturalbohemia.cz\/wp-content\/uploads\/2021\/02\/Wild_Man_small_01-scaled.jpg?fit=2560%2C1920&ssl=1","contentUrl":"https:\/\/i0.wp.com\/naturalbohemia.cz\/wp-content\/uploads\/2021\/02\/Wild_Man_small_01-scaled.jpg?fit=2560%2C1920&ssl=1","width":2560,"height":1920},{"@type":"BreadcrumbList","@id":"https:\/\/naturalbohemia.cz\/product\/wild-man-35-g\/#breadcrumb","itemListElement":[{"@type":"ListItem","position":1,"name":"Dom\u016f","item":"https:\/\/naturalbohemia.cz\/"},{"@type":"ListItem","position":2,"name":"obchod","item":"https:\/\/naturalbohemia.cz\/en\/shop\/"},{"@type":"ListItem","position":3,"name":"WILD MAN 60 g"}]},{"@type":"WebSite","@id":"https:\/\/naturalbohemia.cz\/en\/#website","url":"https:\/\/naturalbohemia.cz\/en\/","name":"Natural Bohemia","description":"v\u00fdroba \u0159emesln\u00fdch m\u00fddel tvo\u0159en\u00fdch s v\u00e1\u0161n\u00ed","publisher":{"@id":"https:\/\/naturalbohemia.cz\/en\/#organization"},"potentialAction":[{"@type":"SearchAction","target":{"@type":"EntryPoint","urlTemplate":"https:\/\/naturalbohemia.cz\/en\/?s={search_term_string}"},"query-input":{"@type":"PropertyValueSpecification","valueRequired":true,"valueName":"search_term_string"}}],"inLanguage":"en-US"},{"@type":"Organization","@id":"https:\/\/naturalbohemia.cz\/en\/#organization","name":"Natural Bohemia","url":"https:\/\/naturalbohemia.cz\/en\/","logo":{"@type":"ImageObject","inLanguage":"en-US","@id":"https:\/\/naturalbohemia.cz\/en\/#\/schema\/logo\/image\/","url":"https:\/\/naturalbohemia.cz\/wp-content\/uploads\/2021\/01\/NB_logo_v4.png","contentUrl":"https:\/\/naturalbohemia.cz\/wp-content\/uploads\/2021\/01\/NB_logo_v4.png","width":2000,"height":789,"caption":"Natural Bohemia"},"image":{"@id":"https:\/\/naturalbohemia.cz\/en\/#\/schema\/logo\/image\/"},"sameAs":["https:\/\/www.facebook.com\/naturalbohemia\/","https:\/\/www.instagram.com\/naturalbohemia\/"]}]}},"jetpack_sharing_enabled":true,"_links":{"self":[{"href":"https:\/\/naturalbohemia.cz\/en\/wp-json\/wp\/v2\/product\/574","targetHints":{"allow":["GET"]}}],"collection":[{"href":"https:\/\/naturalbohemia.cz\/en\/wp-json\/wp\/v2\/product"}],"about":[{"href":"https:\/\/naturalbohemia.cz\/en\/wp-json\/wp\/v2\/types\/product"}],"replies":[{"embeddable":true,"href":"https:\/\/naturalbohemia.cz\/en\/wp-json\/wp\/v2\/comments?post=574"}],"wp:featuredmedia":[{"embeddable":true,"href":"https:\/\/naturalbohemia.cz\/en\/wp-json\/wp\/v2\/media\/389"}],"wp:attachment":[{"href":"https:\/\/naturalbohemia.cz\/en\/wp-json\/wp\/v2\/media?parent=574"}],"wp:term":[{"taxonomy":"product_brand","embeddable":true,"href":"https:\/\/naturalbohemia.cz\/en\/wp-json\/wp\/v2\/product_brand?post=574"},{"taxonomy":"product_cat","embeddable":true,"href":"https:\/\/naturalbohemia.cz\/en\/wp-json\/wp\/v2\/product_cat?post=574"},{"taxonomy":"product_tag","embeddable":true,"href":"https:\/\/naturalbohemia.cz\/en\/wp-json\/wp\/v2\/product_tag?post=574"}],"curies":[{"name":"wp","href":"https:\/\/api.w.org\/{rel}","templated":true}]}}