{"id":579,"date":"2021-12-08T09:45:29","date_gmt":"2021-12-08T08:45:29","guid":{"rendered":"https:\/\/naturalbohemia.cz\/?post_type=product&#038;p=579"},"modified":"2025-09-04T22:12:18","modified_gmt":"2025-09-04T21:12:18","slug":"bosorka-60-g-balene","status":"publish","type":"product","link":"https:\/\/naturalbohemia.cz\/en\/product\/bosorka-60-g-balene\/","title":{"rendered":"BOSORKA 60\u00a0g balen\u00e9"},"content":{"rendered":"<p>The delicate scent of spring and flowering cherries blend beautifully with the silky touch of shea butter and olive oil. The soap contains pink clay, which is beneficial for all skin types but especially for mature and sensitive skin. \n<br><br>\nThe soap has hydrating properties where pink clay helps to improve the overall structure of the skin while gently exfoliating, cleansing, detoxifying. And it brightens your skin and your mood :-). The soap is intended for your whole body.<\/p>\n<p>Gentle, moisturizing soap especially for mature and sensitive skin.<\/p>","protected":false},"excerpt":{"rendered":"<p>Natural clay soap made 100% by hand.<\/p>","protected":false},"featured_media":421,"comment_status":"open","ping_status":"closed","template":"","meta":[],"product_brand":[],"product_cat":[27,23],"product_tag":[53,55,51],"class_list":{"0":"post-579","1":"product","2":"type-product","3":"status-publish","4":"has-post-thumbnail","6":"product_cat-jilova","7":"product_cat-mydla","8":"product_tag-ciste-rostlinne","9":"product_tag-rucni-vyroba","10":"product_tag-za-studena","12":"first","13":"outofstock","14":"shipping-taxable","15":"purchasable","16":"product-type-simple"},"yoast_head":"<!-- This site is optimized with the Yoast SEO plugin v25.9 - https:\/\/yoast.com\/wordpress\/plugins\/seo\/ -->\n<title>BOSORKA 60\u00a0g balen\u00e9 - Natural Bohemia<\/title>\n<meta name=\"description\" content=\"Ru\u010dn\u011b vyr\u00e1b\u011bn\u00e9 m\u00fddlo s v\u016fn\u00ed jara a rozkvetl\u00e9 t\u0159e\u0161n\u011b, kter\u00e1 kr\u00e1sn\u011b souzn\u00ed s hedv\u00e1bn\u00fdm dotykem bambuck\u00e9ho m\u00e1sla a olivov\u00e9ho oleje. V m\u00fddle je obsa\u017een r\u016f\u017eov\u00fd j\u00edl, kter\u00fd je prosp\u011b\u0161n\u00fd pro v\u0161echny typy pleti, obzvl\u00e1\u0161t\u011b pro zralou a citlivou ple\u0165.\" \/>\n<meta name=\"robots\" content=\"index, follow, max-snippet:-1, max-image-preview:large, max-video-preview:-1\" \/>\n<link rel=\"canonical\" href=\"https:\/\/naturalbohemia.cz\/en\/product\/bosorka-60-g-balene\/\" \/>\n<meta property=\"og:locale\" content=\"en_US\" \/>\n<meta property=\"og:type\" content=\"article\" \/>\n<meta property=\"og:title\" content=\"BOSORKA 60\u00a0g balen\u00e9 - Natural Bohemia\" \/>\n<meta property=\"og:description\" content=\"Ru\u010dn\u011b vyr\u00e1b\u011bn\u00e9 m\u00fddlo s v\u016fn\u00ed jara a rozkvetl\u00e9 t\u0159e\u0161n\u011b, kter\u00e1 kr\u00e1sn\u011b souzn\u00ed s hedv\u00e1bn\u00fdm dotykem bambuck\u00e9ho m\u00e1sla a olivov\u00e9ho oleje. V m\u00fddle je obsa\u017een r\u016f\u017eov\u00fd j\u00edl, kter\u00fd je prosp\u011b\u0161n\u00fd pro v\u0161echny typy pleti, obzvl\u00e1\u0161t\u011b pro zralou a citlivou ple\u0165.\" \/>\n<meta property=\"og:url\" content=\"https:\/\/naturalbohemia.cz\/en\/product\/bosorka-60-g-balene\/\" \/>\n<meta property=\"og:site_name\" content=\"Natural Bohemia\" \/>\n<meta property=\"article:publisher\" content=\"https:\/\/www.facebook.com\/naturalbohemia\/\" \/>\n<meta property=\"article:modified_time\" content=\"2025-09-04T21:12:18+00:00\" \/>\n<meta property=\"og:image\" content=\"https:\/\/naturalbohemia.cz\/wp-content\/uploads\/2021\/03\/Bosorka_small_01-scaled.jpg\" \/>\n\t<meta property=\"og:image:width\" content=\"2560\" \/>\n\t<meta property=\"og:image:height\" content=\"2240\" \/>\n\t<meta property=\"og:image:type\" content=\"image\/jpeg\" \/>\n<meta name=\"twitter:card\" content=\"summary_large_image\" \/>\n<script type=\"application\/ld+json\" class=\"yoast-schema-graph\">{\"@context\":\"https:\/\/schema.org\",\"@graph\":[{\"@type\":[\"WebPage\",\"ItemPage\"],\"@id\":\"https:\/\/naturalbohemia.cz\/product\/bosorka-60-g-balene\/\",\"url\":\"https:\/\/naturalbohemia.cz\/product\/bosorka-60-g-balene\/\",\"name\":\"BOSORKA 60\u00a0g balen\u00e9 - Natural Bohemia\",\"isPartOf\":{\"@id\":\"https:\/\/naturalbohemia.cz\/en\/#website\"},\"primaryImageOfPage\":{\"@id\":\"https:\/\/naturalbohemia.cz\/product\/bosorka-60-g-balene\/#primaryimage\"},\"image\":{\"@id\":\"https:\/\/naturalbohemia.cz\/product\/bosorka-60-g-balene\/#primaryimage\"},\"thumbnailUrl\":\"https:\/\/i0.wp.com\/naturalbohemia.cz\/wp-content\/uploads\/2021\/03\/Bosorka_small_01-scaled.jpg?fit=2560%2C2240&ssl=1\",\"datePublished\":\"2021-12-08T08:45:29+00:00\",\"dateModified\":\"2025-09-04T21:12:18+00:00\",\"description\":\"Ru\u010dn\u011b vyr\u00e1b\u011bn\u00e9 m\u00fddlo s v\u016fn\u00ed jara a rozkvetl\u00e9 t\u0159e\u0161n\u011b, kter\u00e1 kr\u00e1sn\u011b souzn\u00ed s hedv\u00e1bn\u00fdm dotykem bambuck\u00e9ho m\u00e1sla a olivov\u00e9ho oleje. V m\u00fddle je obsa\u017een r\u016f\u017eov\u00fd j\u00edl, kter\u00fd je prosp\u011b\u0161n\u00fd pro v\u0161echny typy pleti, obzvl\u00e1\u0161t\u011b pro zralou a citlivou ple\u0165.\",\"breadcrumb\":{\"@id\":\"https:\/\/naturalbohemia.cz\/product\/bosorka-60-g-balene\/#breadcrumb\"},\"inLanguage\":\"en-US\",\"potentialAction\":[{\"@type\":\"ReadAction\",\"target\":[\"https:\/\/naturalbohemia.cz\/product\/bosorka-60-g-balene\/\"]}]},{\"@type\":\"ImageObject\",\"inLanguage\":\"en-US\",\"@id\":\"https:\/\/naturalbohemia.cz\/product\/bosorka-60-g-balene\/#primaryimage\",\"url\":\"https:\/\/i0.wp.com\/naturalbohemia.cz\/wp-content\/uploads\/2021\/03\/Bosorka_small_01-scaled.jpg?fit=2560%2C2240&ssl=1\",\"contentUrl\":\"https:\/\/i0.wp.com\/naturalbohemia.cz\/wp-content\/uploads\/2021\/03\/Bosorka_small_01-scaled.jpg?fit=2560%2C2240&ssl=1\",\"width\":2560,\"height\":2240},{\"@type\":\"BreadcrumbList\",\"@id\":\"https:\/\/naturalbohemia.cz\/product\/bosorka-60-g-balene\/#breadcrumb\",\"itemListElement\":[{\"@type\":\"ListItem\",\"position\":1,\"name\":\"Dom\u016f\",\"item\":\"https:\/\/naturalbohemia.cz\/\"},{\"@type\":\"ListItem\",\"position\":2,\"name\":\"obchod\",\"item\":\"https:\/\/naturalbohemia.cz\/en\/shop\/\"},{\"@type\":\"ListItem\",\"position\":3,\"name\":\"BOSORKA 60\u00a0g balen\u00e9\"}]},{\"@type\":\"WebSite\",\"@id\":\"https:\/\/naturalbohemia.cz\/en\/#website\",\"url\":\"https:\/\/naturalbohemia.cz\/en\/\",\"name\":\"Natural Bohemia\",\"description\":\"v\u00fdroba \u0159emesln\u00fdch m\u00fddel tvo\u0159en\u00fdch s v\u00e1\u0161n\u00ed\",\"publisher\":{\"@id\":\"https:\/\/naturalbohemia.cz\/en\/#organization\"},\"potentialAction\":[{\"@type\":\"SearchAction\",\"target\":{\"@type\":\"EntryPoint\",\"urlTemplate\":\"https:\/\/naturalbohemia.cz\/en\/?s={search_term_string}\"},\"query-input\":{\"@type\":\"PropertyValueSpecification\",\"valueRequired\":true,\"valueName\":\"search_term_string\"}}],\"inLanguage\":\"en-US\"},{\"@type\":\"Organization\",\"@id\":\"https:\/\/naturalbohemia.cz\/en\/#organization\",\"name\":\"Natural Bohemia\",\"url\":\"https:\/\/naturalbohemia.cz\/en\/\",\"logo\":{\"@type\":\"ImageObject\",\"inLanguage\":\"en-US\",\"@id\":\"https:\/\/naturalbohemia.cz\/en\/#\/schema\/logo\/image\/\",\"url\":\"https:\/\/naturalbohemia.cz\/wp-content\/uploads\/2021\/01\/NB_logo_v4.png\",\"contentUrl\":\"https:\/\/naturalbohemia.cz\/wp-content\/uploads\/2021\/01\/NB_logo_v4.png\",\"width\":2000,\"height\":789,\"caption\":\"Natural Bohemia\"},\"image\":{\"@id\":\"https:\/\/naturalbohemia.cz\/en\/#\/schema\/logo\/image\/\"},\"sameAs\":[\"https:\/\/www.facebook.com\/naturalbohemia\/\",\"https:\/\/www.instagram.com\/naturalbohemia\/\"]}]}<\/script>\n<!-- \/ Yoast SEO plugin. -->","yoast_head_json":{"title":"BOSORKA 60\u00a0g balen\u00e9 - Natural Bohemia","description":"Ru\u010dn\u011b vyr\u00e1b\u011bn\u00e9 m\u00fddlo s v\u016fn\u00ed jara a rozkvetl\u00e9 t\u0159e\u0161n\u011b, kter\u00e1 kr\u00e1sn\u011b souzn\u00ed s hedv\u00e1bn\u00fdm dotykem bambuck\u00e9ho m\u00e1sla a olivov\u00e9ho oleje. V m\u00fddle je obsa\u017een r\u016f\u017eov\u00fd j\u00edl, kter\u00fd je prosp\u011b\u0161n\u00fd pro v\u0161echny typy pleti, obzvl\u00e1\u0161t\u011b pro zralou a citlivou ple\u0165.","robots":{"index":"index","follow":"follow","max-snippet":"max-snippet:-1","max-image-preview":"max-image-preview:large","max-video-preview":"max-video-preview:-1"},"canonical":"https:\/\/naturalbohemia.cz\/en\/product\/bosorka-60-g-balene\/","og_locale":"en_US","og_type":"article","og_title":"BOSORKA 60\u00a0g balen\u00e9 - Natural Bohemia","og_description":"Ru\u010dn\u011b vyr\u00e1b\u011bn\u00e9 m\u00fddlo s v\u016fn\u00ed jara a rozkvetl\u00e9 t\u0159e\u0161n\u011b, kter\u00e1 kr\u00e1sn\u011b souzn\u00ed s hedv\u00e1bn\u00fdm dotykem bambuck\u00e9ho m\u00e1sla a olivov\u00e9ho oleje. V m\u00fddle je obsa\u017een r\u016f\u017eov\u00fd j\u00edl, kter\u00fd je prosp\u011b\u0161n\u00fd pro v\u0161echny typy pleti, obzvl\u00e1\u0161t\u011b pro zralou a citlivou ple\u0165.","og_url":"https:\/\/naturalbohemia.cz\/en\/product\/bosorka-60-g-balene\/","og_site_name":"Natural Bohemia","article_publisher":"https:\/\/www.facebook.com\/naturalbohemia\/","article_modified_time":"2025-09-04T21:12:18+00:00","og_image":[{"width":2560,"height":2240,"url":"https:\/\/naturalbohemia.cz\/wp-content\/uploads\/2021\/03\/Bosorka_small_01-scaled.jpg","type":"image\/jpeg"}],"twitter_card":"summary_large_image","schema":{"@context":"https:\/\/schema.org","@graph":[{"@type":["WebPage","ItemPage"],"@id":"https:\/\/naturalbohemia.cz\/product\/bosorka-60-g-balene\/","url":"https:\/\/naturalbohemia.cz\/product\/bosorka-60-g-balene\/","name":"BOSORKA 60\u00a0g balen\u00e9 - Natural Bohemia","isPartOf":{"@id":"https:\/\/naturalbohemia.cz\/en\/#website"},"primaryImageOfPage":{"@id":"https:\/\/naturalbohemia.cz\/product\/bosorka-60-g-balene\/#primaryimage"},"image":{"@id":"https:\/\/naturalbohemia.cz\/product\/bosorka-60-g-balene\/#primaryimage"},"thumbnailUrl":"https:\/\/i0.wp.com\/naturalbohemia.cz\/wp-content\/uploads\/2021\/03\/Bosorka_small_01-scaled.jpg?fit=2560%2C2240&ssl=1","datePublished":"2021-12-08T08:45:29+00:00","dateModified":"2025-09-04T21:12:18+00:00","description":"Ru\u010dn\u011b vyr\u00e1b\u011bn\u00e9 m\u00fddlo s v\u016fn\u00ed jara a rozkvetl\u00e9 t\u0159e\u0161n\u011b, kter\u00e1 kr\u00e1sn\u011b souzn\u00ed s hedv\u00e1bn\u00fdm dotykem bambuck\u00e9ho m\u00e1sla a olivov\u00e9ho oleje. V m\u00fddle je obsa\u017een r\u016f\u017eov\u00fd j\u00edl, kter\u00fd je prosp\u011b\u0161n\u00fd pro v\u0161echny typy pleti, obzvl\u00e1\u0161t\u011b pro zralou a citlivou ple\u0165.","breadcrumb":{"@id":"https:\/\/naturalbohemia.cz\/product\/bosorka-60-g-balene\/#breadcrumb"},"inLanguage":"en-US","potentialAction":[{"@type":"ReadAction","target":["https:\/\/naturalbohemia.cz\/product\/bosorka-60-g-balene\/"]}]},{"@type":"ImageObject","inLanguage":"en-US","@id":"https:\/\/naturalbohemia.cz\/product\/bosorka-60-g-balene\/#primaryimage","url":"https:\/\/i0.wp.com\/naturalbohemia.cz\/wp-content\/uploads\/2021\/03\/Bosorka_small_01-scaled.jpg?fit=2560%2C2240&ssl=1","contentUrl":"https:\/\/i0.wp.com\/naturalbohemia.cz\/wp-content\/uploads\/2021\/03\/Bosorka_small_01-scaled.jpg?fit=2560%2C2240&ssl=1","width":2560,"height":2240},{"@type":"BreadcrumbList","@id":"https:\/\/naturalbohemia.cz\/product\/bosorka-60-g-balene\/#breadcrumb","itemListElement":[{"@type":"ListItem","position":1,"name":"Dom\u016f","item":"https:\/\/naturalbohemia.cz\/"},{"@type":"ListItem","position":2,"name":"obchod","item":"https:\/\/naturalbohemia.cz\/en\/shop\/"},{"@type":"ListItem","position":3,"name":"BOSORKA 60\u00a0g balen\u00e9"}]},{"@type":"WebSite","@id":"https:\/\/naturalbohemia.cz\/en\/#website","url":"https:\/\/naturalbohemia.cz\/en\/","name":"Natural Bohemia","description":"v\u00fdroba \u0159emesln\u00fdch m\u00fddel tvo\u0159en\u00fdch s v\u00e1\u0161n\u00ed","publisher":{"@id":"https:\/\/naturalbohemia.cz\/en\/#organization"},"potentialAction":[{"@type":"SearchAction","target":{"@type":"EntryPoint","urlTemplate":"https:\/\/naturalbohemia.cz\/en\/?s={search_term_string}"},"query-input":{"@type":"PropertyValueSpecification","valueRequired":true,"valueName":"search_term_string"}}],"inLanguage":"en-US"},{"@type":"Organization","@id":"https:\/\/naturalbohemia.cz\/en\/#organization","name":"Natural Bohemia","url":"https:\/\/naturalbohemia.cz\/en\/","logo":{"@type":"ImageObject","inLanguage":"en-US","@id":"https:\/\/naturalbohemia.cz\/en\/#\/schema\/logo\/image\/","url":"https:\/\/naturalbohemia.cz\/wp-content\/uploads\/2021\/01\/NB_logo_v4.png","contentUrl":"https:\/\/naturalbohemia.cz\/wp-content\/uploads\/2021\/01\/NB_logo_v4.png","width":2000,"height":789,"caption":"Natural Bohemia"},"image":{"@id":"https:\/\/naturalbohemia.cz\/en\/#\/schema\/logo\/image\/"},"sameAs":["https:\/\/www.facebook.com\/naturalbohemia\/","https:\/\/www.instagram.com\/naturalbohemia\/"]}]}},"jetpack_sharing_enabled":true,"_links":{"self":[{"href":"https:\/\/naturalbohemia.cz\/en\/wp-json\/wp\/v2\/product\/579","targetHints":{"allow":["GET"]}}],"collection":[{"href":"https:\/\/naturalbohemia.cz\/en\/wp-json\/wp\/v2\/product"}],"about":[{"href":"https:\/\/naturalbohemia.cz\/en\/wp-json\/wp\/v2\/types\/product"}],"replies":[{"embeddable":true,"href":"https:\/\/naturalbohemia.cz\/en\/wp-json\/wp\/v2\/comments?post=579"}],"wp:featuredmedia":[{"embeddable":true,"href":"https:\/\/naturalbohemia.cz\/en\/wp-json\/wp\/v2\/media\/421"}],"wp:attachment":[{"href":"https:\/\/naturalbohemia.cz\/en\/wp-json\/wp\/v2\/media?parent=579"}],"wp:term":[{"taxonomy":"product_brand","embeddable":true,"href":"https:\/\/naturalbohemia.cz\/en\/wp-json\/wp\/v2\/product_brand?post=579"},{"taxonomy":"product_cat","embeddable":true,"href":"https:\/\/naturalbohemia.cz\/en\/wp-json\/wp\/v2\/product_cat?post=579"},{"taxonomy":"product_tag","embeddable":true,"href":"https:\/\/naturalbohemia.cz\/en\/wp-json\/wp\/v2\/product_tag?post=579"}],"curies":[{"name":"wp","href":"https:\/\/api.w.org\/{rel}","templated":true}]}}