{"id":585,"date":"2021-12-08T10:27:31","date_gmt":"2021-12-08T09:27:31","guid":{"rendered":"https:\/\/naturalbohemia.cz\/?post_type=product&#038;p=585"},"modified":"2025-12-22T18:20:55","modified_gmt":"2025-12-22T17:20:55","slug":"pemza-25-g","status":"publish","type":"product","link":"https:\/\/naturalbohemia.cz\/en\/product\/pemza-25-g\/","title":{"rendered":"PEMZA 35\u00a0g"},"content":{"rendered":"<p>Peelingov\u00e1 vulkanick\u00e1 pemza obsa\u017een\u00e1 v tomto m\u00fddle jemn\u011b odstran\u00ed ne\u010distotu z rukou po pr\u00e1ci i ztvrdlou poko\u017eku kdekoli na t\u011ble. Nevysu\u0161uje, kr\u00e1sn\u011b p\u011bn\u00ed.<\/p>\n<p>P\u0159ijde zabaleno v pap\u00edrov\u00e9m pytl\u00edku.<\/p>","protected":false},"excerpt":{"rendered":"<p>p\u0159\u00edrodn\u00ed peelingov\u00e9 m\u00fddlo s pemzou<\/p>","protected":false},"featured_media":530,"comment_status":"open","ping_status":"closed","template":"","meta":[],"product_brand":[],"product_cat":[27,23,36],"product_tag":[53,55,51],"class_list":{"0":"post-585","1":"product","2":"type-product","3":"status-publish","4":"has-post-thumbnail","6":"product_cat-jilova","7":"product_cat-mydla","8":"product_cat-neutralni","9":"product_tag-ciste-rostlinne","10":"product_tag-rucni-vyroba","11":"product_tag-za-studena","13":"first","14":"outofstock","15":"shipping-taxable","16":"purchasable","17":"product-type-simple"},"yoast_head":"<!-- This site is optimized with the Yoast SEO plugin v25.9 - https:\/\/yoast.com\/wordpress\/plugins\/seo\/ -->\n<title>PEMZA 35\u00a0g - Natural Bohemia<\/title>\n<meta name=\"description\" content=\"P\u0159\u00edrodn\u00ed m\u00fddlo s peelingovou vulkanickou pemzou. Odstran\u00ed ne\u010distotu z rukou po pr\u00e1ci i ztvrdlou poko\u017eku kdekoli na t\u011ble.\" \/>\n<meta name=\"robots\" content=\"index, follow, max-snippet:-1, max-image-preview:large, max-video-preview:-1\" \/>\n<link rel=\"canonical\" href=\"https:\/\/naturalbohemia.cz\/en\/product\/pemza-25-g\/\" \/>\n<meta property=\"og:locale\" content=\"en_US\" \/>\n<meta property=\"og:type\" content=\"article\" \/>\n<meta property=\"og:title\" content=\"PEMZA 35\u00a0g - Natural Bohemia\" \/>\n<meta property=\"og:description\" content=\"P\u0159\u00edrodn\u00ed m\u00fddlo s peelingovou vulkanickou pemzou. Odstran\u00ed ne\u010distotu z rukou po pr\u00e1ci i ztvrdlou poko\u017eku kdekoli na t\u011ble.\" \/>\n<meta property=\"og:url\" content=\"https:\/\/naturalbohemia.cz\/en\/product\/pemza-25-g\/\" \/>\n<meta property=\"og:site_name\" content=\"Natural Bohemia\" \/>\n<meta property=\"article:publisher\" content=\"https:\/\/www.facebook.com\/naturalbohemia\/\" \/>\n<meta property=\"article:modified_time\" content=\"2025-12-22T17:20:55+00:00\" \/>\n<meta property=\"og:image\" content=\"https:\/\/naturalbohemia.cz\/wp-content\/uploads\/2021\/12\/Pemza_1-scaled.jpg\" \/>\n\t<meta property=\"og:image:width\" content=\"2560\" \/>\n\t<meta property=\"og:image:height\" content=\"1920\" \/>\n\t<meta property=\"og:image:type\" content=\"image\/jpeg\" \/>\n<meta name=\"twitter:card\" content=\"summary_large_image\" \/>\n<script type=\"application\/ld+json\" class=\"yoast-schema-graph\">{\"@context\":\"https:\/\/schema.org\",\"@graph\":[{\"@type\":\"WebPage\",\"@id\":\"https:\/\/naturalbohemia.cz\/product\/pemza-25-g\/\",\"url\":\"https:\/\/naturalbohemia.cz\/product\/pemza-25-g\/\",\"name\":\"PEMZA 35\u00a0g - Natural Bohemia\",\"isPartOf\":{\"@id\":\"https:\/\/naturalbohemia.cz\/en\/#website\"},\"primaryImageOfPage\":{\"@id\":\"https:\/\/naturalbohemia.cz\/product\/pemza-25-g\/#primaryimage\"},\"image\":{\"@id\":\"https:\/\/naturalbohemia.cz\/product\/pemza-25-g\/#primaryimage\"},\"thumbnailUrl\":\"https:\/\/i0.wp.com\/naturalbohemia.cz\/wp-content\/uploads\/2021\/12\/Pemza_1-scaled.jpg?fit=2560%2C1920&ssl=1\",\"datePublished\":\"2021-12-08T09:27:31+00:00\",\"dateModified\":\"2025-12-22T17:20:55+00:00\",\"description\":\"P\u0159\u00edrodn\u00ed m\u00fddlo s peelingovou vulkanickou pemzou. Odstran\u00ed ne\u010distotu z rukou po pr\u00e1ci i ztvrdlou poko\u017eku kdekoli na t\u011ble.\",\"breadcrumb\":{\"@id\":\"https:\/\/naturalbohemia.cz\/product\/pemza-25-g\/#breadcrumb\"},\"inLanguage\":\"en-US\",\"potentialAction\":[{\"@type\":\"ReadAction\",\"target\":[\"https:\/\/naturalbohemia.cz\/product\/pemza-25-g\/\"]}]},{\"@type\":\"ImageObject\",\"inLanguage\":\"en-US\",\"@id\":\"https:\/\/naturalbohemia.cz\/product\/pemza-25-g\/#primaryimage\",\"url\":\"https:\/\/i0.wp.com\/naturalbohemia.cz\/wp-content\/uploads\/2021\/12\/Pemza_1-scaled.jpg?fit=2560%2C1920&ssl=1\",\"contentUrl\":\"https:\/\/i0.wp.com\/naturalbohemia.cz\/wp-content\/uploads\/2021\/12\/Pemza_1-scaled.jpg?fit=2560%2C1920&ssl=1\",\"width\":2560,\"height\":1920},{\"@type\":\"BreadcrumbList\",\"@id\":\"https:\/\/naturalbohemia.cz\/product\/pemza-25-g\/#breadcrumb\",\"itemListElement\":[{\"@type\":\"ListItem\",\"position\":1,\"name\":\"Dom\u016f\",\"item\":\"https:\/\/naturalbohemia.cz\/\"},{\"@type\":\"ListItem\",\"position\":2,\"name\":\"obchod\",\"item\":\"https:\/\/naturalbohemia.cz\/en\/shop\/\"},{\"@type\":\"ListItem\",\"position\":3,\"name\":\"PEMZA 35\u00a0g\"}]},{\"@type\":\"WebSite\",\"@id\":\"https:\/\/naturalbohemia.cz\/en\/#website\",\"url\":\"https:\/\/naturalbohemia.cz\/en\/\",\"name\":\"Natural Bohemia\",\"description\":\"v\u00fdroba \u0159emesln\u00fdch m\u00fddel tvo\u0159en\u00fdch s v\u00e1\u0161n\u00ed\",\"publisher\":{\"@id\":\"https:\/\/naturalbohemia.cz\/en\/#organization\"},\"potentialAction\":[{\"@type\":\"SearchAction\",\"target\":{\"@type\":\"EntryPoint\",\"urlTemplate\":\"https:\/\/naturalbohemia.cz\/en\/?s={search_term_string}\"},\"query-input\":{\"@type\":\"PropertyValueSpecification\",\"valueRequired\":true,\"valueName\":\"search_term_string\"}}],\"inLanguage\":\"en-US\"},{\"@type\":\"Organization\",\"@id\":\"https:\/\/naturalbohemia.cz\/en\/#organization\",\"name\":\"Natural Bohemia\",\"url\":\"https:\/\/naturalbohemia.cz\/en\/\",\"logo\":{\"@type\":\"ImageObject\",\"inLanguage\":\"en-US\",\"@id\":\"https:\/\/naturalbohemia.cz\/en\/#\/schema\/logo\/image\/\",\"url\":\"https:\/\/naturalbohemia.cz\/wp-content\/uploads\/2021\/01\/NB_logo_v4.png\",\"contentUrl\":\"https:\/\/naturalbohemia.cz\/wp-content\/uploads\/2021\/01\/NB_logo_v4.png\",\"width\":2000,\"height\":789,\"caption\":\"Natural Bohemia\"},\"image\":{\"@id\":\"https:\/\/naturalbohemia.cz\/en\/#\/schema\/logo\/image\/\"},\"sameAs\":[\"https:\/\/www.facebook.com\/naturalbohemia\/\",\"https:\/\/www.instagram.com\/naturalbohemia\/\"]}]}<\/script>\n<!-- \/ Yoast SEO plugin. -->","yoast_head_json":{"title":"PEMZA 35\u00a0g - Natural Bohemia","description":"P\u0159\u00edrodn\u00ed m\u00fddlo s peelingovou vulkanickou pemzou. Odstran\u00ed ne\u010distotu z rukou po pr\u00e1ci i ztvrdlou poko\u017eku kdekoli na t\u011ble.","robots":{"index":"index","follow":"follow","max-snippet":"max-snippet:-1","max-image-preview":"max-image-preview:large","max-video-preview":"max-video-preview:-1"},"canonical":"https:\/\/naturalbohemia.cz\/en\/product\/pemza-25-g\/","og_locale":"en_US","og_type":"article","og_title":"PEMZA 35\u00a0g - Natural Bohemia","og_description":"P\u0159\u00edrodn\u00ed m\u00fddlo s peelingovou vulkanickou pemzou. Odstran\u00ed ne\u010distotu z rukou po pr\u00e1ci i ztvrdlou poko\u017eku kdekoli na t\u011ble.","og_url":"https:\/\/naturalbohemia.cz\/en\/product\/pemza-25-g\/","og_site_name":"Natural Bohemia","article_publisher":"https:\/\/www.facebook.com\/naturalbohemia\/","article_modified_time":"2025-12-22T17:20:55+00:00","og_image":[{"width":2560,"height":1920,"url":"https:\/\/naturalbohemia.cz\/wp-content\/uploads\/2021\/12\/Pemza_1-scaled.jpg","type":"image\/jpeg"}],"twitter_card":"summary_large_image","schema":{"@context":"https:\/\/schema.org","@graph":[{"@type":"WebPage","@id":"https:\/\/naturalbohemia.cz\/product\/pemza-25-g\/","url":"https:\/\/naturalbohemia.cz\/product\/pemza-25-g\/","name":"PEMZA 35\u00a0g - Natural Bohemia","isPartOf":{"@id":"https:\/\/naturalbohemia.cz\/en\/#website"},"primaryImageOfPage":{"@id":"https:\/\/naturalbohemia.cz\/product\/pemza-25-g\/#primaryimage"},"image":{"@id":"https:\/\/naturalbohemia.cz\/product\/pemza-25-g\/#primaryimage"},"thumbnailUrl":"https:\/\/i0.wp.com\/naturalbohemia.cz\/wp-content\/uploads\/2021\/12\/Pemza_1-scaled.jpg?fit=2560%2C1920&ssl=1","datePublished":"2021-12-08T09:27:31+00:00","dateModified":"2025-12-22T17:20:55+00:00","description":"P\u0159\u00edrodn\u00ed m\u00fddlo s peelingovou vulkanickou pemzou. Odstran\u00ed ne\u010distotu z rukou po pr\u00e1ci i ztvrdlou poko\u017eku kdekoli na t\u011ble.","breadcrumb":{"@id":"https:\/\/naturalbohemia.cz\/product\/pemza-25-g\/#breadcrumb"},"inLanguage":"en-US","potentialAction":[{"@type":"ReadAction","target":["https:\/\/naturalbohemia.cz\/product\/pemza-25-g\/"]}]},{"@type":"ImageObject","inLanguage":"en-US","@id":"https:\/\/naturalbohemia.cz\/product\/pemza-25-g\/#primaryimage","url":"https:\/\/i0.wp.com\/naturalbohemia.cz\/wp-content\/uploads\/2021\/12\/Pemza_1-scaled.jpg?fit=2560%2C1920&ssl=1","contentUrl":"https:\/\/i0.wp.com\/naturalbohemia.cz\/wp-content\/uploads\/2021\/12\/Pemza_1-scaled.jpg?fit=2560%2C1920&ssl=1","width":2560,"height":1920},{"@type":"BreadcrumbList","@id":"https:\/\/naturalbohemia.cz\/product\/pemza-25-g\/#breadcrumb","itemListElement":[{"@type":"ListItem","position":1,"name":"Dom\u016f","item":"https:\/\/naturalbohemia.cz\/"},{"@type":"ListItem","position":2,"name":"obchod","item":"https:\/\/naturalbohemia.cz\/en\/shop\/"},{"@type":"ListItem","position":3,"name":"PEMZA 35\u00a0g"}]},{"@type":"WebSite","@id":"https:\/\/naturalbohemia.cz\/en\/#website","url":"https:\/\/naturalbohemia.cz\/en\/","name":"Natural Bohemia","description":"v\u00fdroba \u0159emesln\u00fdch m\u00fddel tvo\u0159en\u00fdch s v\u00e1\u0161n\u00ed","publisher":{"@id":"https:\/\/naturalbohemia.cz\/en\/#organization"},"potentialAction":[{"@type":"SearchAction","target":{"@type":"EntryPoint","urlTemplate":"https:\/\/naturalbohemia.cz\/en\/?s={search_term_string}"},"query-input":{"@type":"PropertyValueSpecification","valueRequired":true,"valueName":"search_term_string"}}],"inLanguage":"en-US"},{"@type":"Organization","@id":"https:\/\/naturalbohemia.cz\/en\/#organization","name":"Natural Bohemia","url":"https:\/\/naturalbohemia.cz\/en\/","logo":{"@type":"ImageObject","inLanguage":"en-US","@id":"https:\/\/naturalbohemia.cz\/en\/#\/schema\/logo\/image\/","url":"https:\/\/naturalbohemia.cz\/wp-content\/uploads\/2021\/01\/NB_logo_v4.png","contentUrl":"https:\/\/naturalbohemia.cz\/wp-content\/uploads\/2021\/01\/NB_logo_v4.png","width":2000,"height":789,"caption":"Natural Bohemia"},"image":{"@id":"https:\/\/naturalbohemia.cz\/en\/#\/schema\/logo\/image\/"},"sameAs":["https:\/\/www.facebook.com\/naturalbohemia\/","https:\/\/www.instagram.com\/naturalbohemia\/"]}]}},"jetpack_sharing_enabled":true,"_links":{"self":[{"href":"https:\/\/naturalbohemia.cz\/en\/wp-json\/wp\/v2\/product\/585","targetHints":{"allow":["GET"]}}],"collection":[{"href":"https:\/\/naturalbohemia.cz\/en\/wp-json\/wp\/v2\/product"}],"about":[{"href":"https:\/\/naturalbohemia.cz\/en\/wp-json\/wp\/v2\/types\/product"}],"replies":[{"embeddable":true,"href":"https:\/\/naturalbohemia.cz\/en\/wp-json\/wp\/v2\/comments?post=585"}],"wp:featuredmedia":[{"embeddable":true,"href":"https:\/\/naturalbohemia.cz\/en\/wp-json\/wp\/v2\/media\/530"}],"wp:attachment":[{"href":"https:\/\/naturalbohemia.cz\/en\/wp-json\/wp\/v2\/media?parent=585"}],"wp:term":[{"taxonomy":"product_brand","embeddable":true,"href":"https:\/\/naturalbohemia.cz\/en\/wp-json\/wp\/v2\/product_brand?post=585"},{"taxonomy":"product_cat","embeddable":true,"href":"https:\/\/naturalbohemia.cz\/en\/wp-json\/wp\/v2\/product_cat?post=585"},{"taxonomy":"product_tag","embeddable":true,"href":"https:\/\/naturalbohemia.cz\/en\/wp-json\/wp\/v2\/product_tag?post=585"}],"curies":[{"name":"wp","href":"https:\/\/api.w.org\/{rel}","templated":true}]}}