{"id":587,"date":"2021-12-08T10:34:03","date_gmt":"2021-12-08T09:34:03","guid":{"rendered":"https:\/\/naturalbohemia.cz\/?post_type=product&#038;p=587"},"modified":"2025-09-04T22:12:18","modified_gmt":"2025-09-04T21:12:18","slug":"na-prani-20g","status":"publish","type":"product","link":"https:\/\/naturalbohemia.cz\/en\/product\/na-prani-20g\/","title":{"rendered":"NA PRAN\u00cd 20g"},"content":{"rendered":"<p>Ru\u010dn\u011b vyr\u00e1b\u011bn\u00e9 m\u00fddlo na pran\u00ed s kokosov\u00fdm olejem. M\u00fddlo je ur\u010deno na pran\u00ed pr\u00e1dla, p\u0159ep\u00edr\u00e1n\u00ed a p\u0159edep\u00edr\u00e1n\u00ed. Je \u0161etrn\u00e9 k p\u0159\u00edrod\u011b, bez barviv, chemie a parf\u00e9m\u016f. M\u016f\u017eete jej pou\u017e\u00edt i na myt\u00ed n\u00e1dob\u00ed a zeleniny. Takov\u00e9 m\u00e9 t\u0159i v jednom.<\/p>\n<p>P\u0159ijde zabaleno v pap\u00edrov\u00e9m pytl\u00edku.<\/p>","protected":false},"excerpt":{"rendered":"<p>p\u0159\u00edrodn\u00ed m\u00fddlo na pran\u00ed s kokosov\u00fdm olejem<\/p>","protected":false},"featured_media":0,"comment_status":"open","ping_status":"closed","template":"","meta":[],"product_brand":[],"product_cat":[23,36],"product_tag":[53,55,51],"class_list":{"0":"post-587","1":"product","2":"type-product","3":"status-publish","5":"product_cat-mydla","6":"product_cat-neutralni","7":"product_tag-ciste-rostlinne","8":"product_tag-rucni-vyroba","9":"product_tag-za-studena","11":"first","12":"outofstock","13":"shipping-taxable","14":"purchasable","15":"product-type-simple"},"yoast_head":"<!-- This site is optimized with the Yoast SEO plugin v25.9 - https:\/\/yoast.com\/wordpress\/plugins\/seo\/ -->\n<title>NA PRAN\u00cd 20g - Natural Bohemia<\/title>\n<meta name=\"description\" content=\"M\u00fddlo na pran\u00ed s kokosov\u00fdm olejem. Vhodn\u00e9 na pran\u00ed pr\u00e1dla, p\u0159ep\u00edr\u00e1n\u00ed a p\u0159edep\u00edr\u00e1n\u00ed. \u0160etrn\u00e9 k p\u0159\u00edrod\u011b, bez barviv, chemie a parf\u00e9m\u016f.\" \/>\n<meta name=\"robots\" content=\"index, follow, max-snippet:-1, max-image-preview:large, max-video-preview:-1\" \/>\n<link rel=\"canonical\" href=\"https:\/\/naturalbohemia.cz\/en\/product\/na-prani-20g\/\" \/>\n<meta property=\"og:locale\" content=\"en_US\" \/>\n<meta property=\"og:type\" content=\"article\" \/>\n<meta property=\"og:title\" content=\"NA PRAN\u00cd 20g - Natural Bohemia\" \/>\n<meta property=\"og:description\" content=\"M\u00fddlo na pran\u00ed s kokosov\u00fdm olejem. Vhodn\u00e9 na pran\u00ed pr\u00e1dla, p\u0159ep\u00edr\u00e1n\u00ed a p\u0159edep\u00edr\u00e1n\u00ed. \u0160etrn\u00e9 k p\u0159\u00edrod\u011b, bez barviv, chemie a parf\u00e9m\u016f.\" \/>\n<meta property=\"og:url\" content=\"https:\/\/naturalbohemia.cz\/en\/product\/na-prani-20g\/\" \/>\n<meta property=\"og:site_name\" content=\"Natural Bohemia\" \/>\n<meta property=\"article:publisher\" content=\"https:\/\/www.facebook.com\/naturalbohemia\/\" \/>\n<meta property=\"article:modified_time\" content=\"2025-09-04T21:12:18+00:00\" \/>\n<meta name=\"twitter:card\" content=\"summary_large_image\" \/>\n<script type=\"application\/ld+json\" class=\"yoast-schema-graph\">{\"@context\":\"https:\/\/schema.org\",\"@graph\":[{\"@type\":\"WebPage\",\"@id\":\"https:\/\/naturalbohemia.cz\/product\/na-prani-20g\/\",\"url\":\"https:\/\/naturalbohemia.cz\/product\/na-prani-20g\/\",\"name\":\"NA PRAN\u00cd 20g - Natural Bohemia\",\"isPartOf\":{\"@id\":\"https:\/\/naturalbohemia.cz\/en\/#website\"},\"datePublished\":\"2021-12-08T09:34:03+00:00\",\"dateModified\":\"2025-09-04T21:12:18+00:00\",\"description\":\"M\u00fddlo na pran\u00ed s kokosov\u00fdm olejem. Vhodn\u00e9 na pran\u00ed pr\u00e1dla, p\u0159ep\u00edr\u00e1n\u00ed a p\u0159edep\u00edr\u00e1n\u00ed. \u0160etrn\u00e9 k p\u0159\u00edrod\u011b, bez barviv, chemie a parf\u00e9m\u016f.\",\"breadcrumb\":{\"@id\":\"https:\/\/naturalbohemia.cz\/product\/na-prani-20g\/#breadcrumb\"},\"inLanguage\":\"en-US\",\"potentialAction\":[{\"@type\":\"ReadAction\",\"target\":[\"https:\/\/naturalbohemia.cz\/product\/na-prani-20g\/\"]}]},{\"@type\":\"BreadcrumbList\",\"@id\":\"https:\/\/naturalbohemia.cz\/product\/na-prani-20g\/#breadcrumb\",\"itemListElement\":[{\"@type\":\"ListItem\",\"position\":1,\"name\":\"Dom\u016f\",\"item\":\"https:\/\/naturalbohemia.cz\/\"},{\"@type\":\"ListItem\",\"position\":2,\"name\":\"obchod\",\"item\":\"https:\/\/naturalbohemia.cz\/en\/shop\/\"},{\"@type\":\"ListItem\",\"position\":3,\"name\":\"NA PRAN\u00cd 20g\"}]},{\"@type\":\"WebSite\",\"@id\":\"https:\/\/naturalbohemia.cz\/en\/#website\",\"url\":\"https:\/\/naturalbohemia.cz\/en\/\",\"name\":\"Natural Bohemia\",\"description\":\"v\u00fdroba \u0159emesln\u00fdch m\u00fddel tvo\u0159en\u00fdch s v\u00e1\u0161n\u00ed\",\"publisher\":{\"@id\":\"https:\/\/naturalbohemia.cz\/en\/#organization\"},\"potentialAction\":[{\"@type\":\"SearchAction\",\"target\":{\"@type\":\"EntryPoint\",\"urlTemplate\":\"https:\/\/naturalbohemia.cz\/en\/?s={search_term_string}\"},\"query-input\":{\"@type\":\"PropertyValueSpecification\",\"valueRequired\":true,\"valueName\":\"search_term_string\"}}],\"inLanguage\":\"en-US\"},{\"@type\":\"Organization\",\"@id\":\"https:\/\/naturalbohemia.cz\/en\/#organization\",\"name\":\"Natural Bohemia\",\"url\":\"https:\/\/naturalbohemia.cz\/en\/\",\"logo\":{\"@type\":\"ImageObject\",\"inLanguage\":\"en-US\",\"@id\":\"https:\/\/naturalbohemia.cz\/en\/#\/schema\/logo\/image\/\",\"url\":\"https:\/\/naturalbohemia.cz\/wp-content\/uploads\/2021\/01\/NB_logo_v4.png\",\"contentUrl\":\"https:\/\/naturalbohemia.cz\/wp-content\/uploads\/2021\/01\/NB_logo_v4.png\",\"width\":2000,\"height\":789,\"caption\":\"Natural Bohemia\"},\"image\":{\"@id\":\"https:\/\/naturalbohemia.cz\/en\/#\/schema\/logo\/image\/\"},\"sameAs\":[\"https:\/\/www.facebook.com\/naturalbohemia\/\",\"https:\/\/www.instagram.com\/naturalbohemia\/\"]}]}<\/script>\n<!-- \/ Yoast SEO plugin. -->","yoast_head_json":{"title":"NA PRAN\u00cd 20g - Natural Bohemia","description":"M\u00fddlo na pran\u00ed s kokosov\u00fdm olejem. Vhodn\u00e9 na pran\u00ed pr\u00e1dla, p\u0159ep\u00edr\u00e1n\u00ed a p\u0159edep\u00edr\u00e1n\u00ed. \u0160etrn\u00e9 k p\u0159\u00edrod\u011b, bez barviv, chemie a parf\u00e9m\u016f.","robots":{"index":"index","follow":"follow","max-snippet":"max-snippet:-1","max-image-preview":"max-image-preview:large","max-video-preview":"max-video-preview:-1"},"canonical":"https:\/\/naturalbohemia.cz\/en\/product\/na-prani-20g\/","og_locale":"en_US","og_type":"article","og_title":"NA PRAN\u00cd 20g - Natural Bohemia","og_description":"M\u00fddlo na pran\u00ed s kokosov\u00fdm olejem. Vhodn\u00e9 na pran\u00ed pr\u00e1dla, p\u0159ep\u00edr\u00e1n\u00ed a p\u0159edep\u00edr\u00e1n\u00ed. \u0160etrn\u00e9 k p\u0159\u00edrod\u011b, bez barviv, chemie a parf\u00e9m\u016f.","og_url":"https:\/\/naturalbohemia.cz\/en\/product\/na-prani-20g\/","og_site_name":"Natural Bohemia","article_publisher":"https:\/\/www.facebook.com\/naturalbohemia\/","article_modified_time":"2025-09-04T21:12:18+00:00","twitter_card":"summary_large_image","schema":{"@context":"https:\/\/schema.org","@graph":[{"@type":"WebPage","@id":"https:\/\/naturalbohemia.cz\/product\/na-prani-20g\/","url":"https:\/\/naturalbohemia.cz\/product\/na-prani-20g\/","name":"NA PRAN\u00cd 20g - Natural Bohemia","isPartOf":{"@id":"https:\/\/naturalbohemia.cz\/en\/#website"},"datePublished":"2021-12-08T09:34:03+00:00","dateModified":"2025-09-04T21:12:18+00:00","description":"M\u00fddlo na pran\u00ed s kokosov\u00fdm olejem. Vhodn\u00e9 na pran\u00ed pr\u00e1dla, p\u0159ep\u00edr\u00e1n\u00ed a p\u0159edep\u00edr\u00e1n\u00ed. \u0160etrn\u00e9 k p\u0159\u00edrod\u011b, bez barviv, chemie a parf\u00e9m\u016f.","breadcrumb":{"@id":"https:\/\/naturalbohemia.cz\/product\/na-prani-20g\/#breadcrumb"},"inLanguage":"en-US","potentialAction":[{"@type":"ReadAction","target":["https:\/\/naturalbohemia.cz\/product\/na-prani-20g\/"]}]},{"@type":"BreadcrumbList","@id":"https:\/\/naturalbohemia.cz\/product\/na-prani-20g\/#breadcrumb","itemListElement":[{"@type":"ListItem","position":1,"name":"Dom\u016f","item":"https:\/\/naturalbohemia.cz\/"},{"@type":"ListItem","position":2,"name":"obchod","item":"https:\/\/naturalbohemia.cz\/en\/shop\/"},{"@type":"ListItem","position":3,"name":"NA PRAN\u00cd 20g"}]},{"@type":"WebSite","@id":"https:\/\/naturalbohemia.cz\/en\/#website","url":"https:\/\/naturalbohemia.cz\/en\/","name":"Natural Bohemia","description":"v\u00fdroba \u0159emesln\u00fdch m\u00fddel tvo\u0159en\u00fdch s v\u00e1\u0161n\u00ed","publisher":{"@id":"https:\/\/naturalbohemia.cz\/en\/#organization"},"potentialAction":[{"@type":"SearchAction","target":{"@type":"EntryPoint","urlTemplate":"https:\/\/naturalbohemia.cz\/en\/?s={search_term_string}"},"query-input":{"@type":"PropertyValueSpecification","valueRequired":true,"valueName":"search_term_string"}}],"inLanguage":"en-US"},{"@type":"Organization","@id":"https:\/\/naturalbohemia.cz\/en\/#organization","name":"Natural Bohemia","url":"https:\/\/naturalbohemia.cz\/en\/","logo":{"@type":"ImageObject","inLanguage":"en-US","@id":"https:\/\/naturalbohemia.cz\/en\/#\/schema\/logo\/image\/","url":"https:\/\/naturalbohemia.cz\/wp-content\/uploads\/2021\/01\/NB_logo_v4.png","contentUrl":"https:\/\/naturalbohemia.cz\/wp-content\/uploads\/2021\/01\/NB_logo_v4.png","width":2000,"height":789,"caption":"Natural Bohemia"},"image":{"@id":"https:\/\/naturalbohemia.cz\/en\/#\/schema\/logo\/image\/"},"sameAs":["https:\/\/www.facebook.com\/naturalbohemia\/","https:\/\/www.instagram.com\/naturalbohemia\/"]}]}},"jetpack_sharing_enabled":true,"_links":{"self":[{"href":"https:\/\/naturalbohemia.cz\/en\/wp-json\/wp\/v2\/product\/587","targetHints":{"allow":["GET"]}}],"collection":[{"href":"https:\/\/naturalbohemia.cz\/en\/wp-json\/wp\/v2\/product"}],"about":[{"href":"https:\/\/naturalbohemia.cz\/en\/wp-json\/wp\/v2\/types\/product"}],"replies":[{"embeddable":true,"href":"https:\/\/naturalbohemia.cz\/en\/wp-json\/wp\/v2\/comments?post=587"}],"wp:attachment":[{"href":"https:\/\/naturalbohemia.cz\/en\/wp-json\/wp\/v2\/media?parent=587"}],"wp:term":[{"taxonomy":"product_brand","embeddable":true,"href":"https:\/\/naturalbohemia.cz\/en\/wp-json\/wp\/v2\/product_brand?post=587"},{"taxonomy":"product_cat","embeddable":true,"href":"https:\/\/naturalbohemia.cz\/en\/wp-json\/wp\/v2\/product_cat?post=587"},{"taxonomy":"product_tag","embeddable":true,"href":"https:\/\/naturalbohemia.cz\/en\/wp-json\/wp\/v2\/product_tag?post=587"}],"curies":[{"name":"wp","href":"https:\/\/api.w.org\/{rel}","templated":true}]}}