{"id":692,"date":"2023-01-24T16:52:40","date_gmt":"2023-01-24T15:52:40","guid":{"rendered":"https:\/\/naturalbohemia.cz\/?post_type=product&#038;p=692"},"modified":"2025-11-08T08:04:04","modified_gmt":"2025-11-08T07:04:04","slug":"lanoliny-f-box-110-g","status":"publish","type":"product","link":"https:\/\/naturalbohemia.cz\/en\/product\/lanoliny-f-box-110-g\/","title":{"rendered":"LANOLINY F. box 110\u00a0g"},"content":{"rendered":"<p>M\u00fddlo s bambuck\u00fdm m\u00e1slem a lanolinem pro siln\u00e9 regenera\u010dn\u00ed a hydrata\u010dn\u00ed \u00fa\u010dinky. Zjem\u0148uje, zvl\u00e1\u010d\u0148uje a o\u0161et\u0159uje k\u016f\u017ei. M\u00fddlo m\u00e1 kr\u00e1snou v\u016fni santalov\u00e9ho a cedrov\u00e9ho d\u0159eva podpo\u0159enou v\u016fn\u00ed anglick\u00e9 r\u016f\u017ee.<\/p>\n<p>M\u00fddlo je ur\u010den\u00e9 na cel\u00e9 t\u011blo. Pro suchou i norm\u00e1ln\u00ed ple\u0165, pro mu\u017ee i \u017eeny.<\/p>","protected":false},"excerpt":{"rendered":"<p>p\u0159\u00edrodn\u00ed regenera\u010dn\u00ed m\u00fddlo s lanolinem a bambuck\u00fdm m\u00e1slem, vyr\u00e1b\u011bn\u00e9 100% ru\u010dn\u011b za studena<\/p>","protected":false},"featured_media":922,"comment_status":"open","ping_status":"closed","template":"","meta":[],"product_brand":[],"product_cat":[23,36,59],"product_tag":[56,55,51,54],"class_list":{"0":"post-692","1":"product","2":"type-product","3":"status-publish","4":"has-post-thumbnail","6":"product_cat-mydla","7":"product_cat-neutralni","8":"product_cat-zabalena-v-krabicce","9":"product_tag-krabickove-baleni","10":"product_tag-rucni-vyroba","11":"product_tag-za-studena","12":"product_tag-zivocisne-prisady","14":"first","15":"instock","16":"shipping-taxable","17":"purchasable","18":"product-type-simple"},"yoast_head":"<!-- This site is optimized with the Yoast SEO plugin v25.9 - https:\/\/yoast.com\/wordpress\/plugins\/seo\/ -->\n<title>LANOLINY F. box 110\u00a0g - Natural Bohemia<\/title>\n<meta name=\"description\" content=\"P\u0159\u00edrodn\u00ed regenera\u010dn\u00ed m\u00fddlo s lanolinem a bambuck\u00fdm m\u00e1slem. Inspiruje v\u016fn\u00ed santalov\u00e9ho a cedrov\u00e9ho d\u0159eva spolu s anglickou r\u016f\u017e\u00ed. Vyroben\u00e9 ru\u010dn\u011b.\" \/>\n<meta name=\"robots\" content=\"index, follow, max-snippet:-1, max-image-preview:large, max-video-preview:-1\" \/>\n<link rel=\"canonical\" href=\"https:\/\/naturalbohemia.cz\/en\/product\/lanoliny-f-box-110-g\/\" \/>\n<meta property=\"og:locale\" content=\"en_US\" \/>\n<meta property=\"og:type\" content=\"article\" \/>\n<meta property=\"og:title\" content=\"LANOLINY F. box 110\u00a0g - Natural Bohemia\" \/>\n<meta property=\"og:description\" content=\"P\u0159\u00edrodn\u00ed regenera\u010dn\u00ed m\u00fddlo s lanolinem a bambuck\u00fdm m\u00e1slem. Inspiruje v\u016fn\u00ed santalov\u00e9ho a cedrov\u00e9ho d\u0159eva spolu s anglickou r\u016f\u017e\u00ed. Vyroben\u00e9 ru\u010dn\u011b.\" \/>\n<meta property=\"og:url\" content=\"https:\/\/naturalbohemia.cz\/en\/product\/lanoliny-f-box-110-g\/\" \/>\n<meta property=\"og:site_name\" content=\"Natural Bohemia\" \/>\n<meta property=\"article:publisher\" content=\"https:\/\/www.facebook.com\/naturalbohemia\/\" \/>\n<meta property=\"article:modified_time\" content=\"2025-11-08T07:04:04+00:00\" \/>\n<meta property=\"og:image\" content=\"https:\/\/naturalbohemia.cz\/wp-content\/uploads\/2023\/01\/IMG_5824-Edit-scaled.jpg\" \/>\n\t<meta property=\"og:image:width\" content=\"1707\" \/>\n\t<meta property=\"og:image:height\" content=\"2560\" \/>\n\t<meta property=\"og:image:type\" content=\"image\/jpeg\" \/>\n<meta name=\"twitter:card\" content=\"summary_large_image\" \/>\n<script type=\"application\/ld+json\" class=\"yoast-schema-graph\">{\"@context\":\"https:\/\/schema.org\",\"@graph\":[{\"@type\":[\"WebPage\",\"ItemPage\"],\"@id\":\"https:\/\/naturalbohemia.cz\/product\/lanoliny-f-box-110-g\/\",\"url\":\"https:\/\/naturalbohemia.cz\/product\/lanoliny-f-box-110-g\/\",\"name\":\"LANOLINY F. box 110\u00a0g - Natural Bohemia\",\"isPartOf\":{\"@id\":\"https:\/\/naturalbohemia.cz\/en\/#website\"},\"primaryImageOfPage\":{\"@id\":\"https:\/\/naturalbohemia.cz\/product\/lanoliny-f-box-110-g\/#primaryimage\"},\"image\":{\"@id\":\"https:\/\/naturalbohemia.cz\/product\/lanoliny-f-box-110-g\/#primaryimage\"},\"thumbnailUrl\":\"https:\/\/i0.wp.com\/naturalbohemia.cz\/wp-content\/uploads\/2023\/01\/IMG_5824-Edit-scaled.jpg?fit=1707%2C2560&ssl=1\",\"datePublished\":\"2023-01-24T15:52:40+00:00\",\"dateModified\":\"2025-11-08T07:04:04+00:00\",\"description\":\"P\u0159\u00edrodn\u00ed regenera\u010dn\u00ed m\u00fddlo s lanolinem a bambuck\u00fdm m\u00e1slem. Inspiruje v\u016fn\u00ed santalov\u00e9ho a cedrov\u00e9ho d\u0159eva spolu s anglickou r\u016f\u017e\u00ed. Vyroben\u00e9 ru\u010dn\u011b.\",\"breadcrumb\":{\"@id\":\"https:\/\/naturalbohemia.cz\/product\/lanoliny-f-box-110-g\/#breadcrumb\"},\"inLanguage\":\"en-US\",\"potentialAction\":[{\"@type\":\"ReadAction\",\"target\":[\"https:\/\/naturalbohemia.cz\/product\/lanoliny-f-box-110-g\/\"]}]},{\"@type\":\"ImageObject\",\"inLanguage\":\"en-US\",\"@id\":\"https:\/\/naturalbohemia.cz\/product\/lanoliny-f-box-110-g\/#primaryimage\",\"url\":\"https:\/\/i0.wp.com\/naturalbohemia.cz\/wp-content\/uploads\/2023\/01\/IMG_5824-Edit-scaled.jpg?fit=1707%2C2560&ssl=1\",\"contentUrl\":\"https:\/\/i0.wp.com\/naturalbohemia.cz\/wp-content\/uploads\/2023\/01\/IMG_5824-Edit-scaled.jpg?fit=1707%2C2560&ssl=1\",\"width\":1707,\"height\":2560},{\"@type\":\"BreadcrumbList\",\"@id\":\"https:\/\/naturalbohemia.cz\/product\/lanoliny-f-box-110-g\/#breadcrumb\",\"itemListElement\":[{\"@type\":\"ListItem\",\"position\":1,\"name\":\"Dom\u016f\",\"item\":\"https:\/\/naturalbohemia.cz\/\"},{\"@type\":\"ListItem\",\"position\":2,\"name\":\"obchod\",\"item\":\"https:\/\/naturalbohemia.cz\/en\/shop\/\"},{\"@type\":\"ListItem\",\"position\":3,\"name\":\"LANOLINY F. box 110\u00a0g\"}]},{\"@type\":\"WebSite\",\"@id\":\"https:\/\/naturalbohemia.cz\/en\/#website\",\"url\":\"https:\/\/naturalbohemia.cz\/en\/\",\"name\":\"Natural Bohemia\",\"description\":\"v\u00fdroba \u0159emesln\u00fdch m\u00fddel tvo\u0159en\u00fdch s v\u00e1\u0161n\u00ed\",\"publisher\":{\"@id\":\"https:\/\/naturalbohemia.cz\/en\/#organization\"},\"potentialAction\":[{\"@type\":\"SearchAction\",\"target\":{\"@type\":\"EntryPoint\",\"urlTemplate\":\"https:\/\/naturalbohemia.cz\/en\/?s={search_term_string}\"},\"query-input\":{\"@type\":\"PropertyValueSpecification\",\"valueRequired\":true,\"valueName\":\"search_term_string\"}}],\"inLanguage\":\"en-US\"},{\"@type\":\"Organization\",\"@id\":\"https:\/\/naturalbohemia.cz\/en\/#organization\",\"name\":\"Natural Bohemia\",\"url\":\"https:\/\/naturalbohemia.cz\/en\/\",\"logo\":{\"@type\":\"ImageObject\",\"inLanguage\":\"en-US\",\"@id\":\"https:\/\/naturalbohemia.cz\/en\/#\/schema\/logo\/image\/\",\"url\":\"https:\/\/naturalbohemia.cz\/wp-content\/uploads\/2021\/01\/NB_logo_v4.png\",\"contentUrl\":\"https:\/\/naturalbohemia.cz\/wp-content\/uploads\/2021\/01\/NB_logo_v4.png\",\"width\":2000,\"height\":789,\"caption\":\"Natural Bohemia\"},\"image\":{\"@id\":\"https:\/\/naturalbohemia.cz\/en\/#\/schema\/logo\/image\/\"},\"sameAs\":[\"https:\/\/www.facebook.com\/naturalbohemia\/\",\"https:\/\/www.instagram.com\/naturalbohemia\/\"]}]}<\/script>\n<!-- \/ Yoast SEO plugin. -->","yoast_head_json":{"title":"LANOLINY F. box 110\u00a0g - Natural Bohemia","description":"P\u0159\u00edrodn\u00ed regenera\u010dn\u00ed m\u00fddlo s lanolinem a bambuck\u00fdm m\u00e1slem. Inspiruje v\u016fn\u00ed santalov\u00e9ho a cedrov\u00e9ho d\u0159eva spolu s anglickou r\u016f\u017e\u00ed. Vyroben\u00e9 ru\u010dn\u011b.","robots":{"index":"index","follow":"follow","max-snippet":"max-snippet:-1","max-image-preview":"max-image-preview:large","max-video-preview":"max-video-preview:-1"},"canonical":"https:\/\/naturalbohemia.cz\/en\/product\/lanoliny-f-box-110-g\/","og_locale":"en_US","og_type":"article","og_title":"LANOLINY F. box 110\u00a0g - Natural Bohemia","og_description":"P\u0159\u00edrodn\u00ed regenera\u010dn\u00ed m\u00fddlo s lanolinem a bambuck\u00fdm m\u00e1slem. Inspiruje v\u016fn\u00ed santalov\u00e9ho a cedrov\u00e9ho d\u0159eva spolu s anglickou r\u016f\u017e\u00ed. Vyroben\u00e9 ru\u010dn\u011b.","og_url":"https:\/\/naturalbohemia.cz\/en\/product\/lanoliny-f-box-110-g\/","og_site_name":"Natural Bohemia","article_publisher":"https:\/\/www.facebook.com\/naturalbohemia\/","article_modified_time":"2025-11-08T07:04:04+00:00","og_image":[{"width":1707,"height":2560,"url":"https:\/\/naturalbohemia.cz\/wp-content\/uploads\/2023\/01\/IMG_5824-Edit-scaled.jpg","type":"image\/jpeg"}],"twitter_card":"summary_large_image","schema":{"@context":"https:\/\/schema.org","@graph":[{"@type":["WebPage","ItemPage"],"@id":"https:\/\/naturalbohemia.cz\/product\/lanoliny-f-box-110-g\/","url":"https:\/\/naturalbohemia.cz\/product\/lanoliny-f-box-110-g\/","name":"LANOLINY F. box 110\u00a0g - Natural Bohemia","isPartOf":{"@id":"https:\/\/naturalbohemia.cz\/en\/#website"},"primaryImageOfPage":{"@id":"https:\/\/naturalbohemia.cz\/product\/lanoliny-f-box-110-g\/#primaryimage"},"image":{"@id":"https:\/\/naturalbohemia.cz\/product\/lanoliny-f-box-110-g\/#primaryimage"},"thumbnailUrl":"https:\/\/i0.wp.com\/naturalbohemia.cz\/wp-content\/uploads\/2023\/01\/IMG_5824-Edit-scaled.jpg?fit=1707%2C2560&ssl=1","datePublished":"2023-01-24T15:52:40+00:00","dateModified":"2025-11-08T07:04:04+00:00","description":"P\u0159\u00edrodn\u00ed regenera\u010dn\u00ed m\u00fddlo s lanolinem a bambuck\u00fdm m\u00e1slem. Inspiruje v\u016fn\u00ed santalov\u00e9ho a cedrov\u00e9ho d\u0159eva spolu s anglickou r\u016f\u017e\u00ed. Vyroben\u00e9 ru\u010dn\u011b.","breadcrumb":{"@id":"https:\/\/naturalbohemia.cz\/product\/lanoliny-f-box-110-g\/#breadcrumb"},"inLanguage":"en-US","potentialAction":[{"@type":"ReadAction","target":["https:\/\/naturalbohemia.cz\/product\/lanoliny-f-box-110-g\/"]}]},{"@type":"ImageObject","inLanguage":"en-US","@id":"https:\/\/naturalbohemia.cz\/product\/lanoliny-f-box-110-g\/#primaryimage","url":"https:\/\/i0.wp.com\/naturalbohemia.cz\/wp-content\/uploads\/2023\/01\/IMG_5824-Edit-scaled.jpg?fit=1707%2C2560&ssl=1","contentUrl":"https:\/\/i0.wp.com\/naturalbohemia.cz\/wp-content\/uploads\/2023\/01\/IMG_5824-Edit-scaled.jpg?fit=1707%2C2560&ssl=1","width":1707,"height":2560},{"@type":"BreadcrumbList","@id":"https:\/\/naturalbohemia.cz\/product\/lanoliny-f-box-110-g\/#breadcrumb","itemListElement":[{"@type":"ListItem","position":1,"name":"Dom\u016f","item":"https:\/\/naturalbohemia.cz\/"},{"@type":"ListItem","position":2,"name":"obchod","item":"https:\/\/naturalbohemia.cz\/en\/shop\/"},{"@type":"ListItem","position":3,"name":"LANOLINY F. box 110\u00a0g"}]},{"@type":"WebSite","@id":"https:\/\/naturalbohemia.cz\/en\/#website","url":"https:\/\/naturalbohemia.cz\/en\/","name":"Natural Bohemia","description":"v\u00fdroba \u0159emesln\u00fdch m\u00fddel tvo\u0159en\u00fdch s v\u00e1\u0161n\u00ed","publisher":{"@id":"https:\/\/naturalbohemia.cz\/en\/#organization"},"potentialAction":[{"@type":"SearchAction","target":{"@type":"EntryPoint","urlTemplate":"https:\/\/naturalbohemia.cz\/en\/?s={search_term_string}"},"query-input":{"@type":"PropertyValueSpecification","valueRequired":true,"valueName":"search_term_string"}}],"inLanguage":"en-US"},{"@type":"Organization","@id":"https:\/\/naturalbohemia.cz\/en\/#organization","name":"Natural Bohemia","url":"https:\/\/naturalbohemia.cz\/en\/","logo":{"@type":"ImageObject","inLanguage":"en-US","@id":"https:\/\/naturalbohemia.cz\/en\/#\/schema\/logo\/image\/","url":"https:\/\/naturalbohemia.cz\/wp-content\/uploads\/2021\/01\/NB_logo_v4.png","contentUrl":"https:\/\/naturalbohemia.cz\/wp-content\/uploads\/2021\/01\/NB_logo_v4.png","width":2000,"height":789,"caption":"Natural Bohemia"},"image":{"@id":"https:\/\/naturalbohemia.cz\/en\/#\/schema\/logo\/image\/"},"sameAs":["https:\/\/www.facebook.com\/naturalbohemia\/","https:\/\/www.instagram.com\/naturalbohemia\/"]}]}},"jetpack_sharing_enabled":true,"_links":{"self":[{"href":"https:\/\/naturalbohemia.cz\/en\/wp-json\/wp\/v2\/product\/692","targetHints":{"allow":["GET"]}}],"collection":[{"href":"https:\/\/naturalbohemia.cz\/en\/wp-json\/wp\/v2\/product"}],"about":[{"href":"https:\/\/naturalbohemia.cz\/en\/wp-json\/wp\/v2\/types\/product"}],"replies":[{"embeddable":true,"href":"https:\/\/naturalbohemia.cz\/en\/wp-json\/wp\/v2\/comments?post=692"}],"wp:featuredmedia":[{"embeddable":true,"href":"https:\/\/naturalbohemia.cz\/en\/wp-json\/wp\/v2\/media\/922"}],"wp:attachment":[{"href":"https:\/\/naturalbohemia.cz\/en\/wp-json\/wp\/v2\/media?parent=692"}],"wp:term":[{"taxonomy":"product_brand","embeddable":true,"href":"https:\/\/naturalbohemia.cz\/en\/wp-json\/wp\/v2\/product_brand?post=692"},{"taxonomy":"product_cat","embeddable":true,"href":"https:\/\/naturalbohemia.cz\/en\/wp-json\/wp\/v2\/product_cat?post=692"},{"taxonomy":"product_tag","embeddable":true,"href":"https:\/\/naturalbohemia.cz\/en\/wp-json\/wp\/v2\/product_tag?post=692"}],"curies":[{"name":"wp","href":"https:\/\/api.w.org\/{rel}","templated":true}]}}