{"id":747,"date":"2023-09-23T16:36:53","date_gmt":"2023-09-23T15:36:53","guid":{"rendered":"https:\/\/naturalbohemia.cz\/?post_type=product&#038;p=747"},"modified":"2025-09-04T22:12:20","modified_gmt":"2025-09-04T21:12:20","slug":"hreben-jasan-s-rukojeti","status":"publish","type":"product","link":"https:\/\/naturalbohemia.cz\/en\/product\/hreben-jasan-s-rukojeti\/","title":{"rendered":"H\u0159eben z jasanu s rukojet\u00ed"},"content":{"rendered":"<p>Praktick\u00fd d\u0159ev\u011bn\u00fd h\u0159eben ze d\u0159eva jasanu, varianta s rukojet\u00ed. Neni\u010d\u00ed vlasy, je p\u0159\u00edjemn\u00fd na dotek a p\u0159edev\u0161\u00edm vlasy neelektrizuje p\u0159i \u010des\u00e1n\u00ed.<\/p>","protected":false},"excerpt":{"rendered":"<p>p\u0159\u00edrodn\u00ed h\u0159eben na vlasy s rukojet\u00ed vyroben\u00fd ze d\u0159eva jasanu<\/p>","protected":false},"featured_media":749,"comment_status":"open","ping_status":"closed","template":"","meta":[],"product_brand":[],"product_cat":[62],"product_tag":[],"class_list":{"0":"post-747","1":"product","2":"type-product","3":"status-publish","4":"has-post-thumbnail","6":"product_cat-doplnky","8":"first","9":"instock","10":"shipping-taxable","11":"purchasable","12":"product-type-simple"},"yoast_head":"<!-- This site is optimized with the Yoast SEO plugin v25.9 - https:\/\/yoast.com\/wordpress\/plugins\/seo\/ -->\n<title>H\u0159eben z jasanu s rukojet\u00ed - Natural Bohemia<\/title>\n<meta name=\"description\" content=\"P\u0159\u00edrodn\u00ed h\u0159eben na vlasy s rukojet\u00ed vyroben\u00fd ze d\u0159eva jasanu, kter\u00fd nelektrizuje vlasy.\" \/>\n<meta name=\"robots\" content=\"index, follow, max-snippet:-1, max-image-preview:large, max-video-preview:-1\" \/>\n<link rel=\"canonical\" href=\"https:\/\/naturalbohemia.cz\/en\/product\/hreben-jasan-s-rukojeti\/\" \/>\n<meta property=\"og:locale\" content=\"en_US\" \/>\n<meta property=\"og:type\" content=\"article\" \/>\n<meta property=\"og:title\" content=\"H\u0159eben z jasanu s rukojet\u00ed - Natural Bohemia\" \/>\n<meta property=\"og:description\" content=\"P\u0159\u00edrodn\u00ed h\u0159eben na vlasy s rukojet\u00ed vyroben\u00fd ze d\u0159eva jasanu, kter\u00fd nelektrizuje vlasy.\" \/>\n<meta property=\"og:url\" content=\"https:\/\/naturalbohemia.cz\/en\/product\/hreben-jasan-s-rukojeti\/\" \/>\n<meta property=\"og:site_name\" content=\"Natural Bohemia\" \/>\n<meta property=\"article:publisher\" content=\"https:\/\/www.facebook.com\/naturalbohemia\/\" \/>\n<meta property=\"article:modified_time\" content=\"2025-09-04T21:12:20+00:00\" \/>\n<meta property=\"og:image\" content=\"https:\/\/naturalbohemia.cz\/wp-content\/uploads\/2023\/09\/IMG-20230923-WA0001.jpg\" \/>\n\t<meta property=\"og:image:width\" content=\"2000\" \/>\n\t<meta property=\"og:image:height\" content=\"1500\" \/>\n\t<meta property=\"og:image:type\" content=\"image\/jpeg\" \/>\n<meta name=\"twitter:card\" content=\"summary_large_image\" \/>\n<script type=\"application\/ld+json\" class=\"yoast-schema-graph\">{\"@context\":\"https:\/\/schema.org\",\"@graph\":[{\"@type\":\"WebPage\",\"@id\":\"https:\/\/naturalbohemia.cz\/product\/hreben-jasan-s-rukojeti\/\",\"url\":\"https:\/\/naturalbohemia.cz\/product\/hreben-jasan-s-rukojeti\/\",\"name\":\"H\u0159eben z jasanu s rukojet\u00ed - Natural Bohemia\",\"isPartOf\":{\"@id\":\"https:\/\/naturalbohemia.cz\/en\/#website\"},\"primaryImageOfPage\":{\"@id\":\"https:\/\/naturalbohemia.cz\/product\/hreben-jasan-s-rukojeti\/#primaryimage\"},\"image\":{\"@id\":\"https:\/\/naturalbohemia.cz\/product\/hreben-jasan-s-rukojeti\/#primaryimage\"},\"thumbnailUrl\":\"https:\/\/i0.wp.com\/naturalbohemia.cz\/wp-content\/uploads\/2023\/09\/IMG-20230923-WA0001.jpg?fit=2000%2C1500&ssl=1\",\"datePublished\":\"2023-09-23T15:36:53+00:00\",\"dateModified\":\"2025-09-04T21:12:20+00:00\",\"description\":\"P\u0159\u00edrodn\u00ed h\u0159eben na vlasy s rukojet\u00ed vyroben\u00fd ze d\u0159eva jasanu, kter\u00fd nelektrizuje vlasy.\",\"breadcrumb\":{\"@id\":\"https:\/\/naturalbohemia.cz\/product\/hreben-jasan-s-rukojeti\/#breadcrumb\"},\"inLanguage\":\"en-US\",\"potentialAction\":[{\"@type\":\"ReadAction\",\"target\":[\"https:\/\/naturalbohemia.cz\/product\/hreben-jasan-s-rukojeti\/\"]}]},{\"@type\":\"ImageObject\",\"inLanguage\":\"en-US\",\"@id\":\"https:\/\/naturalbohemia.cz\/product\/hreben-jasan-s-rukojeti\/#primaryimage\",\"url\":\"https:\/\/i0.wp.com\/naturalbohemia.cz\/wp-content\/uploads\/2023\/09\/IMG-20230923-WA0001.jpg?fit=2000%2C1500&ssl=1\",\"contentUrl\":\"https:\/\/i0.wp.com\/naturalbohemia.cz\/wp-content\/uploads\/2023\/09\/IMG-20230923-WA0001.jpg?fit=2000%2C1500&ssl=1\",\"width\":2000,\"height\":1500,\"caption\":\"H\u0158EBEN S RUKOJET\u00cd\"},{\"@type\":\"BreadcrumbList\",\"@id\":\"https:\/\/naturalbohemia.cz\/product\/hreben-jasan-s-rukojeti\/#breadcrumb\",\"itemListElement\":[{\"@type\":\"ListItem\",\"position\":1,\"name\":\"Dom\u016f\",\"item\":\"https:\/\/naturalbohemia.cz\/\"},{\"@type\":\"ListItem\",\"position\":2,\"name\":\"obchod\",\"item\":\"https:\/\/naturalbohemia.cz\/en\/shop\/\"},{\"@type\":\"ListItem\",\"position\":3,\"name\":\"H\u0159eben z jasanu s rukojet\u00ed\"}]},{\"@type\":\"WebSite\",\"@id\":\"https:\/\/naturalbohemia.cz\/en\/#website\",\"url\":\"https:\/\/naturalbohemia.cz\/en\/\",\"name\":\"Natural Bohemia\",\"description\":\"v\u00fdroba \u0159emesln\u00fdch m\u00fddel tvo\u0159en\u00fdch s v\u00e1\u0161n\u00ed\",\"publisher\":{\"@id\":\"https:\/\/naturalbohemia.cz\/en\/#organization\"},\"potentialAction\":[{\"@type\":\"SearchAction\",\"target\":{\"@type\":\"EntryPoint\",\"urlTemplate\":\"https:\/\/naturalbohemia.cz\/en\/?s={search_term_string}\"},\"query-input\":{\"@type\":\"PropertyValueSpecification\",\"valueRequired\":true,\"valueName\":\"search_term_string\"}}],\"inLanguage\":\"en-US\"},{\"@type\":\"Organization\",\"@id\":\"https:\/\/naturalbohemia.cz\/en\/#organization\",\"name\":\"Natural Bohemia\",\"url\":\"https:\/\/naturalbohemia.cz\/en\/\",\"logo\":{\"@type\":\"ImageObject\",\"inLanguage\":\"en-US\",\"@id\":\"https:\/\/naturalbohemia.cz\/en\/#\/schema\/logo\/image\/\",\"url\":\"https:\/\/naturalbohemia.cz\/wp-content\/uploads\/2021\/01\/NB_logo_v4.png\",\"contentUrl\":\"https:\/\/naturalbohemia.cz\/wp-content\/uploads\/2021\/01\/NB_logo_v4.png\",\"width\":2000,\"height\":789,\"caption\":\"Natural Bohemia\"},\"image\":{\"@id\":\"https:\/\/naturalbohemia.cz\/en\/#\/schema\/logo\/image\/\"},\"sameAs\":[\"https:\/\/www.facebook.com\/naturalbohemia\/\",\"https:\/\/www.instagram.com\/naturalbohemia\/\"]}]}<\/script>\n<!-- \/ Yoast SEO plugin. -->","yoast_head_json":{"title":"H\u0159eben z jasanu s rukojet\u00ed - Natural Bohemia","description":"P\u0159\u00edrodn\u00ed h\u0159eben na vlasy s rukojet\u00ed vyroben\u00fd ze d\u0159eva jasanu, kter\u00fd nelektrizuje vlasy.","robots":{"index":"index","follow":"follow","max-snippet":"max-snippet:-1","max-image-preview":"max-image-preview:large","max-video-preview":"max-video-preview:-1"},"canonical":"https:\/\/naturalbohemia.cz\/en\/product\/hreben-jasan-s-rukojeti\/","og_locale":"en_US","og_type":"article","og_title":"H\u0159eben z jasanu s rukojet\u00ed - Natural Bohemia","og_description":"P\u0159\u00edrodn\u00ed h\u0159eben na vlasy s rukojet\u00ed vyroben\u00fd ze d\u0159eva jasanu, kter\u00fd nelektrizuje vlasy.","og_url":"https:\/\/naturalbohemia.cz\/en\/product\/hreben-jasan-s-rukojeti\/","og_site_name":"Natural Bohemia","article_publisher":"https:\/\/www.facebook.com\/naturalbohemia\/","article_modified_time":"2025-09-04T21:12:20+00:00","og_image":[{"width":2000,"height":1500,"url":"https:\/\/naturalbohemia.cz\/wp-content\/uploads\/2023\/09\/IMG-20230923-WA0001.jpg","type":"image\/jpeg"}],"twitter_card":"summary_large_image","schema":{"@context":"https:\/\/schema.org","@graph":[{"@type":"WebPage","@id":"https:\/\/naturalbohemia.cz\/product\/hreben-jasan-s-rukojeti\/","url":"https:\/\/naturalbohemia.cz\/product\/hreben-jasan-s-rukojeti\/","name":"H\u0159eben z jasanu s rukojet\u00ed - Natural Bohemia","isPartOf":{"@id":"https:\/\/naturalbohemia.cz\/en\/#website"},"primaryImageOfPage":{"@id":"https:\/\/naturalbohemia.cz\/product\/hreben-jasan-s-rukojeti\/#primaryimage"},"image":{"@id":"https:\/\/naturalbohemia.cz\/product\/hreben-jasan-s-rukojeti\/#primaryimage"},"thumbnailUrl":"https:\/\/i0.wp.com\/naturalbohemia.cz\/wp-content\/uploads\/2023\/09\/IMG-20230923-WA0001.jpg?fit=2000%2C1500&ssl=1","datePublished":"2023-09-23T15:36:53+00:00","dateModified":"2025-09-04T21:12:20+00:00","description":"P\u0159\u00edrodn\u00ed h\u0159eben na vlasy s rukojet\u00ed vyroben\u00fd ze d\u0159eva jasanu, kter\u00fd nelektrizuje vlasy.","breadcrumb":{"@id":"https:\/\/naturalbohemia.cz\/product\/hreben-jasan-s-rukojeti\/#breadcrumb"},"inLanguage":"en-US","potentialAction":[{"@type":"ReadAction","target":["https:\/\/naturalbohemia.cz\/product\/hreben-jasan-s-rukojeti\/"]}]},{"@type":"ImageObject","inLanguage":"en-US","@id":"https:\/\/naturalbohemia.cz\/product\/hreben-jasan-s-rukojeti\/#primaryimage","url":"https:\/\/i0.wp.com\/naturalbohemia.cz\/wp-content\/uploads\/2023\/09\/IMG-20230923-WA0001.jpg?fit=2000%2C1500&ssl=1","contentUrl":"https:\/\/i0.wp.com\/naturalbohemia.cz\/wp-content\/uploads\/2023\/09\/IMG-20230923-WA0001.jpg?fit=2000%2C1500&ssl=1","width":2000,"height":1500,"caption":"H\u0158EBEN S RUKOJET\u00cd"},{"@type":"BreadcrumbList","@id":"https:\/\/naturalbohemia.cz\/product\/hreben-jasan-s-rukojeti\/#breadcrumb","itemListElement":[{"@type":"ListItem","position":1,"name":"Dom\u016f","item":"https:\/\/naturalbohemia.cz\/"},{"@type":"ListItem","position":2,"name":"obchod","item":"https:\/\/naturalbohemia.cz\/en\/shop\/"},{"@type":"ListItem","position":3,"name":"H\u0159eben z jasanu s rukojet\u00ed"}]},{"@type":"WebSite","@id":"https:\/\/naturalbohemia.cz\/en\/#website","url":"https:\/\/naturalbohemia.cz\/en\/","name":"Natural Bohemia","description":"v\u00fdroba \u0159emesln\u00fdch m\u00fddel tvo\u0159en\u00fdch s v\u00e1\u0161n\u00ed","publisher":{"@id":"https:\/\/naturalbohemia.cz\/en\/#organization"},"potentialAction":[{"@type":"SearchAction","target":{"@type":"EntryPoint","urlTemplate":"https:\/\/naturalbohemia.cz\/en\/?s={search_term_string}"},"query-input":{"@type":"PropertyValueSpecification","valueRequired":true,"valueName":"search_term_string"}}],"inLanguage":"en-US"},{"@type":"Organization","@id":"https:\/\/naturalbohemia.cz\/en\/#organization","name":"Natural Bohemia","url":"https:\/\/naturalbohemia.cz\/en\/","logo":{"@type":"ImageObject","inLanguage":"en-US","@id":"https:\/\/naturalbohemia.cz\/en\/#\/schema\/logo\/image\/","url":"https:\/\/naturalbohemia.cz\/wp-content\/uploads\/2021\/01\/NB_logo_v4.png","contentUrl":"https:\/\/naturalbohemia.cz\/wp-content\/uploads\/2021\/01\/NB_logo_v4.png","width":2000,"height":789,"caption":"Natural Bohemia"},"image":{"@id":"https:\/\/naturalbohemia.cz\/en\/#\/schema\/logo\/image\/"},"sameAs":["https:\/\/www.facebook.com\/naturalbohemia\/","https:\/\/www.instagram.com\/naturalbohemia\/"]}]}},"jetpack_sharing_enabled":true,"_links":{"self":[{"href":"https:\/\/naturalbohemia.cz\/en\/wp-json\/wp\/v2\/product\/747","targetHints":{"allow":["GET"]}}],"collection":[{"href":"https:\/\/naturalbohemia.cz\/en\/wp-json\/wp\/v2\/product"}],"about":[{"href":"https:\/\/naturalbohemia.cz\/en\/wp-json\/wp\/v2\/types\/product"}],"replies":[{"embeddable":true,"href":"https:\/\/naturalbohemia.cz\/en\/wp-json\/wp\/v2\/comments?post=747"}],"wp:featuredmedia":[{"embeddable":true,"href":"https:\/\/naturalbohemia.cz\/en\/wp-json\/wp\/v2\/media\/749"}],"wp:attachment":[{"href":"https:\/\/naturalbohemia.cz\/en\/wp-json\/wp\/v2\/media?parent=747"}],"wp:term":[{"taxonomy":"product_brand","embeddable":true,"href":"https:\/\/naturalbohemia.cz\/en\/wp-json\/wp\/v2\/product_brand?post=747"},{"taxonomy":"product_cat","embeddable":true,"href":"https:\/\/naturalbohemia.cz\/en\/wp-json\/wp\/v2\/product_cat?post=747"},{"taxonomy":"product_tag","embeddable":true,"href":"https:\/\/naturalbohemia.cz\/en\/wp-json\/wp\/v2\/product_tag?post=747"}],"curies":[{"name":"wp","href":"https:\/\/api.w.org\/{rel}","templated":true}]}}