{"id":807,"date":"2024-02-20T09:08:37","date_gmt":"2024-02-20T08:08:37","guid":{"rendered":"https:\/\/naturalbohemia.cz\/?post_type=product&#038;p=807"},"modified":"2026-04-08T07:09:15","modified_gmt":"2026-04-08T06:09:15","slug":"mydlo-a-kartac-na-nadobi","status":"publish","type":"product","link":"https:\/\/naturalbohemia.cz\/en\/product\/mydlo-a-kartac-na-nadobi\/","title":{"rendered":"M\u00ddDLO A KART\u00c1\u010c NA N\u00c1DOB\u00cd"},"content":{"rendered":"<p class=\"aLF-aPX-K0-aPE\"><strong>SET ru\u010dn\u011b vyr\u00e1b\u011bn\u00e9ho m\u00fddla v porcel\u00e1nov\u00e9 misce s odoln\u00fdm kart\u00e1\u010dem na n\u00e1dob\u00ed.<\/strong><\/p>\n<hr \/>\n<p><strong>M\u00ddDLO NA N\u00c1DOB\u00cd, ovoce a zeleninu v porcel\u00e1nov\u00e9 misce<\/strong><\/p>\n<p><strong>Ru\u010dn\u011b vyr\u00e1b\u011bn\u00e9 m\u00fddlo na n\u00e1dob\u00ed s kokosov\u00fdm olejem. M\u00fddlo je ur\u010deno na myt\u00ed n\u00e1dob\u00ed, ovoce a zeleniny. Je \u0161etrn\u00e9 k p\u0159\u00edrod\u011b, bez barviv, chemie a parf\u00e9m\u016f. M\u016f\u017eete jej pou\u017e\u00edt i na pran\u00ed pr\u00e1dla. Takov\u00e9 m\u00e9 t\u0159i v jednom.<\/strong><\/p>\n<p><strong>Porcel\u00e1nov\u00e1 miska se d\u00e1 n\u00e1sledn\u011b pou\u017e\u00edt v kuchyni a nebo znovu doplnut dal\u0161\u00edm m\u00fddlem.<\/strong><\/p>\n<hr \/>\n<p><strong>DISH DETERGENT SET WITH SCRUB BRUSH. Handmade dish soap <\/strong><strong>made with coconut oil <\/strong><strong>in a porcelain bowl The soap is intended for washing dishes as well as fruit and vegetables. It is environmentally friendly, without dyes, chemicals or perfumes.<\/strong><\/p>\n<p><strong>You can also use the soap for washing clothes. <\/strong><strong>That&#8217;s three uses for one product.<\/strong><\/p>\n<p><strong>The porcelain bowl can later be used in the kitchen or refilled with additional soap.<\/strong><\/p>","protected":false},"excerpt":{"rendered":"<p>SET ru\u010dn\u011b vyr\u00e1b\u011bn\u00e9ho m\u00fddla v porcel\u00e1nov\u00e9 misce s odoln\u00fdm kart\u00e1\u010dem na n\u00e1dob\u00ed. M\u00ddDLO NA N\u00c1DOB\u00cd, ovoce a zeleninu v porcel\u00e1nov\u00e9 misce Ru\u010dn\u011b vyr\u00e1b\u011bn\u00e9 m\u00fddlo na n\u00e1dob\u00ed s kokosov\u00fdm olejem. M\u00fddlo je ur\u010deno na myt\u00ed n\u00e1dob\u00ed, ovoce a zeleniny. Je \u0161etrn\u00e9 k p\u0159\u00edrod\u011b, bez barviv, chemie a parf\u00e9m\u016f. M\u016f\u017eete jej pou\u017e\u00edt i na pran\u00ed pr\u00e1dla. Takov\u00e9 [&hellip;]<\/p>","protected":false},"featured_media":966,"comment_status":"open","ping_status":"closed","template":"","meta":[],"product_brand":[],"product_cat":[62],"product_tag":[],"class_list":{"0":"post-807","1":"product","2":"type-product","3":"status-publish","4":"has-post-thumbnail","6":"product_cat-doplnky","8":"first","9":"outofstock","10":"shipping-taxable","11":"purchasable","12":"product-type-simple"},"yoast_head":"<!-- This site is optimized with the Yoast SEO plugin v25.9 - https:\/\/yoast.com\/wordpress\/plugins\/seo\/ -->\n<title>M\u00ddDLO A KART\u00c1\u010c NA N\u00c1DOB\u00cd - Natural Bohemia<\/title>\n<meta name=\"robots\" content=\"index, follow, max-snippet:-1, max-image-preview:large, max-video-preview:-1\" \/>\n<link rel=\"canonical\" href=\"https:\/\/naturalbohemia.cz\/en\/product\/mydlo-a-kartac-na-nadobi\/\" \/>\n<meta property=\"og:locale\" content=\"en_US\" \/>\n<meta property=\"og:type\" content=\"article\" \/>\n<meta property=\"og:title\" content=\"M\u00ddDLO A KART\u00c1\u010c NA N\u00c1DOB\u00cd - Natural Bohemia\" \/>\n<meta property=\"og:description\" content=\"SET ru\u010dn\u011b vyr\u00e1b\u011bn\u00e9ho m\u00fddla v porcel\u00e1nov\u00e9 misce s odoln\u00fdm kart\u00e1\u010dem na n\u00e1dob\u00ed. M\u00ddDLO NA N\u00c1DOB\u00cd, ovoce a zeleninu v porcel\u00e1nov\u00e9 misce Ru\u010dn\u011b vyr\u00e1b\u011bn\u00e9 m\u00fddlo na n\u00e1dob\u00ed s kokosov\u00fdm olejem. M\u00fddlo je ur\u010deno na myt\u00ed n\u00e1dob\u00ed, ovoce a zeleniny. Je \u0161etrn\u00e9 k p\u0159\u00edrod\u011b, bez barviv, chemie a parf\u00e9m\u016f. M\u016f\u017eete jej pou\u017e\u00edt i na pran\u00ed pr\u00e1dla. Takov\u00e9 [&hellip;]\" \/>\n<meta property=\"og:url\" content=\"https:\/\/naturalbohemia.cz\/en\/product\/mydlo-a-kartac-na-nadobi\/\" \/>\n<meta property=\"og:site_name\" content=\"Natural Bohemia\" \/>\n<meta property=\"article:publisher\" content=\"https:\/\/www.facebook.com\/naturalbohemia\/\" \/>\n<meta property=\"article:modified_time\" content=\"2026-04-08T06:09:15+00:00\" \/>\n<meta property=\"og:image\" content=\"https:\/\/naturalbohemia.cz\/wp-content\/uploads\/2024\/02\/IMG_6199-Edit-scaled.jpg\" \/>\n\t<meta property=\"og:image:width\" content=\"1707\" \/>\n\t<meta property=\"og:image:height\" content=\"2560\" \/>\n\t<meta property=\"og:image:type\" content=\"image\/jpeg\" \/>\n<meta name=\"twitter:card\" content=\"summary_large_image\" \/>\n<script type=\"application\/ld+json\" class=\"yoast-schema-graph\">{\"@context\":\"https:\/\/schema.org\",\"@graph\":[{\"@type\":\"WebPage\",\"@id\":\"https:\/\/naturalbohemia.cz\/product\/mydlo-a-kartac-na-nadobi\/\",\"url\":\"https:\/\/naturalbohemia.cz\/product\/mydlo-a-kartac-na-nadobi\/\",\"name\":\"M\u00ddDLO A KART\u00c1\u010c NA N\u00c1DOB\u00cd - Natural Bohemia\",\"isPartOf\":{\"@id\":\"https:\/\/naturalbohemia.cz\/en\/#website\"},\"primaryImageOfPage\":{\"@id\":\"https:\/\/naturalbohemia.cz\/product\/mydlo-a-kartac-na-nadobi\/#primaryimage\"},\"image\":{\"@id\":\"https:\/\/naturalbohemia.cz\/product\/mydlo-a-kartac-na-nadobi\/#primaryimage\"},\"thumbnailUrl\":\"https:\/\/i0.wp.com\/naturalbohemia.cz\/wp-content\/uploads\/2024\/02\/IMG_6199-Edit-scaled.jpg?fit=1707%2C2560&ssl=1\",\"datePublished\":\"2024-02-20T08:08:37+00:00\",\"dateModified\":\"2026-04-08T06:09:15+00:00\",\"breadcrumb\":{\"@id\":\"https:\/\/naturalbohemia.cz\/product\/mydlo-a-kartac-na-nadobi\/#breadcrumb\"},\"inLanguage\":\"en-US\",\"potentialAction\":[{\"@type\":\"ReadAction\",\"target\":[\"https:\/\/naturalbohemia.cz\/product\/mydlo-a-kartac-na-nadobi\/\"]}]},{\"@type\":\"ImageObject\",\"inLanguage\":\"en-US\",\"@id\":\"https:\/\/naturalbohemia.cz\/product\/mydlo-a-kartac-na-nadobi\/#primaryimage\",\"url\":\"https:\/\/i0.wp.com\/naturalbohemia.cz\/wp-content\/uploads\/2024\/02\/IMG_6199-Edit-scaled.jpg?fit=1707%2C2560&ssl=1\",\"contentUrl\":\"https:\/\/i0.wp.com\/naturalbohemia.cz\/wp-content\/uploads\/2024\/02\/IMG_6199-Edit-scaled.jpg?fit=1707%2C2560&ssl=1\",\"width\":1707,\"height\":2560},{\"@type\":\"BreadcrumbList\",\"@id\":\"https:\/\/naturalbohemia.cz\/product\/mydlo-a-kartac-na-nadobi\/#breadcrumb\",\"itemListElement\":[{\"@type\":\"ListItem\",\"position\":1,\"name\":\"Dom\u016f\",\"item\":\"https:\/\/naturalbohemia.cz\/\"},{\"@type\":\"ListItem\",\"position\":2,\"name\":\"obchod\",\"item\":\"https:\/\/naturalbohemia.cz\/en\/shop\/\"},{\"@type\":\"ListItem\",\"position\":3,\"name\":\"M\u00ddDLO A KART\u00c1\u010c NA N\u00c1DOB\u00cd\"}]},{\"@type\":\"WebSite\",\"@id\":\"https:\/\/naturalbohemia.cz\/en\/#website\",\"url\":\"https:\/\/naturalbohemia.cz\/en\/\",\"name\":\"Natural Bohemia\",\"description\":\"v\u00fdroba \u0159emesln\u00fdch m\u00fddel tvo\u0159en\u00fdch s v\u00e1\u0161n\u00ed\",\"publisher\":{\"@id\":\"https:\/\/naturalbohemia.cz\/en\/#organization\"},\"potentialAction\":[{\"@type\":\"SearchAction\",\"target\":{\"@type\":\"EntryPoint\",\"urlTemplate\":\"https:\/\/naturalbohemia.cz\/en\/?s={search_term_string}\"},\"query-input\":{\"@type\":\"PropertyValueSpecification\",\"valueRequired\":true,\"valueName\":\"search_term_string\"}}],\"inLanguage\":\"en-US\"},{\"@type\":\"Organization\",\"@id\":\"https:\/\/naturalbohemia.cz\/en\/#organization\",\"name\":\"Natural Bohemia\",\"url\":\"https:\/\/naturalbohemia.cz\/en\/\",\"logo\":{\"@type\":\"ImageObject\",\"inLanguage\":\"en-US\",\"@id\":\"https:\/\/naturalbohemia.cz\/en\/#\/schema\/logo\/image\/\",\"url\":\"https:\/\/naturalbohemia.cz\/wp-content\/uploads\/2021\/01\/NB_logo_v4.png\",\"contentUrl\":\"https:\/\/naturalbohemia.cz\/wp-content\/uploads\/2021\/01\/NB_logo_v4.png\",\"width\":2000,\"height\":789,\"caption\":\"Natural Bohemia\"},\"image\":{\"@id\":\"https:\/\/naturalbohemia.cz\/en\/#\/schema\/logo\/image\/\"},\"sameAs\":[\"https:\/\/www.facebook.com\/naturalbohemia\/\",\"https:\/\/www.instagram.com\/naturalbohemia\/\"]}]}<\/script>\n<!-- \/ Yoast SEO plugin. -->","yoast_head_json":{"title":"M\u00ddDLO A KART\u00c1\u010c NA N\u00c1DOB\u00cd - Natural Bohemia","robots":{"index":"index","follow":"follow","max-snippet":"max-snippet:-1","max-image-preview":"max-image-preview:large","max-video-preview":"max-video-preview:-1"},"canonical":"https:\/\/naturalbohemia.cz\/en\/product\/mydlo-a-kartac-na-nadobi\/","og_locale":"en_US","og_type":"article","og_title":"M\u00ddDLO A KART\u00c1\u010c NA N\u00c1DOB\u00cd - Natural Bohemia","og_description":"SET ru\u010dn\u011b vyr\u00e1b\u011bn\u00e9ho m\u00fddla v porcel\u00e1nov\u00e9 misce s odoln\u00fdm kart\u00e1\u010dem na n\u00e1dob\u00ed. M\u00ddDLO NA N\u00c1DOB\u00cd, ovoce a zeleninu v porcel\u00e1nov\u00e9 misce Ru\u010dn\u011b vyr\u00e1b\u011bn\u00e9 m\u00fddlo na n\u00e1dob\u00ed s kokosov\u00fdm olejem. M\u00fddlo je ur\u010deno na myt\u00ed n\u00e1dob\u00ed, ovoce a zeleniny. Je \u0161etrn\u00e9 k p\u0159\u00edrod\u011b, bez barviv, chemie a parf\u00e9m\u016f. M\u016f\u017eete jej pou\u017e\u00edt i na pran\u00ed pr\u00e1dla. Takov\u00e9 [&hellip;]","og_url":"https:\/\/naturalbohemia.cz\/en\/product\/mydlo-a-kartac-na-nadobi\/","og_site_name":"Natural Bohemia","article_publisher":"https:\/\/www.facebook.com\/naturalbohemia\/","article_modified_time":"2026-04-08T06:09:15+00:00","og_image":[{"width":1707,"height":2560,"url":"https:\/\/naturalbohemia.cz\/wp-content\/uploads\/2024\/02\/IMG_6199-Edit-scaled.jpg","type":"image\/jpeg"}],"twitter_card":"summary_large_image","schema":{"@context":"https:\/\/schema.org","@graph":[{"@type":"WebPage","@id":"https:\/\/naturalbohemia.cz\/product\/mydlo-a-kartac-na-nadobi\/","url":"https:\/\/naturalbohemia.cz\/product\/mydlo-a-kartac-na-nadobi\/","name":"M\u00ddDLO A KART\u00c1\u010c NA N\u00c1DOB\u00cd - Natural Bohemia","isPartOf":{"@id":"https:\/\/naturalbohemia.cz\/en\/#website"},"primaryImageOfPage":{"@id":"https:\/\/naturalbohemia.cz\/product\/mydlo-a-kartac-na-nadobi\/#primaryimage"},"image":{"@id":"https:\/\/naturalbohemia.cz\/product\/mydlo-a-kartac-na-nadobi\/#primaryimage"},"thumbnailUrl":"https:\/\/i0.wp.com\/naturalbohemia.cz\/wp-content\/uploads\/2024\/02\/IMG_6199-Edit-scaled.jpg?fit=1707%2C2560&ssl=1","datePublished":"2024-02-20T08:08:37+00:00","dateModified":"2026-04-08T06:09:15+00:00","breadcrumb":{"@id":"https:\/\/naturalbohemia.cz\/product\/mydlo-a-kartac-na-nadobi\/#breadcrumb"},"inLanguage":"en-US","potentialAction":[{"@type":"ReadAction","target":["https:\/\/naturalbohemia.cz\/product\/mydlo-a-kartac-na-nadobi\/"]}]},{"@type":"ImageObject","inLanguage":"en-US","@id":"https:\/\/naturalbohemia.cz\/product\/mydlo-a-kartac-na-nadobi\/#primaryimage","url":"https:\/\/i0.wp.com\/naturalbohemia.cz\/wp-content\/uploads\/2024\/02\/IMG_6199-Edit-scaled.jpg?fit=1707%2C2560&ssl=1","contentUrl":"https:\/\/i0.wp.com\/naturalbohemia.cz\/wp-content\/uploads\/2024\/02\/IMG_6199-Edit-scaled.jpg?fit=1707%2C2560&ssl=1","width":1707,"height":2560},{"@type":"BreadcrumbList","@id":"https:\/\/naturalbohemia.cz\/product\/mydlo-a-kartac-na-nadobi\/#breadcrumb","itemListElement":[{"@type":"ListItem","position":1,"name":"Dom\u016f","item":"https:\/\/naturalbohemia.cz\/"},{"@type":"ListItem","position":2,"name":"obchod","item":"https:\/\/naturalbohemia.cz\/en\/shop\/"},{"@type":"ListItem","position":3,"name":"M\u00ddDLO A KART\u00c1\u010c NA N\u00c1DOB\u00cd"}]},{"@type":"WebSite","@id":"https:\/\/naturalbohemia.cz\/en\/#website","url":"https:\/\/naturalbohemia.cz\/en\/","name":"Natural Bohemia","description":"v\u00fdroba \u0159emesln\u00fdch m\u00fddel tvo\u0159en\u00fdch s v\u00e1\u0161n\u00ed","publisher":{"@id":"https:\/\/naturalbohemia.cz\/en\/#organization"},"potentialAction":[{"@type":"SearchAction","target":{"@type":"EntryPoint","urlTemplate":"https:\/\/naturalbohemia.cz\/en\/?s={search_term_string}"},"query-input":{"@type":"PropertyValueSpecification","valueRequired":true,"valueName":"search_term_string"}}],"inLanguage":"en-US"},{"@type":"Organization","@id":"https:\/\/naturalbohemia.cz\/en\/#organization","name":"Natural Bohemia","url":"https:\/\/naturalbohemia.cz\/en\/","logo":{"@type":"ImageObject","inLanguage":"en-US","@id":"https:\/\/naturalbohemia.cz\/en\/#\/schema\/logo\/image\/","url":"https:\/\/naturalbohemia.cz\/wp-content\/uploads\/2021\/01\/NB_logo_v4.png","contentUrl":"https:\/\/naturalbohemia.cz\/wp-content\/uploads\/2021\/01\/NB_logo_v4.png","width":2000,"height":789,"caption":"Natural Bohemia"},"image":{"@id":"https:\/\/naturalbohemia.cz\/en\/#\/schema\/logo\/image\/"},"sameAs":["https:\/\/www.facebook.com\/naturalbohemia\/","https:\/\/www.instagram.com\/naturalbohemia\/"]}]}},"jetpack_sharing_enabled":true,"_links":{"self":[{"href":"https:\/\/naturalbohemia.cz\/en\/wp-json\/wp\/v2\/product\/807","targetHints":{"allow":["GET"]}}],"collection":[{"href":"https:\/\/naturalbohemia.cz\/en\/wp-json\/wp\/v2\/product"}],"about":[{"href":"https:\/\/naturalbohemia.cz\/en\/wp-json\/wp\/v2\/types\/product"}],"replies":[{"embeddable":true,"href":"https:\/\/naturalbohemia.cz\/en\/wp-json\/wp\/v2\/comments?post=807"}],"wp:featuredmedia":[{"embeddable":true,"href":"https:\/\/naturalbohemia.cz\/en\/wp-json\/wp\/v2\/media\/966"}],"wp:attachment":[{"href":"https:\/\/naturalbohemia.cz\/en\/wp-json\/wp\/v2\/media?parent=807"}],"wp:term":[{"taxonomy":"product_brand","embeddable":true,"href":"https:\/\/naturalbohemia.cz\/en\/wp-json\/wp\/v2\/product_brand?post=807"},{"taxonomy":"product_cat","embeddable":true,"href":"https:\/\/naturalbohemia.cz\/en\/wp-json\/wp\/v2\/product_cat?post=807"},{"taxonomy":"product_tag","embeddable":true,"href":"https:\/\/naturalbohemia.cz\/en\/wp-json\/wp\/v2\/product_tag?post=807"}],"curies":[{"name":"wp","href":"https:\/\/api.w.org\/{rel}","templated":true}]}}