{"id":813,"date":"2024-02-20T09:25:45","date_gmt":"2024-02-20T08:25:45","guid":{"rendered":"https:\/\/naturalbohemia.cz\/?post_type=product&#038;p=813"},"modified":"2026-04-24T18:24:19","modified_gmt":"2026-04-24T17:24:19","slug":"carbon-box-110","status":"publish","type":"product","link":"https:\/\/naturalbohemia.cz\/en\/product\/carbon-box-110\/","title":{"rendered":"CARBON box 110g"},"content":{"rendered":"<p><strong>P\u0159\u00edrodn\u00ed soln\u00e9 m\u00fddlo s \u010dern\u00fdm uhl\u00edm pro norm\u00e1ln\u00ed a problematickou ple\u0165<\/strong><\/p>\n<p><strong>M\u00fddlo s mo\u0159skou sol\u00ed a \u010dern\u00fdm uhl\u00edm. Neparfemovan\u00e9, zcela p\u0159\u00edrodn\u00ed. M\u00fddlo pro mu\u017ee i \u017eeny. D\u00e1 se pou\u017e\u00edt na cel\u00e9 t\u011blo a nebo jen tak na ruce. Pozor! S\u016fl m\u00e1 antibakteri\u00e1ln\u00ed \u00fa\u010dinky, \u010dern\u00e9 uhl\u00ed \u010dist\u00edc\u00ed. ??<\/strong><\/p>\n<hr \/>\n<p><strong>Natural salt soap with black coal for normal and problematic skin.<\/strong><\/p>\n<p><strong>Soap with sea salt and black coal. Unscented, all natural, for men and women. It can be used on the whole body or just on the hands. Attention! Salt has antibacterial properties; black coal helps clense.<\/strong><\/p>","protected":false},"excerpt":{"rendered":"<p>P\u0159\u00edrodn\u00ed soln\u00e9 m\u00fddlo s \u010dern\u00fdm uhl\u00edm pro norm\u00e1ln\u00ed a problematickou ple\u0165 M\u00fddlo s mo\u0159skou sol\u00ed a \u010dern\u00fdm uhl\u00edm. Neparfemovan\u00e9, zcela p\u0159\u00edrodn\u00ed. M\u00fddlo pro mu\u017ee i \u017eeny. D\u00e1 se pou\u017e\u00edt na cel\u00e9 t\u011blo a nebo jen tak na ruce. Pozor! S\u016fl m\u00e1 antibakteri\u00e1ln\u00ed \u00fa\u010dinky, \u010dern\u00e9 uhl\u00ed \u010dist\u00edc\u00ed. ?? Natural salt soap with black coal for normal [&hellip;]<\/p>","protected":false},"featured_media":935,"comment_status":"open","ping_status":"closed","template":"","meta":[],"product_brand":[],"product_cat":[23,59],"product_tag":[],"class_list":{"0":"post-813","1":"product","2":"type-product","3":"status-publish","4":"has-post-thumbnail","6":"product_cat-mydla","7":"product_cat-zabalena-v-krabicce","9":"first","10":"instock","11":"shipping-taxable","12":"purchasable","13":"product-type-simple"},"yoast_head":"<!-- This site is optimized with the Yoast SEO plugin v25.9 - https:\/\/yoast.com\/wordpress\/plugins\/seo\/ -->\n<title>CARBON box 110g - Natural Bohemia<\/title>\n<meta name=\"robots\" content=\"index, follow, max-snippet:-1, max-image-preview:large, max-video-preview:-1\" \/>\n<link rel=\"canonical\" href=\"https:\/\/naturalbohemia.cz\/en\/product\/carbon-box-110\/\" \/>\n<meta property=\"og:locale\" content=\"en_US\" \/>\n<meta property=\"og:type\" content=\"article\" \/>\n<meta property=\"og:title\" content=\"CARBON box 110g - Natural Bohemia\" \/>\n<meta property=\"og:description\" content=\"P\u0159\u00edrodn\u00ed soln\u00e9 m\u00fddlo s \u010dern\u00fdm uhl\u00edm pro norm\u00e1ln\u00ed a problematickou ple\u0165 M\u00fddlo s mo\u0159skou sol\u00ed a \u010dern\u00fdm uhl\u00edm. Neparfemovan\u00e9, zcela p\u0159\u00edrodn\u00ed. M\u00fddlo pro mu\u017ee i \u017eeny. D\u00e1 se pou\u017e\u00edt na cel\u00e9 t\u011blo a nebo jen tak na ruce. Pozor! S\u016fl m\u00e1 antibakteri\u00e1ln\u00ed \u00fa\u010dinky, \u010dern\u00e9 uhl\u00ed \u010dist\u00edc\u00ed. ?? Natural salt soap with black coal for normal [&hellip;]\" \/>\n<meta property=\"og:url\" content=\"https:\/\/naturalbohemia.cz\/en\/product\/carbon-box-110\/\" \/>\n<meta property=\"og:site_name\" content=\"Natural Bohemia\" \/>\n<meta property=\"article:publisher\" content=\"https:\/\/www.facebook.com\/naturalbohemia\/\" \/>\n<meta property=\"article:modified_time\" content=\"2026-04-24T17:24:19+00:00\" \/>\n<meta property=\"og:image\" content=\"https:\/\/naturalbohemia.cz\/wp-content\/uploads\/2023\/01\/IMG_5842-Edit.jpg\" \/>\n\t<meta property=\"og:image:width\" content=\"1307\" \/>\n\t<meta property=\"og:image:height\" content=\"1960\" \/>\n\t<meta property=\"og:image:type\" content=\"image\/jpeg\" \/>\n<meta name=\"twitter:card\" content=\"summary_large_image\" \/>\n<script type=\"application\/ld+json\" class=\"yoast-schema-graph\">{\"@context\":\"https:\/\/schema.org\",\"@graph\":[{\"@type\":\"WebPage\",\"@id\":\"https:\/\/naturalbohemia.cz\/product\/carbon-box-110\/\",\"url\":\"https:\/\/naturalbohemia.cz\/product\/carbon-box-110\/\",\"name\":\"CARBON box 110g - Natural Bohemia\",\"isPartOf\":{\"@id\":\"https:\/\/naturalbohemia.cz\/en\/#website\"},\"primaryImageOfPage\":{\"@id\":\"https:\/\/naturalbohemia.cz\/product\/carbon-box-110\/#primaryimage\"},\"image\":{\"@id\":\"https:\/\/naturalbohemia.cz\/product\/carbon-box-110\/#primaryimage\"},\"thumbnailUrl\":\"https:\/\/i0.wp.com\/naturalbohemia.cz\/wp-content\/uploads\/2023\/01\/IMG_5842-Edit.jpg?fit=1307%2C1960&ssl=1\",\"datePublished\":\"2024-02-20T08:25:45+00:00\",\"dateModified\":\"2026-04-24T17:24:19+00:00\",\"breadcrumb\":{\"@id\":\"https:\/\/naturalbohemia.cz\/product\/carbon-box-110\/#breadcrumb\"},\"inLanguage\":\"en-US\",\"potentialAction\":[{\"@type\":\"ReadAction\",\"target\":[\"https:\/\/naturalbohemia.cz\/product\/carbon-box-110\/\"]}]},{\"@type\":\"ImageObject\",\"inLanguage\":\"en-US\",\"@id\":\"https:\/\/naturalbohemia.cz\/product\/carbon-box-110\/#primaryimage\",\"url\":\"https:\/\/i0.wp.com\/naturalbohemia.cz\/wp-content\/uploads\/2023\/01\/IMG_5842-Edit.jpg?fit=1307%2C1960&ssl=1\",\"contentUrl\":\"https:\/\/i0.wp.com\/naturalbohemia.cz\/wp-content\/uploads\/2023\/01\/IMG_5842-Edit.jpg?fit=1307%2C1960&ssl=1\",\"width\":1307,\"height\":1960},{\"@type\":\"BreadcrumbList\",\"@id\":\"https:\/\/naturalbohemia.cz\/product\/carbon-box-110\/#breadcrumb\",\"itemListElement\":[{\"@type\":\"ListItem\",\"position\":1,\"name\":\"Dom\u016f\",\"item\":\"https:\/\/naturalbohemia.cz\/\"},{\"@type\":\"ListItem\",\"position\":2,\"name\":\"obchod\",\"item\":\"https:\/\/naturalbohemia.cz\/en\/shop\/\"},{\"@type\":\"ListItem\",\"position\":3,\"name\":\"CARBON box 110g\"}]},{\"@type\":\"WebSite\",\"@id\":\"https:\/\/naturalbohemia.cz\/en\/#website\",\"url\":\"https:\/\/naturalbohemia.cz\/en\/\",\"name\":\"Natural Bohemia\",\"description\":\"v\u00fdroba \u0159emesln\u00fdch m\u00fddel tvo\u0159en\u00fdch s v\u00e1\u0161n\u00ed\",\"publisher\":{\"@id\":\"https:\/\/naturalbohemia.cz\/en\/#organization\"},\"potentialAction\":[{\"@type\":\"SearchAction\",\"target\":{\"@type\":\"EntryPoint\",\"urlTemplate\":\"https:\/\/naturalbohemia.cz\/en\/?s={search_term_string}\"},\"query-input\":{\"@type\":\"PropertyValueSpecification\",\"valueRequired\":true,\"valueName\":\"search_term_string\"}}],\"inLanguage\":\"en-US\"},{\"@type\":\"Organization\",\"@id\":\"https:\/\/naturalbohemia.cz\/en\/#organization\",\"name\":\"Natural Bohemia\",\"url\":\"https:\/\/naturalbohemia.cz\/en\/\",\"logo\":{\"@type\":\"ImageObject\",\"inLanguage\":\"en-US\",\"@id\":\"https:\/\/naturalbohemia.cz\/en\/#\/schema\/logo\/image\/\",\"url\":\"https:\/\/naturalbohemia.cz\/wp-content\/uploads\/2021\/01\/NB_logo_v4.png\",\"contentUrl\":\"https:\/\/naturalbohemia.cz\/wp-content\/uploads\/2021\/01\/NB_logo_v4.png\",\"width\":2000,\"height\":789,\"caption\":\"Natural Bohemia\"},\"image\":{\"@id\":\"https:\/\/naturalbohemia.cz\/en\/#\/schema\/logo\/image\/\"},\"sameAs\":[\"https:\/\/www.facebook.com\/naturalbohemia\/\",\"https:\/\/www.instagram.com\/naturalbohemia\/\"]}]}<\/script>\n<!-- \/ Yoast SEO plugin. -->","yoast_head_json":{"title":"CARBON box 110g - Natural Bohemia","robots":{"index":"index","follow":"follow","max-snippet":"max-snippet:-1","max-image-preview":"max-image-preview:large","max-video-preview":"max-video-preview:-1"},"canonical":"https:\/\/naturalbohemia.cz\/en\/product\/carbon-box-110\/","og_locale":"en_US","og_type":"article","og_title":"CARBON box 110g - Natural Bohemia","og_description":"P\u0159\u00edrodn\u00ed soln\u00e9 m\u00fddlo s \u010dern\u00fdm uhl\u00edm pro norm\u00e1ln\u00ed a problematickou ple\u0165 M\u00fddlo s mo\u0159skou sol\u00ed a \u010dern\u00fdm uhl\u00edm. Neparfemovan\u00e9, zcela p\u0159\u00edrodn\u00ed. M\u00fddlo pro mu\u017ee i \u017eeny. D\u00e1 se pou\u017e\u00edt na cel\u00e9 t\u011blo a nebo jen tak na ruce. Pozor! S\u016fl m\u00e1 antibakteri\u00e1ln\u00ed \u00fa\u010dinky, \u010dern\u00e9 uhl\u00ed \u010dist\u00edc\u00ed. ?? Natural salt soap with black coal for normal [&hellip;]","og_url":"https:\/\/naturalbohemia.cz\/en\/product\/carbon-box-110\/","og_site_name":"Natural Bohemia","article_publisher":"https:\/\/www.facebook.com\/naturalbohemia\/","article_modified_time":"2026-04-24T17:24:19+00:00","og_image":[{"width":1307,"height":1960,"url":"https:\/\/naturalbohemia.cz\/wp-content\/uploads\/2023\/01\/IMG_5842-Edit.jpg","type":"image\/jpeg"}],"twitter_card":"summary_large_image","schema":{"@context":"https:\/\/schema.org","@graph":[{"@type":"WebPage","@id":"https:\/\/naturalbohemia.cz\/product\/carbon-box-110\/","url":"https:\/\/naturalbohemia.cz\/product\/carbon-box-110\/","name":"CARBON box 110g - Natural Bohemia","isPartOf":{"@id":"https:\/\/naturalbohemia.cz\/en\/#website"},"primaryImageOfPage":{"@id":"https:\/\/naturalbohemia.cz\/product\/carbon-box-110\/#primaryimage"},"image":{"@id":"https:\/\/naturalbohemia.cz\/product\/carbon-box-110\/#primaryimage"},"thumbnailUrl":"https:\/\/i0.wp.com\/naturalbohemia.cz\/wp-content\/uploads\/2023\/01\/IMG_5842-Edit.jpg?fit=1307%2C1960&ssl=1","datePublished":"2024-02-20T08:25:45+00:00","dateModified":"2026-04-24T17:24:19+00:00","breadcrumb":{"@id":"https:\/\/naturalbohemia.cz\/product\/carbon-box-110\/#breadcrumb"},"inLanguage":"en-US","potentialAction":[{"@type":"ReadAction","target":["https:\/\/naturalbohemia.cz\/product\/carbon-box-110\/"]}]},{"@type":"ImageObject","inLanguage":"en-US","@id":"https:\/\/naturalbohemia.cz\/product\/carbon-box-110\/#primaryimage","url":"https:\/\/i0.wp.com\/naturalbohemia.cz\/wp-content\/uploads\/2023\/01\/IMG_5842-Edit.jpg?fit=1307%2C1960&ssl=1","contentUrl":"https:\/\/i0.wp.com\/naturalbohemia.cz\/wp-content\/uploads\/2023\/01\/IMG_5842-Edit.jpg?fit=1307%2C1960&ssl=1","width":1307,"height":1960},{"@type":"BreadcrumbList","@id":"https:\/\/naturalbohemia.cz\/product\/carbon-box-110\/#breadcrumb","itemListElement":[{"@type":"ListItem","position":1,"name":"Dom\u016f","item":"https:\/\/naturalbohemia.cz\/"},{"@type":"ListItem","position":2,"name":"obchod","item":"https:\/\/naturalbohemia.cz\/en\/shop\/"},{"@type":"ListItem","position":3,"name":"CARBON box 110g"}]},{"@type":"WebSite","@id":"https:\/\/naturalbohemia.cz\/en\/#website","url":"https:\/\/naturalbohemia.cz\/en\/","name":"Natural Bohemia","description":"v\u00fdroba \u0159emesln\u00fdch m\u00fddel tvo\u0159en\u00fdch s v\u00e1\u0161n\u00ed","publisher":{"@id":"https:\/\/naturalbohemia.cz\/en\/#organization"},"potentialAction":[{"@type":"SearchAction","target":{"@type":"EntryPoint","urlTemplate":"https:\/\/naturalbohemia.cz\/en\/?s={search_term_string}"},"query-input":{"@type":"PropertyValueSpecification","valueRequired":true,"valueName":"search_term_string"}}],"inLanguage":"en-US"},{"@type":"Organization","@id":"https:\/\/naturalbohemia.cz\/en\/#organization","name":"Natural Bohemia","url":"https:\/\/naturalbohemia.cz\/en\/","logo":{"@type":"ImageObject","inLanguage":"en-US","@id":"https:\/\/naturalbohemia.cz\/en\/#\/schema\/logo\/image\/","url":"https:\/\/naturalbohemia.cz\/wp-content\/uploads\/2021\/01\/NB_logo_v4.png","contentUrl":"https:\/\/naturalbohemia.cz\/wp-content\/uploads\/2021\/01\/NB_logo_v4.png","width":2000,"height":789,"caption":"Natural Bohemia"},"image":{"@id":"https:\/\/naturalbohemia.cz\/en\/#\/schema\/logo\/image\/"},"sameAs":["https:\/\/www.facebook.com\/naturalbohemia\/","https:\/\/www.instagram.com\/naturalbohemia\/"]}]}},"jetpack_sharing_enabled":true,"_links":{"self":[{"href":"https:\/\/naturalbohemia.cz\/en\/wp-json\/wp\/v2\/product\/813","targetHints":{"allow":["GET"]}}],"collection":[{"href":"https:\/\/naturalbohemia.cz\/en\/wp-json\/wp\/v2\/product"}],"about":[{"href":"https:\/\/naturalbohemia.cz\/en\/wp-json\/wp\/v2\/types\/product"}],"replies":[{"embeddable":true,"href":"https:\/\/naturalbohemia.cz\/en\/wp-json\/wp\/v2\/comments?post=813"}],"wp:featuredmedia":[{"embeddable":true,"href":"https:\/\/naturalbohemia.cz\/en\/wp-json\/wp\/v2\/media\/935"}],"wp:attachment":[{"href":"https:\/\/naturalbohemia.cz\/en\/wp-json\/wp\/v2\/media?parent=813"}],"wp:term":[{"taxonomy":"product_brand","embeddable":true,"href":"https:\/\/naturalbohemia.cz\/en\/wp-json\/wp\/v2\/product_brand?post=813"},{"taxonomy":"product_cat","embeddable":true,"href":"https:\/\/naturalbohemia.cz\/en\/wp-json\/wp\/v2\/product_cat?post=813"},{"taxonomy":"product_tag","embeddable":true,"href":"https:\/\/naturalbohemia.cz\/en\/wp-json\/wp\/v2\/product_tag?post=813"}],"curies":[{"name":"wp","href":"https:\/\/api.w.org\/{rel}","templated":true}]}}